{"id":1256,"date":"2017-02-18T15:34:35","date_gmt":"2017-02-18T14:34:35","guid":{"rendered":"http:\/\/klubmamgdynia.pl\/index.php\/produkt\/small-foot-4-w-rzedzie-xxl-active\/"},"modified":"2026-04-23T20:34:52","modified_gmt":"2026-04-23T18:34:52","slug":"small-foot-4-w-rzedzie-xxl-active","status":"publish","type":"product","link":"http:\/\/klubmamgdynia.pl\/index.php\/produkt\/small-foot-4-w-rzedzie-xxl-active\/","title":{"rendered":"Small Foot 4 W Rz\u0119dzie XXL &#8211; Active"},"content":{"rendered":"<p>Gra logiczna dla dzieci 6w1 rz\u0119dzieGra logiczna dla dzieci 4w1 rz\u0119dzie to zabawa dla wszystkich aktywnych dzieci. Ta klasyczna gra \u201eCztery w rz\u0119dzie\u201d wykonana jest z wytrzyma\u0142ego drewna. Jej format XXL zapewnia du\u017co zabawy dla dzieci i doros\u0142ych. Tutaj musisz spr\u00f3bowa\u0107 logicznie, z pe\u0142n\u0105 koncentracj\u0105 umie\u015bci\u0107 cztery kawa\u0142ki tego samego koloru w rz\u0119dzie.Czasami to nie lada wyzwanie!Wi\u0119ksze kawa\u0142ki mo\u017cna \u0142atwo z\u0142apa\u0107 i zaoferowa\u0107 wszystkim graczom dobry ogl\u0105d na wyniki. Ta zabawna gra rekreacyjna jest r\u00f3wnie\u017c idealna do gry na \u015bwie\u017cym powietrzu oraz w domu! Spodoba si\u0119 ka\u017cdemu.Podstawowe korzy\u015bcidobra zabawarozw\u00f3j zdolno\u015bci manualnychrozw\u00f3j zdolno\u015bci ruchowychrozw\u00f3j sprawno\u015bci r\u0105kpoprawa kreatywno\u015bciDane techniczneWymiary: 57 x 4 x 43 cm Wiek: 3+<\/p>\n<h2>Small Foot 4 W Rz\u0119dzie XXL &#8211; Active Small Foot<\/h2>\n<p>kolorowanka harry potter, dyplom do druku, znaczenie imienia paula, ninjago kolorowanka, warszawa atrakcje dla m\u0142odzie\u017cy, p\u0142atki \u015bniegu szablon, zagadki matematyczne, co kupi\u0107 dziewczynce na roczek, \u0142atwe zagadki, glupie zagadki, m\u00f3j przyjaciel mi\u015b scenariusz zaj\u0119\u0107 w przedszkolu, \u015bw przemys\u0142aw, julian<\/p>\n<p>yyyyy<\/p>\n<p>&nbsp;<\/p>\n","protected":false},"excerpt":{"rendered":"<p>Gra logiczna dla dzieci 6w1 rz\u0119dzieGra logiczna dla dzieci 4w1 rz\u0119dzie to zabawa dla wszystkich aktywnych dzieci. Ta klasyczna gra \u201eCztery w rz\u0119dzie\u201d wykonana jest z wytrzyma\u0142ego drewna. Jej format XXL zapewnia du\u017co zabawy dla dzieci i doros\u0142ych. Tutaj musisz spr\u00f3bowa\u0107 logicznie, z pe\u0142n\u0105 koncentracj\u0105 umie\u015bci\u0107 cztery kawa\u0142ki tego samego koloru w rz\u0119dzie.Czasami to nie [&hellip;]<\/p>\n","protected":false},"featured_media":1257,"comment_status":"closed","ping_status":"open","template":"","meta":[],"product_cat":[373,372],"product_tag":[802,606,760,820],"class_list":["post-1256","product","type-product","status-publish","has-post-thumbnail","hentry","product_cat-lamiglowki","product_cat-small-foot","product_tag-co-kupic-dziewczynce-na-roczek","product_tag-stala-pod-sniegiem","product_tag-zagadka-matematyczna","product_tag-ziemia-wyspa-zielona-tekst"],"_links":{"self":[{"href":"http:\/\/klubmamgdynia.pl\/index.php\/wp-json\/wp\/v2\/product\/1256","targetHints":{"allow":["GET"]}}],"collection":[{"href":"http:\/\/klubmamgdynia.pl\/index.php\/wp-json\/wp\/v2\/product"}],"about":[{"href":"http:\/\/klubmamgdynia.pl\/index.php\/wp-json\/wp\/v2\/types\/product"}],"replies":[{"embeddable":true,"href":"http:\/\/klubmamgdynia.pl\/index.php\/wp-json\/wp\/v2\/comments?post=1256"}],"wp:featuredmedia":[{"embeddable":true,"href":"http:\/\/klubmamgdynia.pl\/index.php\/wp-json\/wp\/v2\/media\/1257"}],"wp:attachment":[{"href":"http:\/\/klubmamgdynia.pl\/index.php\/wp-json\/wp\/v2\/media?parent=1256"}],"wp:term":[{"taxonomy":"product_cat","embeddable":true,"href":"http:\/\/klubmamgdynia.pl\/index.php\/wp-json\/wp\/v2\/product_cat?post=1256"},{"taxonomy":"product_tag","embeddable":true,"href":"http:\/\/klubmamgdynia.pl\/index.php\/wp-json\/wp\/v2\/product_tag?post=1256"}],"curies":[{"name":"wp","href":"https:\/\/api.w.org\/{rel}","templated":true}]}}