{"id":1258,"date":"2014-03-26T07:33:59","date_gmt":"2014-03-26T06:33:59","guid":{"rendered":"http:\/\/klubmamgdynia.pl\/index.php\/produkt\/formatex-wish-me-niebieski-interaktywny-jednorozec-wme233\/"},"modified":"2026-04-28T13:27:52","modified_gmt":"2026-04-28T11:27:52","slug":"formatex-wish-me-niebieski-interaktywny-jednorozec-wme233","status":"publish","type":"product","link":"http:\/\/klubmamgdynia.pl\/index.php\/produkt\/formatex-wish-me-niebieski-interaktywny-jednorozec-wme233\/","title":{"rendered":"Formatex Wish Me Niebieski Interaktywny Jednoro\u017cec Wme233"},"content":{"rendered":"<p>WISH ME Niebieski interaktywny jednoro\u017cec. Przywitaj si\u0119 z magicznym Wish Me Jednoro\u017ccem, a on zaraz zareaguje jak prawdziwy przyjaciel. Wish Me to pluszowy interaktywny Jednoro\u017cec, za pomoc\u0105 kt\u00f3rego dzieci mog\u0105 sk\u0142ada\u0107 \u017cyczenia, kt\u00f3re chcia\u0142yby, aby si\u0119 wydarzy\u0142y.Kiedy poca\u0142ujesz Jednoro\u017cca w nos i z\u0142o\u017cysz \u017cyczenie, r\u00f3g Jednoro\u017cca si\u0119 za\u015bwieci. Aby go wy\u0142\u0105czy\u0107, wystarczy, \u017ce na niego dmuchniesz. Pluszak Wish Me ma 4 miejsca dotykowe, dzi\u0119ki kt\u00f3rym wydaje r\u00f3\u017cne d\u017awi\u0119ki. Zbierz r\u00f3\u017cowego i niebieskiego jednoro\u017cca.Zaprojektowany z wysokiej jako\u015bci materia\u0142\u00f3w. Wbudowane \u015bwiate\u0142ko LED. Zabawka przeznaczona jest dla dzieci w wieku od 3 lat. Producent: FORMATEX Kod producenta: FOR 233IT Wymiary opakowania: \u00d7\u00d7cm<\/p>\n<h2>Formatex Wish Me Niebieski Interaktywny Jednoro\u017cec Wme233 Formatex<\/h2>\n<p>gwiazdka do druku, kolorowanka dla dzieci, zabawy dla 6 latk\u00f3w, bajki terapeutyczne o emocjach pdf<\/p>\n<p>yyyyy<\/p>\n<p>&nbsp;<\/p>\n","protected":false},"excerpt":{"rendered":"<p>WISH ME Niebieski interaktywny jednoro\u017cec. Przywitaj si\u0119 z magicznym Wish Me Jednoro\u017ccem, a on zaraz zareaguje jak prawdziwy przyjaciel. Wish Me to pluszowy interaktywny Jednoro\u017cec, za pomoc\u0105 kt\u00f3rego dzieci mog\u0105 sk\u0142ada\u0107 \u017cyczenia, kt\u00f3re chcia\u0142yby, aby si\u0119 wydarzy\u0142y.Kiedy poca\u0142ujesz Jednoro\u017cca w nos i z\u0142o\u017cysz \u017cyczenie, r\u00f3g Jednoro\u017cca si\u0119 za\u015bwieci. Aby go wy\u0142\u0105czy\u0107, wystarczy, \u017ce na niego [&hellip;]<\/p>\n","protected":false},"featured_media":1259,"comment_status":"closed","ping_status":"open","template":"","meta":[],"product_cat":[161,39],"product_tag":[777,776,870,774,616,714],"class_list":["post-1258","product","type-product","status-publish","has-post-thumbnail","hentry","product_cat-formatex","product_cat-zabawki-interaktywne","product_tag-co-na-roczek","product_tag-dobrej-nocy","product_tag-prezent-dla-chlopca-na-roczek","product_tag-prezent-na-roczek-nie-zabawka","product_tag-test-mikolajek-25-pytan","product_tag-zagadki-logiczne"],"_links":{"self":[{"href":"http:\/\/klubmamgdynia.pl\/index.php\/wp-json\/wp\/v2\/product\/1258","targetHints":{"allow":["GET"]}}],"collection":[{"href":"http:\/\/klubmamgdynia.pl\/index.php\/wp-json\/wp\/v2\/product"}],"about":[{"href":"http:\/\/klubmamgdynia.pl\/index.php\/wp-json\/wp\/v2\/types\/product"}],"replies":[{"embeddable":true,"href":"http:\/\/klubmamgdynia.pl\/index.php\/wp-json\/wp\/v2\/comments?post=1258"}],"wp:featuredmedia":[{"embeddable":true,"href":"http:\/\/klubmamgdynia.pl\/index.php\/wp-json\/wp\/v2\/media\/1259"}],"wp:attachment":[{"href":"http:\/\/klubmamgdynia.pl\/index.php\/wp-json\/wp\/v2\/media?parent=1258"}],"wp:term":[{"taxonomy":"product_cat","embeddable":true,"href":"http:\/\/klubmamgdynia.pl\/index.php\/wp-json\/wp\/v2\/product_cat?post=1258"},{"taxonomy":"product_tag","embeddable":true,"href":"http:\/\/klubmamgdynia.pl\/index.php\/wp-json\/wp\/v2\/product_tag?post=1258"}],"curies":[{"name":"wp","href":"https:\/\/api.w.org\/{rel}","templated":true}]}}