{"id":126,"date":"2022-03-05T03:31:44","date_gmt":"2022-03-05T02:31:44","guid":{"rendered":"http:\/\/klubmamgdynia.pl\/index.php\/produkt\/import-leantoys-interaktywna-kierownica-rozowa-na-nozce-dzwieki-swiatla-miasteczko-labirynt-kulka\/"},"modified":"2026-05-17T22:03:47","modified_gmt":"2026-05-17T20:03:47","slug":"import-leantoys-interaktywna-kierownica-rozowa-na-nozce-dzwieki-swiatla-miasteczko-labirynt-kulka","status":"publish","type":"product","link":"http:\/\/klubmamgdynia.pl\/index.php\/produkt\/import-leantoys-interaktywna-kierownica-rozowa-na-nozce-dzwieki-swiatla-miasteczko-labirynt-kulka\/","title":{"rendered":"Import Leantoys Interaktywna Kierownica R\u00f3\u017cowa Na N\u00f3\u017cce D\u017awi\u0119ki \u015awiat\u0142a Miasteczko Labirynt Kulka"},"content":{"rendered":"<p>Interaktywna Kierownica R\u00f3\u017cowa Na N\u00f3\u017cce D\u017awi\u0119ki \u015awiat\u0142a Miasteczko Labirynt Kulka Interaktywna kierownica to niesamowity prezent dla ka\u017cdego dziecka, kt\u00f3re chce si\u0119 sprawdzi\u0107 w roli kierowcy. Zabawka sprawia mn\u00f3stwo frajdy, ale tak\u017ce wp\u0142ywa pozytywnie na rozw\u00f3j malucha.Kierownica jest w kolorystyce r\u00f3\u017cowo-mi\u0119towej. Ca\u0142a kierownica ma 9 przycisk\u00f3w w tym dwa kierunkowskazy, klakson oraz sygna\u0142y s\u0142u\u017cb ratunkowych. Wystarczy, \u017ce przekr\u0119ci kluczyk startu i mo\u017ce rozpocz\u0105\u0107 zabaw\u0119 ! Zegary na kierownicy pod\u015bwietlaj\u0105 si\u0119 na niebiesko. Wygl\u0105d oraz diody sprawi\u0105, \u017ce maluch poczuje si\u0119 jak na prawdziwej ulicy, prowadz\u0105c swoje autko. Kierownica pasuje idealnie do r\u0105czki malucha. Czas na symulacje jazdy w wykonaniu Twojego dziecka.Naciskaj\u0105c kolejno przyciski, bardzo \u0142atwo dziecko nauczy si\u0119 podstawowych zasad ruchu drogowego. Ka\u017cdy przycisk to inna funkcja, po naci\u015bni\u0119ciu jednego z nich us\u0142yszymy s\u0142owa po angielsku t\u0142umacz\u0105ce po kolei znaczenie.Kierunkowskazy brzmi\u0105 jak w prawdziwym aucie, co dodaje realizmu zabawce. Teraz Twoje dziecko mo\u017ce prowadzi\u0107 samoch\u00f3d razem z Tob\u0105.W zestawie znajduje si\u0119 tak\u017ce labirynt miasteczko z kulka. Umieszczony zosta\u0142 na podstawce, obracaj\u0105c nim, mo\u017ce zmieni\u0107 po\u0142o\u017cenie kulki. Jest te\u017c inny spos\u00f3b sterowania! Za pomoc\u0105 kabla USB mo\u017ce po\u0142\u0105czy\u0107 ze sob\u0105 kierownic\u0119 z labiryntem, od teraz kierownic\u0105 mo\u017cna sterowa\u0107 przemieszczanie si\u0119 kulki. Czas na wyzwanie, aby kulka trafi\u0142a do mety. Zabawa od malucha b\u0119dzie wymaga\u0107 nie lada skupienia, logicznego my\u015blenia i wyobra\u017ani, w jakim spos\u00f3b ma trafi\u0107 do celu.Czas na przeja\u017cd\u017ck\u0119!Wymiary kierownicy:\u015brednica 25 cmwysoko\u015b\u0107 4 cmWymiary labiryntu: \u015brednica 20 cmwysoko\u015b\u0107 8 cmWymiary ca\u0142ej zabawki: 25 cm x 25 cm x 12 cmWymiary opakowania:50 cm x 30 cm x 10 cmPrezentowana zabawka przeznaczona jest dla wszystkich dzieci powy\u017cej 3 roku \u017cycia. Wykonana jest z bezpiecznych dla maluszk\u00f3w, atestowanych materia\u0142\u00f3w, dzi\u0119ki czemu posiada certyfikat CE. Zestaw bardzo efektownie i estetycznie wykonany. By dziecko mog\u0142o korzysta\u0107 ze wszystkich funkcji zabawki, nale\u017cy umie\u015bci\u0107 w niej trzy sztuki baterii AA 1,5 V, kt\u00f3re nie s\u0105 do\u0142\u0105czone do zestawu.<\/p>\n<h2>Import Leantoys Interaktywna Kierownica R\u00f3\u017cowa Na N\u00f3\u017cce D\u017awi\u0119ki \u015awiat\u0142a Miasteczko Labirynt Kulka Lean Toys<\/h2>\n<p>quizy ma\u0142y ksi\u0105\u017c\u0119, literki do druku, dzieci cytaty, m\u0105dre \u017cyczenia \u015bwi\u0105teczne, miasto dzieci, kr\u00f3tkie czytanki dla dzieci do wydruku, kolysanki tekst, filmy wigilijne dla dzieci<\/p>\n<p>yyyyy<\/p>\n<p>&nbsp;<\/p>\n","protected":false},"excerpt":{"rendered":"<p>Interaktywna Kierownica R\u00f3\u017cowa Na N\u00f3\u017cce D\u017awi\u0119ki \u015awiat\u0142a Miasteczko Labirynt Kulka Interaktywna kierownica to niesamowity prezent dla ka\u017cdego dziecka, kt\u00f3re chce si\u0119 sprawdzi\u0107 w roli kierowcy. Zabawka sprawia mn\u00f3stwo frajdy, ale tak\u017ce wp\u0142ywa pozytywnie na rozw\u00f3j malucha.Kierownica jest w kolorystyce r\u00f3\u017cowo-mi\u0119towej. Ca\u0142a kierownica ma 9 przycisk\u00f3w w tym dwa kierunkowskazy, klakson oraz sygna\u0142y s\u0142u\u017cb ratunkowych. Wystarczy, [&hellip;]<\/p>\n","protected":false},"featured_media":127,"comment_status":"closed","ping_status":"open","template":"","meta":[],"product_cat":[73,39],"product_tag":[871,781,774,682,579],"class_list":["post-126","product","type-product","status-publish","has-post-thumbnail","hentry","product_cat-lean-toys","product_cat-zabawki-interaktywne","product_tag-bajka-o-smoku-wawelskim","product_tag-cytaty-o-wychowaniu-dzieci","product_tag-prezent-na-roczek-nie-zabawka","product_tag-przyjazn-cytaty","product_tag-quiz-opowiesci-z-narnii-lew-czarownica-i-stara-szafa"],"_links":{"self":[{"href":"http:\/\/klubmamgdynia.pl\/index.php\/wp-json\/wp\/v2\/product\/126","targetHints":{"allow":["GET"]}}],"collection":[{"href":"http:\/\/klubmamgdynia.pl\/index.php\/wp-json\/wp\/v2\/product"}],"about":[{"href":"http:\/\/klubmamgdynia.pl\/index.php\/wp-json\/wp\/v2\/types\/product"}],"replies":[{"embeddable":true,"href":"http:\/\/klubmamgdynia.pl\/index.php\/wp-json\/wp\/v2\/comments?post=126"}],"wp:featuredmedia":[{"embeddable":true,"href":"http:\/\/klubmamgdynia.pl\/index.php\/wp-json\/wp\/v2\/media\/127"}],"wp:attachment":[{"href":"http:\/\/klubmamgdynia.pl\/index.php\/wp-json\/wp\/v2\/media?parent=126"}],"wp:term":[{"taxonomy":"product_cat","embeddable":true,"href":"http:\/\/klubmamgdynia.pl\/index.php\/wp-json\/wp\/v2\/product_cat?post=126"},{"taxonomy":"product_tag","embeddable":true,"href":"http:\/\/klubmamgdynia.pl\/index.php\/wp-json\/wp\/v2\/product_tag?post=126"}],"curies":[{"name":"wp","href":"https:\/\/api.w.org\/{rel}","templated":true}]}}