{"id":1260,"date":"2011-04-17T04:25:31","date_gmt":"2011-04-17T02:25:31","guid":{"rendered":"http:\/\/klubmamgdynia.pl\/index.php\/produkt\/trefl-roar-lap-potwora-01267\/"},"modified":"2026-04-04T02:32:55","modified_gmt":"2026-04-04T00:32:55","slug":"trefl-roar-lap-potwora-01267","status":"publish","type":"product","link":"http:\/\/klubmamgdynia.pl\/index.php\/produkt\/trefl-roar-lap-potwora-01267\/","title":{"rendered":"Trefl Roar! \u0141ap Potwora 01267"},"content":{"rendered":"<p>Trefl Gra Roar! \u0141ap Potwora D\u017awi\u0119kowa Gra Planszowa<\/p>\n<p>            Opis produktu:<\/p>\n<p>Porzucone laboratorium, w kt\u00f3rym uwi\u0119zione s\u0105 3 zmutowane potwory zostaje odkryte przez grup\u0119 naukowc\u00f3w. Naukowcy postanawiaj\u0105 zaopiekowa\u0107 si\u0119 m\u0142odymi stworami. Nie b\u0119dzie to jednak takie proste\u2026 Wciel si\u0119 w rol\u0119 jednego z naukowc\u00f3w. Poruszaj si\u0119 po planszy podzielonej na liczne trasy, dzielnicy i budynki i nas\u0142uchuj charakterystycznych dla poszczeg\u00f3lnych obiekt\u00f3w d\u017awi\u0119k\u00f3w. To b\u0119dzie Twoja jedyna wskaz\u00f3wka. A mo\u017ce wolisz kontrolowa\u0107 ruchy potwora? Wtedy we\u017a do r\u0119ki urz\u0105dzenie mobilne i poruszaj si\u0119 po tych samych polach co naukowcy, jednak jego ruchy mo\u017cna obserwowa\u0107 jedynie na ekranie. Aby namierzy\u0107 uciekiniera, naukowcy musz\u0105 bardzo uwa\u017cnie ws\u0142uchiwa\u0107 si\u0119 w d\u017awi\u0119ki miasta. Uwaga: Do gry potrzebne jest urz\u0105dzenie mobilne w postaci smartfona lub tabletu.                            <\/p>\n<p>            Zalety:<\/p>\n<p>Pierwsza hybrydowa gra planszowa dla ca\u0142ej rodzinyPe\u0142na emocji zabawaWciel si\u0119 w role potwora lub naukowca i udaj si\u0119 w niezwyk\u0142\u0105 podr\u00f3\u017c przez miasto                            <\/p>\n<p>            Zestaw zawiera:<\/p>\n<p>Dwustronna plansza3 piony naukowc\u00f3w3 karty naukowc\u00f3w3 karty potwor\u00f3w3 plansze namierzania12 \u017ceton\u00f3w namierzaniaPion CzasuInstrukcja<\/p>\n<h2>Trefl Roar! \u0141ap Potwora 01267 Trefl<\/h2>\n<p>bajki terapeutyczne o emocjach, maska karnawa\u0142owa pdf, proste dekoracje \u015bwi\u0105teczne dla dzieci, kolorowanki do druku super zings, mi\u0142osz imie, myszka miki kolorowanka, motylek<\/p>\n<p>yyyyy<\/p>\n<p>&nbsp;<\/p>\n","protected":false},"excerpt":{"rendered":"<p>Trefl Gra Roar! \u0141ap Potwora D\u017awi\u0119kowa Gra Planszowa Opis produktu: Porzucone laboratorium, w kt\u00f3rym uwi\u0119zione s\u0105 3 zmutowane potwory zostaje odkryte przez grup\u0119 naukowc\u00f3w. Naukowcy postanawiaj\u0105 zaopiekowa\u0107 si\u0119 m\u0142odymi stworami. Nie b\u0119dzie to jednak takie proste\u2026 Wciel si\u0119 w rol\u0119 jednego z naukowc\u00f3w. Poruszaj si\u0119 po planszy podzielonej na liczne trasy, dzielnicy i budynki i [&hellip;]<\/p>\n","protected":false},"featured_media":1261,"comment_status":"closed","ping_status":"open","template":"","meta":[],"product_cat":[130,104],"product_tag":[720,589,860],"class_list":["post-1260","product","type-product","status-publish","has-post-thumbnail","hentry","product_cat-gry-dzieciece","product_cat-trefl","product_tag-malowanki","product_tag-prezent-dla-rocznego-dziecka","product_tag-zagadki-logiczne-dla-doroslych"],"_links":{"self":[{"href":"http:\/\/klubmamgdynia.pl\/index.php\/wp-json\/wp\/v2\/product\/1260","targetHints":{"allow":["GET"]}}],"collection":[{"href":"http:\/\/klubmamgdynia.pl\/index.php\/wp-json\/wp\/v2\/product"}],"about":[{"href":"http:\/\/klubmamgdynia.pl\/index.php\/wp-json\/wp\/v2\/types\/product"}],"replies":[{"embeddable":true,"href":"http:\/\/klubmamgdynia.pl\/index.php\/wp-json\/wp\/v2\/comments?post=1260"}],"wp:featuredmedia":[{"embeddable":true,"href":"http:\/\/klubmamgdynia.pl\/index.php\/wp-json\/wp\/v2\/media\/1261"}],"wp:attachment":[{"href":"http:\/\/klubmamgdynia.pl\/index.php\/wp-json\/wp\/v2\/media?parent=1260"}],"wp:term":[{"taxonomy":"product_cat","embeddable":true,"href":"http:\/\/klubmamgdynia.pl\/index.php\/wp-json\/wp\/v2\/product_cat?post=1260"},{"taxonomy":"product_tag","embeddable":true,"href":"http:\/\/klubmamgdynia.pl\/index.php\/wp-json\/wp\/v2\/product_tag?post=1260"}],"curies":[{"name":"wp","href":"https:\/\/api.w.org\/{rel}","templated":true}]}}