{"id":1262,"date":"2020-05-23T06:40:52","date_gmt":"2020-05-23T04:40:52","guid":{"rendered":"http:\/\/klubmamgdynia.pl\/index.php\/produkt\/gra-planszowa-jedzie-pociag-z-daleka\/"},"modified":"2026-04-04T09:37:51","modified_gmt":"2026-04-04T07:37:51","slug":"gra-planszowa-jedzie-pociag-z-daleka","status":"publish","type":"product","link":"http:\/\/klubmamgdynia.pl\/index.php\/produkt\/gra-planszowa-jedzie-pociag-z-daleka\/","title":{"rendered":"Gra planszowa Jedzie Poci\u0105g Z Daleka"},"content":{"rendered":"<p>Jedzie poci\u0105g z daleka to kafelkowa gra kolejkowa dla ca\u0142ej rodzinyZa pomoc\u0105 kafelk\u00f3w budujesz sie\u0107 tor\u00f3w, po kt\u00f3rej je\u017cd\u017c\u0105 twoje lokomotywy. Ka\u017cda z nich musi dotrze\u0107 do innego miasta. Im szybciej tam dotrze, tym wi\u0119cej punkt\u00f3w zdob\u0119dziesz. Obserwuj lokomotywy innych graczy i pilnuj, aby nie dojecha\u0142y do stacji przed tob\u0105!Proste zasady gry!Dok\u0142adaj\u0105c kolejne kafelki z torami, budujesz sie\u0107 kolejow\u0105 dla swoich 4 lokomotyw.Zdob\u0119dziesz punkty, gdy kt\u00f3ra\u015b z twoich lokomotyw dotrze do stacji. Pierwszy gracz, kt\u00f3ry odwiedzi dane miasto, zdob\u0119dzie najwi\u0119cej punkt\u00f3w. Staraj si\u0119 wi\u0119c doje\u017cd\u017ca\u0107 do stacji przed innymi graczami!Uwaga! Je\u015bli Twoje lokomotywy znajd\u0105 si\u0119 na tym samym torze, zderz\u0105 si\u0119 i zostan\u0105 usuni\u0119te z gry! Musisz wi\u0119c w przemy\u015blany spos\u00f3b budowa\u0107 swoj\u0105 sie\u0107 kolejow\u0105.Zawarto\u015b\u0107 pude\u0142ka:16 drewnianych lokomotyw4 plansze graczy60 kafelk\u00f3w w 4 rodzajachDodatkowe informacje:Liczba graczy: 1 &#8211; 4 os\u00f3bWiek: od 7 latAutor: Jeffrey D. AllersWydawca: Wydawnictwo Nasza Ksi\u0119garniaIlustracje: Nikola Kucharska<\/p>\n<h2>Gra planszowa Jedzie Poci\u0105g Z Daleka Nasza Ksi\u0119garnia<\/h2>\n<p>serce kolorowanka, najtrudniejsze zagadki, \u0142amig\u0142\u00f3wki matematyczne, zabawy na dzie\u0144 dziecka w szkole, pomys\u0142 na prima aprilis, zadania logiczne, bursztynek bursztynek, atrakcje we wroc\u0142awiu dla dzieci<\/p>\n<p>yyyyy<\/p>\n<p>&nbsp;<\/p>\n","protected":false},"excerpt":{"rendered":"<p>Jedzie poci\u0105g z daleka to kafelkowa gra kolejkowa dla ca\u0142ej rodzinyZa pomoc\u0105 kafelk\u00f3w budujesz sie\u0107 tor\u00f3w, po kt\u00f3rej je\u017cd\u017c\u0105 twoje lokomotywy. Ka\u017cda z nich musi dotrze\u0107 do innego miasta. Im szybciej tam dotrze, tym wi\u0119cej punkt\u00f3w zdob\u0119dziesz. Obserwuj lokomotywy innych graczy i pilnuj, aby nie dojecha\u0142y do stacji przed tob\u0105!Proste zasady gry!Dok\u0142adaj\u0105c kolejne kafelki z [&hellip;]<\/p>\n","protected":false},"featured_media":1263,"comment_status":"closed","ping_status":"open","template":"","meta":[],"product_cat":[235,374],"product_tag":[845,609,695,713],"class_list":["post-1262","product","type-product","status-publish","has-post-thumbnail","hentry","product_cat-gry-planszowe","product_cat-nasza-ksiegarnia","product_tag-ach-spij-kochanie-tekst","product_tag-quiz-flagi-europy","product_tag-rzadkie-imiona-zenskie","product_tag-zagadki-logiczne-z-odpowiedziami"],"_links":{"self":[{"href":"http:\/\/klubmamgdynia.pl\/index.php\/wp-json\/wp\/v2\/product\/1262","targetHints":{"allow":["GET"]}}],"collection":[{"href":"http:\/\/klubmamgdynia.pl\/index.php\/wp-json\/wp\/v2\/product"}],"about":[{"href":"http:\/\/klubmamgdynia.pl\/index.php\/wp-json\/wp\/v2\/types\/product"}],"replies":[{"embeddable":true,"href":"http:\/\/klubmamgdynia.pl\/index.php\/wp-json\/wp\/v2\/comments?post=1262"}],"wp:featuredmedia":[{"embeddable":true,"href":"http:\/\/klubmamgdynia.pl\/index.php\/wp-json\/wp\/v2\/media\/1263"}],"wp:attachment":[{"href":"http:\/\/klubmamgdynia.pl\/index.php\/wp-json\/wp\/v2\/media?parent=1262"}],"wp:term":[{"taxonomy":"product_cat","embeddable":true,"href":"http:\/\/klubmamgdynia.pl\/index.php\/wp-json\/wp\/v2\/product_cat?post=1262"},{"taxonomy":"product_tag","embeddable":true,"href":"http:\/\/klubmamgdynia.pl\/index.php\/wp-json\/wp\/v2\/product_tag?post=1262"}],"curies":[{"name":"wp","href":"https:\/\/api.w.org\/{rel}","templated":true}]}}