{"id":1264,"date":"2013-08-21T23:28:43","date_gmt":"2013-08-21T21:28:43","guid":{"rendered":"http:\/\/klubmamgdynia.pl\/index.php\/produkt\/gra-planszowa-lacerta-wyspa-skye-wedrowiec\/"},"modified":"2026-04-03T20:11:34","modified_gmt":"2026-04-03T18:11:34","slug":"gra-planszowa-lacerta-wyspa-skye-wedrowiec","status":"publish","type":"product","link":"http:\/\/klubmamgdynia.pl\/index.php\/produkt\/gra-planszowa-lacerta-wyspa-skye-wedrowiec\/","title":{"rendered":"Gra planszowa Lacerta Wyspa Skye: W\u0119drowiec"},"content":{"rendered":"<p>Wyspa Skye: W\u0119drowiec to rozszerzenie, kt\u00f3re w znacznym stopniu urozmaica rozgrywk\u0119. Podczas gry, znacznie bardziej ni\u017c do tej pory, liczy\u0107 b\u0119dzie si\u0119 to, jakie \u017cetony zdobywasz i jak je uk\u0142adasz. Po terytorium twojego klanu porusza\u0107 si\u0119 b\u0119dzie w\u0119drowiec, kt\u00f3ry mo\u017ce dostarczy\u0107 sporo korzy\u015bci, o ile m\u0105drze zaplanujesz jego podr\u00f3\u017c przez kr\u00f3lestwo.Ruszaj w podr\u00f3\u017c po swoich w\u0142o\u015bciach!By\u0107 kr\u00f3lem to jedno, natomiast rz\u0105dzi\u0107 kr\u00f3lestwem, to zupe\u0142nie co innego. Bez pomocy si\u0119 nie obejdziesz. Pot\u0119\u017cni wojownicy musz\u0105 sta\u0107 na stra\u017cy prawa i broni\u0107 kr\u00f3lestwa przed zagro\u017ceniami, sprytni kupcy dba\u0107, aby kr\u00f3lewski skarbiec by\u0142 pe\u0142ny po brzegi, a bystrzy heroldowie rozs\u0142awia\u0107 i mi\u0119 Waszej Ekscelencji na wszelkich ziemiach. Przygotowanie tego wszystkiego jest kluczem do sukcesu!Na szcz\u0119\u015bcie, tw\u00f3j najbardziej zaufany przyjaciel zgodzi\u0142 si\u0119 rozpocz\u0105\u0107 w\u0119dr\u00f3wk\u0119 przez kr\u00f3lestwo, aby wykona\u0107 t\u0119 brudn\u0105 robot\u0119 za ciebie. Ty mo\u017cesz wi\u0119c skupi\u0107 si\u0119 przede wszystkim na byciu kr\u00f3lem..Wyspa Skye: W\u0119drowiec to rozszerzenie, kt\u00f3re w znacznym stopniu urozmaica rozgrywk\u0119. Podczas gry, znacznie bardziej ni\u017c do tej pory, liczy\u0107 b\u0119dzie si\u0119 to, jakie \u017cetony zdobywasz i jak je uk\u0142adasz. Po terytorium twojego klanu porusza\u0107 si\u0119 b\u0119dzie w\u0119drowiec, kt\u00f3ry mo\u017ce dostarczy\u0107 sporo korzy\u015bci, o ile m\u0105drze zaplanujesz jego podr\u00f3\u017c przez kr\u00f3lestwo.Zawarto\u015b\u0107 pude\u0142ka:5 plansz post\u0119pu30 znacznik\u00f3w post\u0119pu5 pionk\u00f3w w\u0119drowc\u00f3w45 \u017ceton\u00f3w premii15 \u017ceton\u00f3w drogi5 \u017ceton\u00f3w 50\/100 punkt\u00f3w zwyci\u0119stwa4 \u017cetony punktacji8 \u017ceton\u00f3w terenu7 \u017ceton\u00f3w monetDodatkowe informacje:Autor: Andreas Pelikan, Alexander PfisterWydawca: LacertaIlustracje: Klemens FranzWydanie: polskieUwaga! To nie jest samodzielna gra! Do rozgrywki wymagana jest podstawowa wersja gry: Wyspa Skye.<\/p>\n<h2>Gra planszowa Lacerta Wyspa Skye: W\u0119drowiec Lacerta<\/h2>\n<p>kwiatek kwiaty do druku szablony, kuba imie, iwo imie, jak namalowa\u0107 kota, wz\u00f3r drzewo genealogiczne szablon do wydruku, karty pracy dla dzieci z ukrainy do druku, quizy dla przedszkolak\u00f3w, rymowane zagadki, imie aron, zagadki logiczne dla dzieci 10 lat do druku, dyplomy do wydrukowania a4<\/p>\n<p>yyyyy<\/p>\n<p>&nbsp;<\/p>\n","protected":false},"excerpt":{"rendered":"<p>Wyspa Skye: W\u0119drowiec to rozszerzenie, kt\u00f3re w znacznym stopniu urozmaica rozgrywk\u0119. Podczas gry, znacznie bardziej ni\u017c do tej pory, liczy\u0107 b\u0119dzie si\u0119 to, jakie \u017cetony zdobywasz i jak je uk\u0142adasz. Po terytorium twojego klanu porusza\u0107 si\u0119 b\u0119dzie w\u0119drowiec, kt\u00f3ry mo\u017ce dostarczy\u0107 sporo korzy\u015bci, o ile m\u0105drze zaplanujesz jego podr\u00f3\u017c przez kr\u00f3lestwo.Ruszaj w podr\u00f3\u017c po swoich [&hellip;]<\/p>\n","protected":false},"featured_media":1265,"comment_status":"closed","ping_status":"open","template":"","meta":[],"product_cat":[235,375],"product_tag":[775,624,620,843],"class_list":["post-1264","product","type-product","status-publish","has-post-thumbnail","hentry","product_cat-gry-planszowe","product_cat-lacerta","product_tag-kolorowanki-do-druku-pokemon","product_tag-krotkie-zagadki","product_tag-quiz-opowiesci-z-narnii","product_tag-smieszne-zagadki-dla-dzieci"],"_links":{"self":[{"href":"http:\/\/klubmamgdynia.pl\/index.php\/wp-json\/wp\/v2\/product\/1264","targetHints":{"allow":["GET"]}}],"collection":[{"href":"http:\/\/klubmamgdynia.pl\/index.php\/wp-json\/wp\/v2\/product"}],"about":[{"href":"http:\/\/klubmamgdynia.pl\/index.php\/wp-json\/wp\/v2\/types\/product"}],"replies":[{"embeddable":true,"href":"http:\/\/klubmamgdynia.pl\/index.php\/wp-json\/wp\/v2\/comments?post=1264"}],"wp:featuredmedia":[{"embeddable":true,"href":"http:\/\/klubmamgdynia.pl\/index.php\/wp-json\/wp\/v2\/media\/1265"}],"wp:attachment":[{"href":"http:\/\/klubmamgdynia.pl\/index.php\/wp-json\/wp\/v2\/media?parent=1264"}],"wp:term":[{"taxonomy":"product_cat","embeddable":true,"href":"http:\/\/klubmamgdynia.pl\/index.php\/wp-json\/wp\/v2\/product_cat?post=1264"},{"taxonomy":"product_tag","embeddable":true,"href":"http:\/\/klubmamgdynia.pl\/index.php\/wp-json\/wp\/v2\/product_tag?post=1264"}],"curies":[{"name":"wp","href":"https:\/\/api.w.org\/{rel}","templated":true}]}}