{"id":1266,"date":"2023-04-20T18:47:27","date_gmt":"2023-04-20T16:47:27","guid":{"rendered":"http:\/\/klubmamgdynia.pl\/?post_type=product&#038;p=1266"},"modified":"2026-04-28T23:10:45","modified_gmt":"2026-04-28T21:10:45","slug":"small-foot-zestaw-tosterow-smacznego-zabawka","status":"publish","type":"product","link":"http:\/\/klubmamgdynia.pl\/index.php\/produkt\/small-foot-zestaw-tosterow-smacznego-zabawka\/","title":{"rendered":"Small Foot Zestaw Toster\u00f3w Smacznego &#8211; Zabawka"},"content":{"rendered":"<p>Szczeg\u00f3\u0142y produktu: Wiek: od 3 lat Toster z funkcj\u0105 Pop-Up Wykonane z naturalnego drewna Pokr\u0119t\u0142o temperatury z d\u017awi\u0119kiem klikni\u0119cia Tablic\u0119 \u015bniadaniow\u0105 mo\u017cna powiesi\u0107 w kuchni dzieci\u0119cej W modern en i dyskretnych kolorach Wymiary i waga: Wymiary tostera (d\u0142ugo\u015b\u0107 x szeroko\u015b\u0107 x wysoko\u015b\u0107): 20 x 7,5 x 12 cm Wymiary tablicy (d\u0142ugo\u015b\u0107 x szeroko\u015b\u0107 x wysoko\u015b\u0107): 16 x 10 x 1 cm Materia\u0142 i piel\u0119gnacja: Materia\u0142: drewno W zestawie: 1 x n\u00f3\u017c 1 x p\u0142yta 1 x mas\u0142o 1 x d\u017cem Kromki tost\u00f3w Ostrze\u017cenia i instrukcje dotycz\u0105ce bezpiecze\u0144stwa: Uwaga: Nieodpowiednie dla dzieci poni\u017cej 3 lat. Ma\u0142e cz\u0119\u015bci. Zagro\u017cenie ud\u0142awieniem.<\/p>\n<h2>Small Foot Zestaw Toster\u00f3w Smacznego &#8211; Zabawka Small Foot<\/h2>\n<p>test z lektury ten obcy, imi\u0119 miriam, urodziny dziecka pomys\u0142y, karty pracy po ukrai\u0144sku, zaproszenia na urodziny do wydruku czarno bia\u0142e, pomys\u0142y na pakowanie prezent\u00f3w, eneduerabe, oliwier, carmen imie, opisy o rodzinie, nietypowe atrakcje dla dzieci<\/p>\n<p>yyyyy<\/p>\n<p>&nbsp;<\/p>\n","protected":false},"excerpt":{"rendered":"<p>Szczeg\u00f3\u0142y produktu: Wiek: od 3 lat Toster z funkcj\u0105 Pop-Up Wykonane z naturalnego drewna Pokr\u0119t\u0142o temperatury z d\u017awi\u0119kiem klikni\u0119cia Tablic\u0119 \u015bniadaniow\u0105 mo\u017cna powiesi\u0107 w kuchni dzieci\u0119cej W modern en i dyskretnych kolorach Wymiary i waga: Wymiary tostera (d\u0142ugo\u015b\u0107 x szeroko\u015b\u0107 x wysoko\u015b\u0107): 20 x 7,5 x 12 cm Wymiary tablicy (d\u0142ugo\u015b\u0107 x szeroko\u015b\u0107 x wysoko\u015b\u0107): [&hellip;]<\/p>\n","protected":false},"featured_media":1267,"comment_status":"closed","ping_status":"open","template":"","meta":[],"product_cat":[53,372],"product_tag":[677,764,739,793],"class_list":["post-1266","product","type-product","status-publish","has-post-thumbnail","hentry","product_cat-kaciki-zabaw","product_cat-small-foot","product_tag-milosz-imie","product_tag-prezenty-na-roczek-dla-dziewczynki","product_tag-prima-aprilis-w-szkole","product_tag-zagadki-smieszne-podchwytliwe"],"_links":{"self":[{"href":"http:\/\/klubmamgdynia.pl\/index.php\/wp-json\/wp\/v2\/product\/1266","targetHints":{"allow":["GET"]}}],"collection":[{"href":"http:\/\/klubmamgdynia.pl\/index.php\/wp-json\/wp\/v2\/product"}],"about":[{"href":"http:\/\/klubmamgdynia.pl\/index.php\/wp-json\/wp\/v2\/types\/product"}],"replies":[{"embeddable":true,"href":"http:\/\/klubmamgdynia.pl\/index.php\/wp-json\/wp\/v2\/comments?post=1266"}],"wp:featuredmedia":[{"embeddable":true,"href":"http:\/\/klubmamgdynia.pl\/index.php\/wp-json\/wp\/v2\/media\/1267"}],"wp:attachment":[{"href":"http:\/\/klubmamgdynia.pl\/index.php\/wp-json\/wp\/v2\/media?parent=1266"}],"wp:term":[{"taxonomy":"product_cat","embeddable":true,"href":"http:\/\/klubmamgdynia.pl\/index.php\/wp-json\/wp\/v2\/product_cat?post=1266"},{"taxonomy":"product_tag","embeddable":true,"href":"http:\/\/klubmamgdynia.pl\/index.php\/wp-json\/wp\/v2\/product_tag?post=1266"}],"curies":[{"name":"wp","href":"https:\/\/api.w.org\/{rel}","templated":true}]}}