{"id":1268,"date":"2017-04-30T22:54:43","date_gmt":"2017-04-30T20:54:43","guid":{"rendered":"http:\/\/klubmamgdynia.pl\/index.php\/produkt\/viking-toys-ecoline-straz-pozarna-jumbo\/"},"modified":"2026-04-05T23:48:02","modified_gmt":"2026-04-05T21:48:02","slug":"viking-toys-ecoline-straz-pozarna-jumbo","status":"publish","type":"product","link":"http:\/\/klubmamgdynia.pl\/index.php\/produkt\/viking-toys-ecoline-straz-pozarna-jumbo\/","title":{"rendered":"Viking Toys Ecoline Stra\u017c Po\u017carna Jumbo"},"content":{"rendered":"<p>Jumbo z serii Ecoline Viking Toys. Ecoline to nowa wyj\u0105tkowa seria przygotowana z dba\u0142o\u015bci\u0105 o \u015brodowisko naturalne. Przygotowuj\u0105c zabawki wykonane z zielonego polietylenu zwi\u0119kszamy ilo\u015b\u0107 surowc\u00f3w zdatnych do recyklingu. Zielony polietylen jest przygotowywany z trzciny cukrowej, kt\u00f3ra ro\u015bnie jedynie w Brazylii. Ca\u0142a seria zosta\u0142a jednocze\u015bnie przygotowana zgodnie ze wszystkimi bazowymi warto\u015bciami Viking Toys -pojazdy cechuj\u0105 si\u0119 wysok\u0105 jako\u015bci\u0105 wykonania, brakiem ostrych kraw\u0119dzi, wytrzyma\u0142o\u015bci&#8230;<\/p>\n<h2>Viking Toys Ecoline Stra\u017c Po\u017carna Jumbo Viking Toys<\/h2>\n<p>prezenty dla nastolatk\u00f3w, quiz online, m\u00f3j przyjaciel mi\u015b scenariusz zaj\u0119\u0107 w przedszkolu, ja\u015bmina imie, kolorowanki pieski, imi\u0119 leon, prezent roczek, trudne zagadki i odpowiedzi, prezent dla roczniaka, kolorowanki kotki, opisy o rodzinie, najpi\u0119kniejsze cytaty cytaty dla mamy, zagadki dla dzieci logiczne, lol kolorowanka, narodziny dziecka cytaty, pole dyniowe pozna\u0144, rysowanki, rysunki do druku<\/p>\n<p>yyyyy<\/p>\n<p>&nbsp;<\/p>\n","protected":false},"excerpt":{"rendered":"<p>Jumbo z serii Ecoline Viking Toys. Ecoline to nowa wyj\u0105tkowa seria przygotowana z dba\u0142o\u015bci\u0105 o \u015brodowisko naturalne. Przygotowuj\u0105c zabawki wykonane z zielonego polietylenu zwi\u0119kszamy ilo\u015b\u0107 surowc\u00f3w zdatnych do recyklingu. Zielony polietylen jest przygotowywany z trzciny cukrowej, kt\u00f3ra ro\u015bnie jedynie w Brazylii. Ca\u0142a seria zosta\u0142a jednocze\u015bnie przygotowana zgodnie ze wszystkimi bazowymi warto\u015bciami Viking Toys -pojazdy cechuj\u0105 [&hellip;]<\/p>\n","protected":false},"featured_media":1269,"comment_status":"closed","ping_status":"open","template":"","meta":[],"product_cat":[83,359],"product_tag":[870,629,608,633],"class_list":["post-1268","product","type-product","status-publish","has-post-thumbnail","hentry","product_cat-auta-i-inne-pojazdy-do-zabawy","product_cat-viking-toys","product_tag-prezent-dla-chlopca-na-roczek","product_tag-smieszne-zagadki-z-odpowiedziami","product_tag-zagadki-i-odpowiedzi","product_tag-zagadki-z-odpowiedziami"],"_links":{"self":[{"href":"http:\/\/klubmamgdynia.pl\/index.php\/wp-json\/wp\/v2\/product\/1268","targetHints":{"allow":["GET"]}}],"collection":[{"href":"http:\/\/klubmamgdynia.pl\/index.php\/wp-json\/wp\/v2\/product"}],"about":[{"href":"http:\/\/klubmamgdynia.pl\/index.php\/wp-json\/wp\/v2\/types\/product"}],"replies":[{"embeddable":true,"href":"http:\/\/klubmamgdynia.pl\/index.php\/wp-json\/wp\/v2\/comments?post=1268"}],"wp:featuredmedia":[{"embeddable":true,"href":"http:\/\/klubmamgdynia.pl\/index.php\/wp-json\/wp\/v2\/media\/1269"}],"wp:attachment":[{"href":"http:\/\/klubmamgdynia.pl\/index.php\/wp-json\/wp\/v2\/media?parent=1268"}],"wp:term":[{"taxonomy":"product_cat","embeddable":true,"href":"http:\/\/klubmamgdynia.pl\/index.php\/wp-json\/wp\/v2\/product_cat?post=1268"},{"taxonomy":"product_tag","embeddable":true,"href":"http:\/\/klubmamgdynia.pl\/index.php\/wp-json\/wp\/v2\/product_tag?post=1268"}],"curies":[{"name":"wp","href":"https:\/\/api.w.org\/{rel}","templated":true}]}}