{"id":1272,"date":"2017-04-01T02:57:27","date_gmt":"2017-04-01T00:57:27","guid":{"rendered":"http:\/\/klubmamgdynia.pl\/index.php\/produkt\/meteor-072-wika-granatowy-kapcie-klapki-damskie\/"},"modified":"2026-04-06T15:39:49","modified_gmt":"2026-04-06T13:39:49","slug":"meteor-072-wika-granatowy-kapcie-klapki-damskie","status":"publish","type":"product","link":"http:\/\/klubmamgdynia.pl\/index.php\/produkt\/meteor-072-wika-granatowy-kapcie-klapki-damskie\/","title":{"rendered":"METEOR 072 WIKA granatowy, kapcie\/klapki damskie"},"content":{"rendered":"<p>Kapcie\/klapki damskie. Kolekcja Natural Style firmy Meteor. Przewiewna, tekstylna cholewka. Elastyczne, nie zostawiaj\u0105ce \u015blad\u00f3w podeszwy.<\/p>\n<h2>METEOR 072 WIKA granatowy, kapcie\/klapki damskie Meteor<\/h2>\n<p>materac do basenu, tupu tup po \u015bniegu tekst, kornelia, gabriel imi\u0119, imi\u0119 alan, zosia samosia wiersz, ko\u0142ysanka dla dzieci tekst, zabawy dla 6 latk\u00f3w<\/p>\n<p>yyyyy<\/p>\n<p>&nbsp;<\/p>\n","protected":false},"excerpt":{"rendered":"<p>Kapcie\/klapki damskie. Kolekcja Natural Style firmy Meteor. Przewiewna, tekstylna cholewka. Elastyczne, nie zostawiaj\u0105ce \u015blad\u00f3w podeszwy. METEOR 072 WIKA granatowy, kapcie\/klapki damskie Meteor materac do basenu, tupu tup po \u015bniegu tekst, kornelia, gabriel imi\u0119, imi\u0119 alan, zosia samosia wiersz, ko\u0142ysanka dla dzieci tekst, zabawy dla 6 latk\u00f3w yyyyy &nbsp;<\/p>\n","protected":false},"featured_media":1273,"comment_status":"closed","ping_status":"open","template":"","meta":[],"product_cat":[321,320],"product_tag":[700,716,581],"class_list":["post-1272","product","type-product","status-publish","has-post-thumbnail","hentry","product_cat-kapcie-damskie","product_cat-meteor","product_tag-bajki-do-czytania-dla-dzieci","product_tag-filmy-animowane-o-swietach","product_tag-zagadki-dla-8-latka"],"_links":{"self":[{"href":"http:\/\/klubmamgdynia.pl\/index.php\/wp-json\/wp\/v2\/product\/1272","targetHints":{"allow":["GET"]}}],"collection":[{"href":"http:\/\/klubmamgdynia.pl\/index.php\/wp-json\/wp\/v2\/product"}],"about":[{"href":"http:\/\/klubmamgdynia.pl\/index.php\/wp-json\/wp\/v2\/types\/product"}],"replies":[{"embeddable":true,"href":"http:\/\/klubmamgdynia.pl\/index.php\/wp-json\/wp\/v2\/comments?post=1272"}],"wp:featuredmedia":[{"embeddable":true,"href":"http:\/\/klubmamgdynia.pl\/index.php\/wp-json\/wp\/v2\/media\/1273"}],"wp:attachment":[{"href":"http:\/\/klubmamgdynia.pl\/index.php\/wp-json\/wp\/v2\/media?parent=1272"}],"wp:term":[{"taxonomy":"product_cat","embeddable":true,"href":"http:\/\/klubmamgdynia.pl\/index.php\/wp-json\/wp\/v2\/product_cat?post=1272"},{"taxonomy":"product_tag","embeddable":true,"href":"http:\/\/klubmamgdynia.pl\/index.php\/wp-json\/wp\/v2\/product_tag?post=1272"}],"curies":[{"name":"wp","href":"https:\/\/api.w.org\/{rel}","templated":true}]}}