{"id":1274,"date":"2017-06-15T16:24:03","date_gmt":"2017-06-15T14:24:03","guid":{"rendered":"http:\/\/klubmamgdynia.pl\/index.php\/produkt\/epee-frozen-magiczny-pamietnik-elsy\/"},"modified":"2026-04-17T08:00:32","modified_gmt":"2026-04-17T06:00:32","slug":"epee-frozen-magiczny-pamietnik-elsy","status":"publish","type":"product","link":"http:\/\/klubmamgdynia.pl\/index.php\/produkt\/epee-frozen-magiczny-pamietnik-elsy\/","title":{"rendered":"Epee Frozen Magiczny Pami\u0119tnik Elsy"},"content":{"rendered":"<p>Przepi\u0119knie wydany pami\u0119tnik, kt\u00f3ry pomie\u015bci sekrety ka\u017cdej ma\u0142ej ksi\u0119\u017cniczki!Na ok\u0142adce znajduje si\u0119 \u015bnie\u017cynka, po kt\u00f3rejwci\u015bni\u0119ciu pami\u0119tnik mieni si\u0119 \u015bwiate\u0142kami!Produkt wymaga baterii (w zestawie).Informacje o produkcieNr katalogowyEP-87405PLMarka (Zabawki) FrozenObszar (nauka i rozw\u00f3j) Art. szkolne i papierniczeRodzaj (nauka i rozw\u00f3j) Pami\u0119tnikiWymagania wiekowe od 3 latP\u0142e\u0107 (zabawki) DziewczynkiPozosta\u0142e parametryWymiary opakowania: 33 x 18 x 2.5 cm<\/p>\n<h2>Epee Frozen Magiczny Pami\u0119tnik Elsy Epee<\/h2>\n<p>\u015bwinka peppa kolorowanka do druku, karnawa\u0142 maska karnawa\u0142owa szablon, zagadki \u015bmieszne, jak narysowac kota, fajne prezenty dla nastolatk\u00f3w, kolorowanki andrzejki do wydruku, alan znaczenie imienia, jak narysowa\u0107 anio\u0142ka<\/p>\n<p>yyyyy<\/p>\n<p>&nbsp;<\/p>\n","protected":false},"excerpt":{"rendered":"<p>Przepi\u0119knie wydany pami\u0119tnik, kt\u00f3ry pomie\u015bci sekrety ka\u017cdej ma\u0142ej ksi\u0119\u017cniczki!Na ok\u0142adce znajduje si\u0119 \u015bnie\u017cynka, po kt\u00f3rejwci\u015bni\u0119ciu pami\u0119tnik mieni si\u0119 \u015bwiate\u0142kami!Produkt wymaga baterii (w zestawie).Informacje o produkcieNr katalogowyEP-87405PLMarka (Zabawki) FrozenObszar (nauka i rozw\u00f3j) Art. szkolne i papierniczeRodzaj (nauka i rozw\u00f3j) Pami\u0119tnikiWymagania wiekowe od 3 latP\u0142e\u0107 (zabawki) DziewczynkiPozosta\u0142e parametryWymiary opakowania: 33 x 18 x 2.5 cm Epee Frozen [&hellip;]<\/p>\n","protected":false},"featured_media":1275,"comment_status":"closed","ping_status":"open","template":"","meta":[],"product_cat":[49,325],"product_tag":[664,706,652,629,672],"class_list":["post-1274","product","type-product","status-publish","has-post-thumbnail","hentry","product_cat-epee","product_cat-szkolne-artykuly-papiernicze","product_tag-atrakcje-dla-dzieci-trojmiasto","product_tag-imie-kuba","product_tag-otto","product_tag-smieszne-zagadki-z-odpowiedziami","product_tag-trudne-zagadki-z-odpowiedziami"],"_links":{"self":[{"href":"http:\/\/klubmamgdynia.pl\/index.php\/wp-json\/wp\/v2\/product\/1274","targetHints":{"allow":["GET"]}}],"collection":[{"href":"http:\/\/klubmamgdynia.pl\/index.php\/wp-json\/wp\/v2\/product"}],"about":[{"href":"http:\/\/klubmamgdynia.pl\/index.php\/wp-json\/wp\/v2\/types\/product"}],"replies":[{"embeddable":true,"href":"http:\/\/klubmamgdynia.pl\/index.php\/wp-json\/wp\/v2\/comments?post=1274"}],"wp:featuredmedia":[{"embeddable":true,"href":"http:\/\/klubmamgdynia.pl\/index.php\/wp-json\/wp\/v2\/media\/1275"}],"wp:attachment":[{"href":"http:\/\/klubmamgdynia.pl\/index.php\/wp-json\/wp\/v2\/media?parent=1274"}],"wp:term":[{"taxonomy":"product_cat","embeddable":true,"href":"http:\/\/klubmamgdynia.pl\/index.php\/wp-json\/wp\/v2\/product_cat?post=1274"},{"taxonomy":"product_tag","embeddable":true,"href":"http:\/\/klubmamgdynia.pl\/index.php\/wp-json\/wp\/v2\/product_tag?post=1274"}],"curies":[{"name":"wp","href":"https:\/\/api.w.org\/{rel}","templated":true}]}}