{"id":1276,"date":"2021-10-20T17:38:45","date_gmt":"2021-10-20T15:38:45","guid":{"rendered":"http:\/\/klubmamgdynia.pl\/index.php\/produkt\/kings-bounty-ii-edycja-kolekcjonerska-gra-xbox-series-x\/"},"modified":"2026-04-06T11:33:04","modified_gmt":"2026-04-06T09:33:04","slug":"kings-bounty-ii-edycja-kolekcjonerska-gra-xbox-series-x","status":"publish","type":"product","link":"http:\/\/klubmamgdynia.pl\/index.php\/produkt\/kings-bounty-ii-edycja-kolekcjonerska-gra-xbox-series-x\/","title":{"rendered":"King&#8217;s Bounty II Edycja Kolekcjonerska (Gra Xbox Series X)"},"content":{"rendered":"<p>Kings Bounty II to d\u0142ugo wyczekiwana kontynuacja legendarnego turowego RPG King\u2019s Bounty. Niezwykle wci\u0105gaj\u0105ca rozgrywka, w kt\u00f3rej liczy si\u0119 ka\u017cda decyzja, czy dotycz\u0105ca dowodzenia armi\u0105 walcz\u0105c\u0105 z nieumar\u0142\u0105 groz\u0105, czy te\u017c budowania relacji z mieszka\u0144cami miasta.<br \/>\n \u00a0                            <\/p>\n<p>\u00a0Wcielaj\u0105c si\u0119 w jednego z trzech bohater\u00f3w, z kt\u00f3rych ka\u017cdy ma swoj\u0105 w\u0142asn\u0105 wyj\u0105tkow\u0105 histori\u0119, gracze wyruszaj\u0105 w nieliniow\u0105 podr\u00f3\u017c po otwartym i szczeg\u00f3\u0142owym \u015bwiecie fantasy. Rozgrywka podzielona jest na dwie odr\u0119bne fazy. W pierwszej gracze przemierzaj\u0105 fantastyczn\u0105 krain\u0119, obserwuj\u0105c j\u0105 z trzecioosobowej perspektywy, przyjmuj\u0105 misje, odkrywaj\u0105 tajemnice dziczy i poznaj\u0105 napotkane osoby. Gdy zachodzi jednak potrzeba si\u0119gni\u0119cia po bro\u0144, gra przechodzi w drug\u0105 faz\u0119 rozgrywki \u2013 taktyczn\u0105, turow\u0105 walk\u0119, w kt\u00f3rej zwyci\u0119stwo zale\u017cy od m\u0105drego wykorzystywania posiadanych jednostek.<br \/>\n\u00a0                             <\/p>\n<p>\u00a0W rozleg\u0142ej krainie Antary pojawi\u0142o si\u0119 ogromne zagro\u017cenie. Tajemnicza zaraza zaatakowa\u0142a jej najdalsze rubie\u017ce. Zepsucie toczy tamtejsze ziemie i wszystko, co na nich \u017cyje. Uchod\u017acy z dotkni\u0119tych region\u00f3w zacz\u0119li nap\u0142ywa\u0107 do kr\u00f3lestwa Nostrii, co spowodowa\u0142o niedobory \u017cywno\u015bci i zasob\u00f3w. Stworzenia zniekszta\u0142cone przez zaraz\u0119 grasuj\u0105 wolno, siej\u0105c chaos i zniszczenie wsz\u0119dzie tam, gdzie si\u0119 pojawi\u0105. Kraina walczy o przetrwanie, dlatego ka\u017cda podj\u0119ta przez gracza decyzja b\u0119dzie istotna jak nigdy dot\u0105d. Jaka przysz\u0142o\u015b\u0107 czeka Antar\u0119?\u00a0                            <\/p>\n<p>\u00a0                            <\/p>\n<p>Interaktywna i filmowa opowie\u015b\u0107 \u2013 Opowiedziane z filmowym rozmachem King\u2019s Bounty 2 k\u0142adzie nacisk na czyny, a nie s\u0142owa. Zgodnie z tradycjami klasycznych gier RPG, gracze cz\u0119sto mierz\u0105 si\u0119 z trudnymi moralnie wyborami, z kt\u00f3rymi wi\u0105\u017c\u0105 si\u0119 dalekosi\u0119\u017cne konsekwencje dla los\u00f3w kr\u00f3lestwa. Jednak wybory te nie polegaj\u0105 na prostym wskazaniu jednej z kilku opcji dialogowych \u2013 najwi\u0119ksze znaczenie maj\u0105 podj\u0119te przez graczy czyny.\u00a0                            <\/p>\n<p>Istotne krajobrazy \u2013 Gdy gracze rozpoczynaj\u0105 walk\u0119, pole bitwy odzwierciedla t\u0119 cz\u0119\u015b\u0107 mapy \u015bwiata, kt\u00f3r\u0105 w danej chwili przemierzaj\u0105. Wymusza to uwzgl\u0119dnianie otoczenia podczas planowania potyczek, by minimalizowa\u0107 ryzyko lub wykorzysta\u0107 je w celu uzyskania przewagi.Wyj\u0105tkowe po\u0142\u0105czenie realizmu i fantasy \u2013 Gra pozwala przemierzy\u0107 rozleg\u0142y, fantastyczny \u015bwiat, kt\u00f3ry sprawnie \u0142\u0105czy znane i lubiane motywy fantasy z twardym realizmem, dzi\u0119ki czemu gracze staj\u0105 si\u0119 cz\u0119\u015bci\u0105 konfliktu wstrz\u0105saj\u0105cego ca\u0142\u0105 krain\u0105.\u00a0                            <\/p>\n<p>Koniec z p\u0142askimi arenami \u2013 Realistyczne, wolumetryczne pola bitew s\u0105 teraz integraln\u0105 cz\u0119\u015bci\u0105 walki w King\u2019s Bounty 2. Na mapach potyczek znale\u017a\u0107 mo\u017cna wiele zr\u00f3\u017cnicowanych przeszk\u00f3d i element\u00f3w krajobrazu, kt\u00f3re zwi\u0119kszaj\u0105 taktyczne mo\u017cliwo\u015bci \u2013 od w\u0105woz\u00f3w i wzg\u00f3rz po wozy i wiele innych obiekt\u00f3w. Od teraz ka\u017cdej bitwie towarzyszy wyj\u0105tkowy zestaw taktycznych wad i zalet.\u00a0                            <\/p>\n<p>Nowy system rozwoju postaci \u2013 W King\u2019s Bounty 2 gracze maj\u0105 do wyboru trzy postacie, z kt\u00f3rych ka\u017cda ma w\u0142asn\u0105 wyj\u0105tkow\u0105 histori\u0119. Podczas przemierzania krainy ich opowie\u015bci zmieniaj\u0105 si\u0119 w odpowiedzi na idee (si\u0142a, sztuka, porz\u0105dek i anarchia), kt\u00f3rym ho\u0142duj\u0105. Wybory te nie tylko zmieni\u0105 spos\u00f3b, w jaki reagowa\u0107 b\u0119d\u0105 postacie niezale\u017cne, ale wywr\u0105 te\u017c wymierny wp\u0142yw na ca\u0142y \u015bwiat.                            <\/p>\n<p>Wyj\u0105tkowe dru\u017cyny \u2013 Ka\u017cda dru\u017cyna sk\u0142ada si\u0119 z niepowtarzalnych jednostek o wyj\u0105tkowych umiej\u0119tno\u015bciach i wygl\u0105dzie. Armie tworzone przez graczy sk\u0142adaj\u0105 si\u0119 nie z bezimiennych rekrut\u00f3w, lecz z ludzi, elf\u00f3w, trolli i innych istot, kt\u00f3rzy sp\u0119dzili wi\u0119kszo\u015b\u0107 swoich przyg\u00f3d, walcz\u0105c rami\u0119 w rami\u0119 i tworz\u0105c \u0142\u0105cz\u0105c\u0105 ich wi\u0119\u017a.\u00a0                            <\/p>\n<p>Taktyczna g\u0142\u0119bia pola bitwy \u2013 King\u2019s Bounty 2 wprowadza do serii wiele nowych taktycznych element\u00f3w, takich jak linia wzroku, by zapewni\u0107 znacznie g\u0142\u0119bsz\u0105 i bogatsz\u0105 rozgrywk\u0119. Niespodziewane wydarzenia taktyczne wyst\u0119puj\u0105ce w trakcie bitwy zmusz\u0105 graczy do nieustannej czujno\u015bci.\u00a0                            <\/p>\n<p>\u00a0W wydaniu kolekcjonerskim Kings Bounty II znajdzie si\u0119:replika kr\u00f3lewskiej korony<br \/>\ndwustronny plakat<br \/>\n36-stronicowy artbook w twardej oprawie<br \/>\n\u015bcie\u017cka d\u017awi\u0119kowa\u00a0                            <\/p>\n<p>\u00a0<\/p>\n<h2>Kings Bounty II Edycja Kolekcjonerska (Gra Xbox Series X) 1C Company<\/h2>\n<p>jednoro\u017cec kolorowanka do druku, prezent dla dziewczynki na roczek, smok wawelski kolorowanka, karaluchy pod poduchy, podchwytliwe zagadki, trudne zagadki i odpowiedzi, co na roczek, bajeczki na dobranoc<\/p>\n<p>yyyyy<\/p>\n<p>&nbsp;<\/p>\n","protected":false},"excerpt":{"rendered":"<p>Kings Bounty II to d\u0142ugo wyczekiwana kontynuacja legendarnego turowego RPG King\u2019s Bounty. Niezwykle wci\u0105gaj\u0105ca rozgrywka, w kt\u00f3rej liczy si\u0119 ka\u017cda decyzja, czy dotycz\u0105ca dowodzenia armi\u0105 walcz\u0105c\u0105 z nieumar\u0142\u0105 groz\u0105, czy te\u017c budowania relacji z mieszka\u0144cami miasta. \u00a0 \u00a0Wcielaj\u0105c si\u0119 w jednego z trzech bohater\u00f3w, z kt\u00f3rych ka\u017cdy ma swoj\u0105 w\u0142asn\u0105 wyj\u0105tkow\u0105 histori\u0119, gracze wyruszaj\u0105 w [&hellip;]<\/p>\n","protected":false},"featured_media":1277,"comment_status":"closed","ping_status":"open","template":"","meta":[],"product_cat":[376,377],"product_tag":[845,828,759,769,873],"class_list":["post-1276","product","type-product","status-publish","has-post-thumbnail","hentry","product_cat-1c-company","product_cat-gry-xbox-series-x","product_tag-ach-spij-kochanie-tekst","product_tag-filmy-wigilijne-dla-dzieci","product_tag-pomysly-na-prezent-dla-nastolatkow","product_tag-psi-patrol-do-czytania","product_tag-zagadki-z-odpowiedziami-dla-dzieci"],"_links":{"self":[{"href":"http:\/\/klubmamgdynia.pl\/index.php\/wp-json\/wp\/v2\/product\/1276","targetHints":{"allow":["GET"]}}],"collection":[{"href":"http:\/\/klubmamgdynia.pl\/index.php\/wp-json\/wp\/v2\/product"}],"about":[{"href":"http:\/\/klubmamgdynia.pl\/index.php\/wp-json\/wp\/v2\/types\/product"}],"replies":[{"embeddable":true,"href":"http:\/\/klubmamgdynia.pl\/index.php\/wp-json\/wp\/v2\/comments?post=1276"}],"wp:featuredmedia":[{"embeddable":true,"href":"http:\/\/klubmamgdynia.pl\/index.php\/wp-json\/wp\/v2\/media\/1277"}],"wp:attachment":[{"href":"http:\/\/klubmamgdynia.pl\/index.php\/wp-json\/wp\/v2\/media?parent=1276"}],"wp:term":[{"taxonomy":"product_cat","embeddable":true,"href":"http:\/\/klubmamgdynia.pl\/index.php\/wp-json\/wp\/v2\/product_cat?post=1276"},{"taxonomy":"product_tag","embeddable":true,"href":"http:\/\/klubmamgdynia.pl\/index.php\/wp-json\/wp\/v2\/product_tag?post=1276"}],"curies":[{"name":"wp","href":"https:\/\/api.w.org\/{rel}","templated":true}]}}