{"id":1278,"date":"2021-09-12T13:10:18","date_gmt":"2021-09-12T11:10:18","guid":{"rendered":"http:\/\/klubmamgdynia.pl\/index.php\/produkt\/dying-light-2-deluxe-edition-gra-xbox-series-x\/"},"modified":"2026-05-17T22:57:27","modified_gmt":"2026-05-17T20:57:27","slug":"dying-light-2-deluxe-edition-gra-xbox-series-x","status":"publish","type":"product","link":"http:\/\/klubmamgdynia.pl\/index.php\/produkt\/dying-light-2-deluxe-edition-gra-xbox-series-x\/","title":{"rendered":"Dying Light 2 Deluxe Edition (Gra Xbox Series X)"},"content":{"rendered":"<p>WITAJ<br \/>\nW \u015aWIECIE DYING LIGHT 2<br \/>\nPonad dwadzie\u015bcia lat temu walczyli\u015bmy z wirusem w Harranie. Przegrali\u015bmy. Teraz, w Mie\u015bcie, przegrywamy ponownie. Konflikt podzieli\u0142 jedn\u0105 z ostatnich wielkich osad, a cywilizacja cofn\u0119\u0142a si\u0119 do wiek\u00f3w ciemnych. Mimo to nadzieja nas nie opuszcza..                            <\/p>\n<p>Jeste\u015b w\u0119drowcem dzier\u017c\u0105cym moc, dzi\u0119ki kt\u00f3rej mo\u017cesz zmieni\u0107 losy Miasta. Jednak twoje nadzwyczajne zdolno\u015bci maj\u0105 swoj\u0105 cen\u0119. Przesz\u0142o\u015b\u0107 pozostawi\u0142a w tobie niejasne wspomnienia, kt\u00f3rych nie jeste\u015b w stanie rozszyfrowa\u0107, a droga ku prawdzie wiedzie ci\u0119 w sam \u015brodek wojny. Doskonal swoje umiej\u0119tno\u015bci, bo, \u017ceby pokona\u0107 wrog\u00f3w oraz zyska\u0107 sojusznik\u00f3w, b\u0119dziesz potrzebowa\u0107 zar\u00f3wno si\u0142y, jak i sprytu. Odkryj mroczne sekrety tych, kt\u00f3rzy s\u0105 u w\u0142adzy, wybierz, po kt\u00f3rej stronie chcesz stan\u0105\u0107 i stw\u00f3rz swoje przeznaczenie. Jednak bez wzgl\u0119du na to, dok\u0105d zaprowadz\u0105 ci\u0119 twoje czyny, musisz pami\u0119ta\u0107 o jednym \u2013 pozosta\u0144 cz\u0142owiekiem.                            <\/p>\n<p>ROZLEG\u0141Y OTWARTY \u015aWIAT<br \/>\nWe\u017a udzia\u0142 w \u017cyciu pogr\u0105\u017conego w nowych wiekach ciemnych miasta. Eksploruj jego pi\u0119tra, poziomy oraz r\u00f3\u017cnorodne lokacje i odkryj nowe \u015bcie\u017cki i ukryte przej\u015bcia.                            <\/p>\n<p>WYBORY I KONSEKWENCJE<br \/>\nKszta\u0142tuj wygl\u0105d oraz przysz\u0142o\u015b\u0107 Miasta za pomoc\u0105 swoich wybor\u00f3w i czyn\u00f3w. Zdecyduj, komu pomo\u017cesz w narastaj\u0105cym konflikcie i sta\u0144 si\u0119 kowalem w\u0142asnych do\u015bwiadcze\u0144.                            <\/p>\n<p>CYKL DNIA I NOCY<br \/>\nPoczekaj na zmrok, aby przeszuka\u0107 kryj\u00f3wki zainfekowanych. \u015awiat\u0142o s\u0142oneczne trzyma je w cieniach budynk\u00f3w, ale noc\u0105 potwory wychodz\u0105 na \u017cer, pozostawiaj\u0105c swoje legowiska puste.                            <\/p>\n<p>KREATYWNA I BRUTALNA WALKA<br \/>\nWykorzystuj parkour, aby zyska\u0107 przewag\u0119 nawet podczas najbrutalniejszych star\u0107. Spryt, pu\u0142apki i pomys\u0142owe bronie pomog\u0105 ci przechyli\u0107 szal\u0119 zwyci\u0119stwa na twoj\u0105 stron\u0119.                            <\/p>\n<p>TRYB KOOPERACJI DLA 2-4 GRACZY<br \/>\nGraj w trybie kooperacji z maksymalnie 3 innymi graczami. Tw\u00f3rz w\u0142asne gry lub do\u0142\u0105czaj do ju\u017c istniej\u0105cych i sprawd\u017a, do czego doprowadzi\u0142y wybory inne ni\u017c twoje.                            <\/p>\n<p>Deluxe Edition zawiera                            <\/p>\n<p>Dying Light 2 Stay HumanNowa historia w postaci DLCSpecjalne breloki do broni                            <\/p>\n<p>Pakiet Sk\u00f3rek \u201eLegendary\u201dTapety gotowe do drukuCyfrowy komiks, artbook i soundtrack                            <\/p>\n<p>ZOBACZ TRAILER DYING LIGHT 2: STAY HUMANUda\u0142o ci si\u0119 prze\u017cy\u0107 Harran, ale nadchodzi co\u015b wi\u0119cej. \u015awiat si\u0119 zmieni\u0142 i potrzebuje ci\u0119 bardziej ni\u017c kiedykolwiek. Ju\u017c dzi\u015b zag\u0142\u0119b si\u0119 w najnowsz\u0105 rozgrywk\u0119 Dying Light 2.<\/p>\n<h2>Dying Light 2 Deluxe Edition (Gra Xbox Series X) Techland<\/h2>\n<p>planety do druku dla dzieci, plac zabaw warszawa, opowie\u015bci z narnii lew czarownica i stara szafa test do wydruku, antystresowe mandale do druku, zagadki dla dzieci do druku<\/p>\n<p>yyyyy<\/p>\n<p>&nbsp;<\/p>\n","protected":false},"excerpt":{"rendered":"<p>WITAJ W \u015aWIECIE DYING LIGHT 2 Ponad dwadzie\u015bcia lat temu walczyli\u015bmy z wirusem w Harranie. Przegrali\u015bmy. Teraz, w Mie\u015bcie, przegrywamy ponownie. Konflikt podzieli\u0142 jedn\u0105 z ostatnich wielkich osad, a cywilizacja cofn\u0119\u0142a si\u0119 do wiek\u00f3w ciemnych. Mimo to nadzieja nas nie opuszcza.. Jeste\u015b w\u0119drowcem dzier\u017c\u0105cym moc, dzi\u0119ki kt\u00f3rej mo\u017cesz zmieni\u0107 losy Miasta. Jednak twoje nadzwyczajne zdolno\u015bci [&hellip;]<\/p>\n","protected":false},"featured_media":1279,"comment_status":"closed","ping_status":"open","template":"","meta":[],"product_cat":[377,360],"product_tag":[716,753,674,749,576],"class_list":["post-1278","product","type-product","status-publish","has-post-thumbnail","hentry","product_cat-gry-xbox-series-x","product_cat-techland","product_tag-filmy-animowane-o-swietach","product_tag-kamila","product_tag-miasto-dzieci","product_tag-najlepsze-zarty-na-prima-aprilis","product_tag-trudne-zagadki"],"_links":{"self":[{"href":"http:\/\/klubmamgdynia.pl\/index.php\/wp-json\/wp\/v2\/product\/1278","targetHints":{"allow":["GET"]}}],"collection":[{"href":"http:\/\/klubmamgdynia.pl\/index.php\/wp-json\/wp\/v2\/product"}],"about":[{"href":"http:\/\/klubmamgdynia.pl\/index.php\/wp-json\/wp\/v2\/types\/product"}],"replies":[{"embeddable":true,"href":"http:\/\/klubmamgdynia.pl\/index.php\/wp-json\/wp\/v2\/comments?post=1278"}],"wp:featuredmedia":[{"embeddable":true,"href":"http:\/\/klubmamgdynia.pl\/index.php\/wp-json\/wp\/v2\/media\/1279"}],"wp:attachment":[{"href":"http:\/\/klubmamgdynia.pl\/index.php\/wp-json\/wp\/v2\/media?parent=1278"}],"wp:term":[{"taxonomy":"product_cat","embeddable":true,"href":"http:\/\/klubmamgdynia.pl\/index.php\/wp-json\/wp\/v2\/product_cat?post=1278"},{"taxonomy":"product_tag","embeddable":true,"href":"http:\/\/klubmamgdynia.pl\/index.php\/wp-json\/wp\/v2\/product_tag?post=1278"}],"curies":[{"name":"wp","href":"https:\/\/api.w.org\/{rel}","templated":true}]}}