{"id":128,"date":"2018-04-15T06:32:12","date_gmt":"2018-04-15T04:32:12","guid":{"rendered":"http:\/\/klubmamgdynia.pl\/index.php\/produkt\/ericokids-obrotowy-pojazd-na-akumulator-360-30w-rozowy\/"},"modified":"2026-04-28T23:45:49","modified_gmt":"2026-04-28T21:45:49","slug":"ericokids-obrotowy-pojazd-na-akumulator-360-30w-rozowy","status":"publish","type":"product","link":"http:\/\/klubmamgdynia.pl\/index.php\/produkt\/ericokids-obrotowy-pojazd-na-akumulator-360-30w-rozowy\/","title":{"rendered":"EricoKids obrotowy pojazd na akumulator 360\u00b0 30W R\u00f3\u017cowy"},"content":{"rendered":"<p>OBROTOWY POJAZD NA AKUMULATOR 360\u00b0 DLA DZIECI 30W &#8211; R\u00d3\u017bOWYCzy Twoje dziecko b\u0119d\u0105c jeszcze niemowlakiem, ju\u017c zainteresowaniem spogl\u0105da\u0142o na inne dzieci, bawi\u0105ce si\u0119 samochodziki? Albo w czasie spacer\u00f3w ogl\u0105da\u0142o si\u0119 za przeje\u017cd\u017caj\u0105cymi pojazdami?Je\u015bli TAK \u2013 to mamy dla niego co\u015b naprawd\u0119 specjalnego!!!Obrotowy Pojazd na Akumulator 360\u00b0 to prawdziwe cudo stworzone przez in\u017cynier\u00f3w z my\u015bl\u0105 o najm\u0142odszych kierowcach. Ta rewolucyjna zabawka zosta\u0142 wykonany z najlepszej jako\u015bci materia\u0142\u00f3w oraz w nowoczesnym designie, dlatego zadowoli on gusta najbardziej wymagaj\u0105cych maluch\u00f3w!ZALETY NASZEGO POJAZDU:Innowacyjne i proste sterowanie \u2013 tym autkiem steruj\u0119 si\u0119 tylko za pomoc\u0105 dw\u00f3ch joystick\u00f3w, zupe\u0142nie jak w czo\u0142gu! Je\u015bli chcemy jecha\u0107 do przodu b\u0105d\u017a do ty\u0142u, wystarczy oba joysticki przesun\u0105\u0107 w tym samym kierunku. Je\u015bli natomiast chcemy skr\u0119ci\u0107 to wychylamy tylko jeden joystick, a drugi zostawiamy w pozycji neutralnej. Szybko prosto i skutecznie! Ka\u017cdy maluch w mig nauczy si\u0119 obs\u0142ugi tej zabawki :)Zabawka na lata! \u2013 autko przeznaczone jest dla dzieci od 18 miesi\u0105ca do nawet 6 roku \u017cycia, dzi\u0119ki temu ten pojazd mo\u017ce towarzyszy\u0107 mu przez lata. Ciesz\u0105c go wspania\u0142\u0105 zabaw\u0105, a rodzice mog\u0105 zaoszcz\u0119dzi\u0107, na kupnie kolejnych pojazd\u00f3w!Jazda r\u00f3wnie\u017c dla m\u0142odszych dzieci \u2013 pojazd wyposa\u017cony w wygodny pilot zdalnego sterowanie. Je\u015bli wi\u0119c dziecko ma mniej ni\u017c 18 miesi\u0119cy, czy te\u017c nie czuj\u0119 si\u0119 na si\u0142ach, aby samodzielnie prowadzi\u0107, to w rol\u0119 kierowcy mog\u0105 wcieli\u0107 si\u0119 rodzice, a maluch mo\u017ce spokojnie delektowa\u0107 si\u0119 jazd\u0105!Rozw\u00f3j i inwestycja na przysz\u0142o\u015b\u0107! &#8211; Warto doda\u0107, \u017ce jazda takim autkiem to nie tylko \u015bwietna zabawa, ale r\u00f3wnie\u017c nauka orientacji przestrzennej i obliczania odleg\u0142o\u015bci od innych obiekt\u00f3w! Rozw\u00f3j tych umiej\u0119tno\u015bci od najm\u0142odszych lat z pewno\u015bci\u0105 zaprocentuj\u0105 u dziecka w czasie nauki jazdy na rowerze czy nawet w czasie robienia prawa jazdy! Jest wi\u0119c to prawdziwa inwestycja w rozw\u00f3j Twojego dziecka!Czy to autko, czy karuzela? &#8211; z tego autka dziecko, mo\u017ce zrobi\u0107 sobie prywatn\u0105 karuzel\u0119! Gdy\u017c pojazd bez trudu obraca si\u0119 o 360\u00b0. Wystarczy, \u017ce maluch jeden joystick przechyli do przodu, a drugi do ty\u0142u i zacznie si\u0119 kr\u0119ci\u0107 dooko\u0142a! Wyraz zadowolonej twarzy Waszego dziecka t\u0105 zabaw\u0105 b\u0119dzie nie do opisania! Sprawd\u017acie sami ;)ZALETY NASZEGO POJAZDU:Idealny na prezent \u2013 produkt zapakowany jest w kolorowe pude\u0142ko, nie wymaga monta\u017cu, dlatego jest gotowy od razu do zabawy. Dzi\u0119ki temu jest to idealny pomys\u0142 na prezent, a ka\u017cde obdarowany nim maluch b\u0119dzie zachwycony!Do wyboru do koloru! \u2013 Pojazd dost\u0119pny jest a\u017c w 4 \u015blicznych kolorach! Dzi\u0119ki temu ka\u017cdy maluch z pewno\u015bci\u0105 znajdzie co\u015b dla siebie! Jest r\u00f3wnie\u017c kolor r\u00f3\u017cowy, z czego uciesz\u0105 si\u0119 wszystkie dziewczynki!Jedyny w swoim rodzaju \u2013 kolorowy, \u015bwiec\u0105cy ledowy pasek, niezwyk\u0142y design oraz pi\u0119kna kolorystyka sprawiaj\u0105, \u017ce pojazd si\u0119 pi\u0119knie prezentuje i zachwyci zar\u00f3wno dzieci, jak i ich rodzic\u00f3w!Zawsze gotowy do jazdy! &#8211; Mocny akumulator, zasilacz w zestawie oraz \u0142atwe uruchamianie pojazdu za pomoc\u0105 przycisku sprawiaj\u0105, \u017ce autko jest zawsze gotowe jazdy! Koniec zatem z ci\u0105g\u0142ym \u0142adowaniem i gor\u0105czkowym poszukiwaniem kluczyk\u00f3w!Bezpiecze\u0144stwo i wytrzyma\u0142o\u015b\u0107 \u2013 certyfikat ASTM, wytrzyma\u0142a konstrukcja, dopasowane pasy bezpiecze\u0144stwa oraz specjalny zderzak zewn\u0119trzny okalaj\u0105cy autko, sprawiaj\u0105, \u017ce autkiem mo\u017cna bezpiecznie porusza\u0107 si\u0119 zar\u00f3wno na zewn\u0105trz, jak i w mieszkaniu. Nawet przypadkowy z\u0142y skr\u0119t w kraw\u0119\u017cnik, \u015bcian\u0119 czy te\u017c inne meble jest w pe\u0142ni bezpieczny zar\u00f3wno dla dziecka, jak i otoczenia!DANE TECHNICZNE:Dost\u0119pne Kolory: Czerwony, Bia\u0142y, \u017b\u00f3\u0142ty, R\u00f3\u017cowyMateria\u0142: PlastikSilnik: 2x 15WAkumulator: 6V7AHPr\u0119dko\u015b\u0107: 2km\/hMaksymalne obci\u0105\u017cenie: 30 kgOdpowiedni dla dzieci w wieku: do 3,4 latCzas u\u017cytkowania: 1-2 godzinyPOJAZD POSIADA:Gumowy ochraniaczPilot &#8211; Wymaga zasilenia bateriami 2 x AAA ( brak w zestawie )\u0141adowark\u0119Instrukcja obs\u0142ugiWYMIARY PRODUKTU:\u015arednica &#8211; 72 cmWysoko\u015b\u0107 &#8211; 43 cmGrubo\u015b\u0107 Pianki &#8211; 3 cmWymiary siedziska &#8211; 33 x 20 cmSzeroko\u015b\u0107 miejsca na nogi &#8211; 26 cmPrze\u015bwit &#8211; 5,5 cmWYMIARY OPAKOWANIA:73*73*44 CMWaga z opakowanie &#8211; 10 kgPOJAZD WYKONANY Z SOLIDNEGO PLASTIKUPILOT ZDALNEGO STEROWANIAZapewni pe\u0142n\u0105 kontrol\u0105 nad dzieckiemO\u015aWIETLENIE LEDPojazd mo\u017ce obraca\u0107 si\u0119 o pe\u0142ne &#8221; 360 stopni &#8221; za pomoc\u0105 2 prostych joystick\u00f3w lub PilotaWygodne siedzenie zapinane pasamiCzerwony w\u0142\u0105cznik pod siedzeniem.Sterowanie za pomoc\u0105 Joystick\u00f3wGumowy barierka, zabezpiecza przed uszkodzeniami w domuKolorowe o\u015bwietlenie Led &#8211; Mo\u017cliwo\u015b\u0107 wy\u0142\u0105czeniaPanel z muzyczkami &#8211; Regulacja G\u0142o\u015bno\u015bciPojazd Nie wymaga Monta\u017cu :)wystarczy pod\u0142\u0105czy\u0107 akumulator pod siedzeniem i szalejemy :)Po\u0142\u0105czenie Pilota z Pojazdem1. Wy\u0142\u0105cz pojazd ( Czerwony przycisk pod siedzeniem )2. Przytrzymaj Przycisk &#8222;M&#8221; na pilocie a\u017c zacznie mruga\u0107 dioda3. W\u0142\u0105cz Pojazd4. Jedziemy :)JE\u0179DZIK OBROTOWY JEST DOST\u0118PNY W KOLORZE R\u00d3\u017bOWYM<\/p>\n<h2>EricoKids obrotowy pojazd na akumulator 360\u00b0 30W R\u00f3\u017cowy EricoKids<\/h2>\n<p>najpi\u0119kniejsze cytaty o przyja\u017ani, prezent dla ch\u0142opca na roczek, psi patrol rysunek, bajki na dobranoc psi patrol, zagadki na logik\u0119, anio\u0142 rysunek prosty, bajka o piesku do czytania, 1 listopada dzie\u0144 wszystkich \u015bwi\u0119tych kolorowanki, ko\u0142ysanki dla dzieci tekst, rzadkie imiona \u017ce\u0144skie, zagadki o zawodach<\/p>\n<p>yyyyy<\/p>\n<p>&nbsp;<\/p>\n","protected":false},"excerpt":{"rendered":"<p>OBROTOWY POJAZD NA AKUMULATOR 360\u00b0 DLA DZIECI 30W &#8211; R\u00d3\u017bOWYCzy Twoje dziecko b\u0119d\u0105c jeszcze niemowlakiem, ju\u017c zainteresowaniem spogl\u0105da\u0142o na inne dzieci, bawi\u0105ce si\u0119 samochodziki? Albo w czasie spacer\u00f3w ogl\u0105da\u0142o si\u0119 za przeje\u017cd\u017caj\u0105cymi pojazdami?Je\u015bli TAK \u2013 to mamy dla niego co\u015b naprawd\u0119 specjalnego!!!Obrotowy Pojazd na Akumulator 360\u00b0 to prawdziwe cudo stworzone przez in\u017cynier\u00f3w z my\u015bl\u0105 o [&hellip;]<\/p>\n","protected":false},"featured_media":129,"comment_status":"closed","ping_status":"open","template":"","meta":[],"product_cat":[31,74],"product_tag":[728,669,785],"class_list":["post-128","product","type-product","status-publish","has-post-thumbnail","hentry","product_cat-ericokids","product_cat-jezdziki","product_tag-bezwarunkowa-milosc-do-dziecka-cytaty","product_tag-kolorowanki","product_tag-prezent-dla-nastolatkow"],"_links":{"self":[{"href":"http:\/\/klubmamgdynia.pl\/index.php\/wp-json\/wp\/v2\/product\/128","targetHints":{"allow":["GET"]}}],"collection":[{"href":"http:\/\/klubmamgdynia.pl\/index.php\/wp-json\/wp\/v2\/product"}],"about":[{"href":"http:\/\/klubmamgdynia.pl\/index.php\/wp-json\/wp\/v2\/types\/product"}],"replies":[{"embeddable":true,"href":"http:\/\/klubmamgdynia.pl\/index.php\/wp-json\/wp\/v2\/comments?post=128"}],"wp:featuredmedia":[{"embeddable":true,"href":"http:\/\/klubmamgdynia.pl\/index.php\/wp-json\/wp\/v2\/media\/129"}],"wp:attachment":[{"href":"http:\/\/klubmamgdynia.pl\/index.php\/wp-json\/wp\/v2\/media?parent=128"}],"wp:term":[{"taxonomy":"product_cat","embeddable":true,"href":"http:\/\/klubmamgdynia.pl\/index.php\/wp-json\/wp\/v2\/product_cat?post=128"},{"taxonomy":"product_tag","embeddable":true,"href":"http:\/\/klubmamgdynia.pl\/index.php\/wp-json\/wp\/v2\/product_tag?post=128"}],"curies":[{"name":"wp","href":"https:\/\/api.w.org\/{rel}","templated":true}]}}