{"id":1280,"date":"2012-12-10T14:35:29","date_gmt":"2012-12-10T13:35:29","guid":{"rendered":"http:\/\/klubmamgdynia.pl\/index.php\/produkt\/dead-island-digital\/"},"modified":"2026-05-17T23:37:49","modified_gmt":"2026-05-17T21:37:49","slug":"dead-island-digital","status":"publish","type":"product","link":"http:\/\/klubmamgdynia.pl\/index.php\/produkt\/dead-island-digital\/","title":{"rendered":"Dead Island (Digital)"},"content":{"rendered":"<p>To pierwszoosobowy survival horror autorstwa polskiego studia Techland, znanego m.in. z Call of Juarez i Chrome.<\/p>\n<p>Akcja gry Dead Island rozgrywa si\u0119 w Royal Palms Resort, na wyspie w Papui Nowej Gwinei, tropikalnym raju, magnesem na turyst\u00f3w. Pewnego razu miejsce to zostaje obl\u0119\u017cone przez zombie, a gracz, wcielaj\u0105c si\u0119 w jedn\u0105 z czterech dost\u0119pnych postaci, rozpoczyna walk\u0119 o przetrwanie.                            <\/p>\n<p>            Jednym z bohater\u00f3w jest by\u0142y raper, Sam B.<\/p>\n<p>Gra zaczyna zabaw\u0119, jako zwyk\u0142y turysta, kt\u00f3ry zdobywa kolejne umiej\u0119tno\u015bci. Opr\u00f3cz mo\u017cliwo\u015bci rozgrywki w pojedynk\u0119, dost\u0119pna jest tak\u017ce kooperacja.<\/p>\n<h2>Dead Island (Digital) Techland<\/h2>\n<p>motto dla nauczyciela, rymowane zagadki dla dzieci, daniel imie, pani wiosna do druku, rzadkie imiona \u017ce\u0144skie, szablon serce kolorowanka, ju\u017c blisko kol\u0119da tekst, psi patrol kolorowanka, zima z\u0142a tekst, \u015bwi\u0105teczne filmy familijne, kolorowanki dla dziewczynek, zagadki logiczne \u015bmieszne<\/p>\n<p>yyyyy<\/p>\n<p>&nbsp;<\/p>\n","protected":false},"excerpt":{"rendered":"<p>To pierwszoosobowy survival horror autorstwa polskiego studia Techland, znanego m.in. z Call of Juarez i Chrome. Akcja gry Dead Island rozgrywa si\u0119 w Royal Palms Resort, na wyspie w Papui Nowej Gwinei, tropikalnym raju, magnesem na turyst\u00f3w. Pewnego razu miejsce to zostaje obl\u0119\u017cone przez zombie, a gracz, wcielaj\u0105c si\u0119 w jedn\u0105 z czterech dost\u0119pnych postaci, [&hellip;]<\/p>\n","protected":false},"featured_media":1281,"comment_status":"closed","ping_status":"open","template":"","meta":[],"product_cat":[352,360],"product_tag":[765,863,801,853,830,625,712],"class_list":["post-1280","product","type-product","status-publish","has-post-thumbnail","hentry","product_cat-gry-do-pobrania-na-pc","product_cat-techland","product_tag-atrakcje-dla-dzieci-warszawa","product_tag-bajki-dla-dziewczynek","product_tag-bajki-terapeutyczne-o-emocjach","product_tag-kolorowanki-do-druku-dla-doroslych","product_tag-rodzina-cytaty","product_tag-trojmiasto-atrakcje-dla-dzieci","product_tag-zagadki-o-zwierzetach"],"_links":{"self":[{"href":"http:\/\/klubmamgdynia.pl\/index.php\/wp-json\/wp\/v2\/product\/1280","targetHints":{"allow":["GET"]}}],"collection":[{"href":"http:\/\/klubmamgdynia.pl\/index.php\/wp-json\/wp\/v2\/product"}],"about":[{"href":"http:\/\/klubmamgdynia.pl\/index.php\/wp-json\/wp\/v2\/types\/product"}],"replies":[{"embeddable":true,"href":"http:\/\/klubmamgdynia.pl\/index.php\/wp-json\/wp\/v2\/comments?post=1280"}],"wp:featuredmedia":[{"embeddable":true,"href":"http:\/\/klubmamgdynia.pl\/index.php\/wp-json\/wp\/v2\/media\/1281"}],"wp:attachment":[{"href":"http:\/\/klubmamgdynia.pl\/index.php\/wp-json\/wp\/v2\/media?parent=1280"}],"wp:term":[{"taxonomy":"product_cat","embeddable":true,"href":"http:\/\/klubmamgdynia.pl\/index.php\/wp-json\/wp\/v2\/product_cat?post=1280"},{"taxonomy":"product_tag","embeddable":true,"href":"http:\/\/klubmamgdynia.pl\/index.php\/wp-json\/wp\/v2\/product_tag?post=1280"}],"curies":[{"name":"wp","href":"https:\/\/api.w.org\/{rel}","templated":true}]}}