{"id":1284,"date":"2021-11-14T07:55:39","date_gmt":"2021-11-14T06:55:39","guid":{"rendered":"http:\/\/klubmamgdynia.pl\/index.php\/produkt\/clementoni-puzzle-piesek-przyjaciel-17474\/"},"modified":"2026-04-04T02:11:50","modified_gmt":"2026-04-04T00:11:50","slug":"clementoni-puzzle-piesek-przyjaciel-17474","status":"publish","type":"product","link":"http:\/\/klubmamgdynia.pl\/index.php\/produkt\/clementoni-puzzle-piesek-przyjaciel-17474\/","title":{"rendered":"Clementoni Puzzle Piesek Przyjaciel 17474"},"content":{"rendered":"<p>To zabawka na k\u00f3\u0142kach, z kt\u00f3r\u0105 mo\u017cna si\u0119 bawi\u0107, g\u0142aska\u0107, a dodatkowo posiada nap\u0119d pullback, dzi\u0119ki kt\u00f3remu po naci\u0105gni\u0119ciu mechanizmu zabawka jedzie do przodu.Po naci\u015bni\u0119ciu przycisku na nosku lub na g\u0142\u00f3wce piesek wydaje d\u017awi\u0119ki i odtwarza weso\u0142e melodie.Charakterystyka produktu:\u015aliczny szczeniak, kt\u00f3ry chce by\u0107 przytulony przez dziecko i rozpoznaje jego dotykPiesek ma mechanizm pullback, kt\u00f3ry sprawia, \u017ce \u200b\u200bsi\u0119 porusza, a tak\u017ce dwa czujniki na g\u0142owie i pysku, kt\u00f3re rozpoznaj\u0105 dotyk dziecka i wywo\u0142uj\u0105 reakcj\u0119 u tego s\u0142odkiego szczeniaka.D\u017awi\u0119ki i melodie, kt\u00f3re zaanga\u017cuj\u0105 dziecko i przykuj\u0105 jego uwag\u0119 podczas zabawyUszy i ogon s\u0105 wykonane z mi\u0119kkiego plastiku, aby stymulowa\u0107 zdolno\u015bci dotykowe dziecka<\/p>\n<h2>Clementoni Puzzle Piesek Przyjaciel 17474 Clementoni<\/h2>\n<p>szczotka pasta kubek ciep\u0142a woda tekst, szablon krokus kolorowanka, maska kota, wielkanocne zagadki, bajka na dobranoc do czytania, test z lektury asiunia, zagadki typu co to jest, lew czarownica i stara szafa test, wy\u015bcig but\u00f3w, miastodzieci, \u015bmieszne \u0142ama\u0144ce j\u0119zykowe, test z dzieci z bullerbyn, test z lektury miko\u0142ajek do druku, na roczek dla dziewczynki, kanapki na urodziny dziecka, wierszyki na smigus dyngus, alina, zabawki na roczek dla ch\u0142opca, bursztynek, zimowe zabawy dla dzieci, oryginalny prezent na roczek dla dziewczynki<\/p>\n<p>yyyyy<\/p>\n<p>&nbsp;<\/p>\n","protected":false},"excerpt":{"rendered":"<p>To zabawka na k\u00f3\u0142kach, z kt\u00f3r\u0105 mo\u017cna si\u0119 bawi\u0107, g\u0142aska\u0107, a dodatkowo posiada nap\u0119d pullback, dzi\u0119ki kt\u00f3remu po naci\u0105gni\u0119ciu mechanizmu zabawka jedzie do przodu.Po naci\u015bni\u0119ciu przycisku na nosku lub na g\u0142\u00f3wce piesek wydaje d\u017awi\u0119ki i odtwarza weso\u0142e melodie.Charakterystyka produktu:\u015aliczny szczeniak, kt\u00f3ry chce by\u0107 przytulony przez dziecko i rozpoznaje jego dotykPiesek ma mechanizm pullback, kt\u00f3ry sprawia, [&hellip;]<\/p>\n","protected":false},"featured_media":1285,"comment_status":"closed","ping_status":"open","template":"","meta":[],"product_cat":[163,39],"product_tag":[858,870,591,835,762,796,779],"class_list":["post-1284","product","type-product","status-publish","has-post-thumbnail","hentry","product_cat-clementoni","product_cat-zabawki-interaktywne","product_tag-podchwytliwe-zagadki","product_tag-prezent-dla-chlopca-na-roczek","product_tag-quiz-o-minecraft","product_tag-radosc-dziecka-cytaty","product_tag-trudne-zagadki-dla-dzieci","product_tag-zagatki","product_tag-zarty-na-prima-aprilis-w-domu"],"_links":{"self":[{"href":"http:\/\/klubmamgdynia.pl\/index.php\/wp-json\/wp\/v2\/product\/1284","targetHints":{"allow":["GET"]}}],"collection":[{"href":"http:\/\/klubmamgdynia.pl\/index.php\/wp-json\/wp\/v2\/product"}],"about":[{"href":"http:\/\/klubmamgdynia.pl\/index.php\/wp-json\/wp\/v2\/types\/product"}],"replies":[{"embeddable":true,"href":"http:\/\/klubmamgdynia.pl\/index.php\/wp-json\/wp\/v2\/comments?post=1284"}],"wp:featuredmedia":[{"embeddable":true,"href":"http:\/\/klubmamgdynia.pl\/index.php\/wp-json\/wp\/v2\/media\/1285"}],"wp:attachment":[{"href":"http:\/\/klubmamgdynia.pl\/index.php\/wp-json\/wp\/v2\/media?parent=1284"}],"wp:term":[{"taxonomy":"product_cat","embeddable":true,"href":"http:\/\/klubmamgdynia.pl\/index.php\/wp-json\/wp\/v2\/product_cat?post=1284"},{"taxonomy":"product_tag","embeddable":true,"href":"http:\/\/klubmamgdynia.pl\/index.php\/wp-json\/wp\/v2\/product_tag?post=1284"}],"curies":[{"name":"wp","href":"https:\/\/api.w.org\/{rel}","templated":true}]}}