{"id":1286,"date":"2025-01-19T18:10:25","date_gmt":"2025-01-19T17:10:25","guid":{"rendered":"http:\/\/klubmamgdynia.pl\/?post_type=product&#038;p=1286"},"modified":"2026-05-17T23:22:41","modified_gmt":"2026-05-17T21:22:41","slug":"juz-umiem-wyklejac-ses-14810","status":"publish","type":"product","link":"http:\/\/klubmamgdynia.pl\/index.php\/produkt\/juz-umiem-wyklejac-ses-14810\/","title":{"rendered":"Ju\u017c umiem wykleja\u0107 SES 14810"},"content":{"rendered":"<p>Zestaw pomagaj\u0105cy dziecku w nauce klejenia i wyklejania. Zabawa w wyklejanie doskonale rozwija zdolno\u015bci manualne dziecka oraz precyzj\u0119 jego ruch\u00f3w.Zestaw zawiera:16 czarno-bia\u0142ych ilustracji do wyklejenia i pokolorowania,pi\u0119\u0107 kolorowych ta\u015bm klej\u0105cych.Nazwa: SES Creative, Ju\u017c umiem przykleja\u0107Producent: Ses Nederland B.V.Marka: SES CreativePrzedzia\u0142 wiekowy: 3-4 lata, 5-7 latWiek: 3+P\u0142e\u0107: ch\u0142opiec \/ dziewczynkaIlo\u015b\u0107 element\u00f3w: 16Data premiery: 2014-01-18Waga w opak [g]: 131Indeks: 14339172Nr katalogowy: 14810<\/p>\n<h2>Ju\u017c umiem wykleja\u0107 SES 14810 Ses<\/h2>\n<p>cytaty korczak, stare bajki, test magiczne drzewo czerwone krzes\u0142o, zyczenia walentynkowe dla dzieci, maski na twarz dla dzieci do wydruku, kolorowanki lol, opowiadanie o jesieni dla dzieci, zabawy dla 6 latk\u00f3w, zagadki wielkanocne dla dzieci, bajka o poci\u0105gu do czytania, ba\u015bniowe imiona \u017ce\u0144skie, posz\u0142a ola na spacerek, zaproszenia do druku, kaczuszka, karaluchy pod poduchy a szczypawki, sandra imie, anio\u0142 rysunek prosty, kotki do druku, nauka pisania literek do wydruku pdf, wzruszaj\u0105ce teksty dla mamy<\/p>\n<p>yyyyy<\/p>\n<p>&nbsp;<\/p>\n","protected":false},"excerpt":{"rendered":"<p>Zestaw pomagaj\u0105cy dziecku w nauce klejenia i wyklejania. Zabawa w wyklejanie doskonale rozwija zdolno\u015bci manualne dziecka oraz precyzj\u0119 jego ruch\u00f3w.Zestaw zawiera:16 czarno-bia\u0142ych ilustracji do wyklejenia i pokolorowania,pi\u0119\u0107 kolorowych ta\u015bm klej\u0105cych.Nazwa: SES Creative, Ju\u017c umiem przykleja\u0107Producent: Ses Nederland B.V.Marka: SES CreativePrzedzia\u0142 wiekowy: 3-4 lata, 5-7 latWiek: 3+P\u0142e\u0107: ch\u0142opiec \/ dziewczynkaIlo\u015b\u0107 element\u00f3w: 16Data premiery: 2014-01-18Waga w opak [&hellip;]<\/p>\n","protected":false},"featured_media":1287,"comment_status":"closed","ping_status":"open","template":"","meta":[],"product_cat":[357,21],"product_tag":[734,631,576],"class_list":["post-1286","product","type-product","status-publish","has-post-thumbnail","hentry","product_cat-ses","product_cat-zabawki-plastyczne","product_tag-milan-imie","product_tag-prezent-na-roczek","product_tag-trudne-zagadki"],"_links":{"self":[{"href":"http:\/\/klubmamgdynia.pl\/index.php\/wp-json\/wp\/v2\/product\/1286","targetHints":{"allow":["GET"]}}],"collection":[{"href":"http:\/\/klubmamgdynia.pl\/index.php\/wp-json\/wp\/v2\/product"}],"about":[{"href":"http:\/\/klubmamgdynia.pl\/index.php\/wp-json\/wp\/v2\/types\/product"}],"replies":[{"embeddable":true,"href":"http:\/\/klubmamgdynia.pl\/index.php\/wp-json\/wp\/v2\/comments?post=1286"}],"wp:featuredmedia":[{"embeddable":true,"href":"http:\/\/klubmamgdynia.pl\/index.php\/wp-json\/wp\/v2\/media\/1287"}],"wp:attachment":[{"href":"http:\/\/klubmamgdynia.pl\/index.php\/wp-json\/wp\/v2\/media?parent=1286"}],"wp:term":[{"taxonomy":"product_cat","embeddable":true,"href":"http:\/\/klubmamgdynia.pl\/index.php\/wp-json\/wp\/v2\/product_cat?post=1286"},{"taxonomy":"product_tag","embeddable":true,"href":"http:\/\/klubmamgdynia.pl\/index.php\/wp-json\/wp\/v2\/product_tag?post=1286"}],"curies":[{"name":"wp","href":"https:\/\/api.w.org\/{rel}","templated":true}]}}