{"id":1288,"date":"2012-08-24T14:10:15","date_gmt":"2012-08-24T12:10:15","guid":{"rendered":"http:\/\/klubmamgdynia.pl\/index.php\/produkt\/spin-master-hatchimals-pixies-walizeczka-6056546\/"},"modified":"2026-04-24T16:22:40","modified_gmt":"2026-04-24T14:22:40","slug":"spin-master-hatchimals-pixies-walizeczka-6056546","status":"publish","type":"product","link":"http:\/\/klubmamgdynia.pl\/index.php\/produkt\/spin-master-hatchimals-pixies-walizeczka-6056546\/","title":{"rendered":"Spin Master Hatchimals Pixies Walizeczka 6056546"},"content":{"rendered":"<p>Hatchimals Pixies walizeczka 6056546 Spin Master to zestaw, w kt\u00f3rym czeka wr\u00f3\u017cka Pixie i wiele tajemniczych akcesori\u00f3w! G\u0142owa wr\u00f3\u017cki jest ruchoma, a jej skrzyd\u0142a s\u0105 magiczne!Udekoruj walizk\u0119 naklejkami. Po stylu laleczki poznasz, jaki kraj zafascynaowa\u0142 j\u0105 najbardziej.Zestaw zawiera:\u2022 1 laleczk\u0119 Hatchimals Pixies\u2022 3 akcesoria\u2022 1 stojak\u2022 1 arkusz naklejek\u2022 1 walizk\u0119\u2022 2 sztuki baga\u017cu podr\u0119cznego\u2022 1 list\u0119 z paszportem PixiesWiek dziecka: 5 +Wymiary opakowania: 18 x 10.5 x 5.5 cmOpakowanie stanowi element produktu.Kod EAN: 0778988168462Uwaga! Towar wysy\u0142amy losowo.OSTRZE\u017bENIE! Nieodpowiednie dla dzieci w wieku poni\u017cej 3 lat. Posiada ma\u0142e lub daj\u0105ce si\u0119 oderwa\u0107 elementy, kt\u00f3re mog\u0142yby zosta\u0107, np. po\u0142kni\u0119te. Niebezpiecze\u0144stwo uduszenia.<\/p>\n<h2>Spin Master Hatchimals Pixies Walizeczka 6056546 Spin Master<\/h2>\n<p>malowanki dla dzieci do druku, atrakcje dla dzieci warszawa i okolice, plan lekcji do druku, maski karnawa\u0142owe dla dzieci szablony, anio\u0142 rysunek prosty, zabawy z pi\u0142k\u0105 dla dzieci, my little pony kolorowanka, \u017c\u0105rty na prima aprilis, znaczenie imiona justyna, szlaczki do druku, opis rodzina, bajka o smoku wawelskim, kolorowe kredki tekst, obrazki do druku, zagadka matematyczna dla dzieci<\/p>\n<p>yyyyy<\/p>\n<p>&nbsp;<\/p>\n","protected":false},"excerpt":{"rendered":"<p>Hatchimals Pixies walizeczka 6056546 Spin Master to zestaw, w kt\u00f3rym czeka wr\u00f3\u017cka Pixie i wiele tajemniczych akcesori\u00f3w! G\u0142owa wr\u00f3\u017cki jest ruchoma, a jej skrzyd\u0142a s\u0105 magiczne!Udekoruj walizk\u0119 naklejkami. Po stylu laleczki poznasz, jaki kraj zafascynaowa\u0142 j\u0105 najbardziej.Zestaw zawiera:\u2022 1 laleczk\u0119 Hatchimals Pixies\u2022 3 akcesoria\u2022 1 stojak\u2022 1 arkusz naklejek\u2022 1 walizk\u0119\u2022 2 sztuki baga\u017cu podr\u0119cznego\u2022 [&hellip;]<\/p>\n","protected":false},"featured_media":1289,"comment_status":"closed","ping_status":"open","template":"","meta":[],"product_cat":[95,94],"product_tag":[817,837,819,631],"class_list":["post-1288","product","type-product","status-publish","has-post-thumbnail","hentry","product_cat-figurki-makiety-i-zestawy","product_cat-spin-master","product_tag-bajka-terapeutyczna-o-emocjach","product_tag-cicha-noc-po-angielsku","product_tag-co-kupic-nastolatce-na-swieta","product_tag-prezent-na-roczek"],"_links":{"self":[{"href":"http:\/\/klubmamgdynia.pl\/index.php\/wp-json\/wp\/v2\/product\/1288","targetHints":{"allow":["GET"]}}],"collection":[{"href":"http:\/\/klubmamgdynia.pl\/index.php\/wp-json\/wp\/v2\/product"}],"about":[{"href":"http:\/\/klubmamgdynia.pl\/index.php\/wp-json\/wp\/v2\/types\/product"}],"replies":[{"embeddable":true,"href":"http:\/\/klubmamgdynia.pl\/index.php\/wp-json\/wp\/v2\/comments?post=1288"}],"wp:featuredmedia":[{"embeddable":true,"href":"http:\/\/klubmamgdynia.pl\/index.php\/wp-json\/wp\/v2\/media\/1289"}],"wp:attachment":[{"href":"http:\/\/klubmamgdynia.pl\/index.php\/wp-json\/wp\/v2\/media?parent=1288"}],"wp:term":[{"taxonomy":"product_cat","embeddable":true,"href":"http:\/\/klubmamgdynia.pl\/index.php\/wp-json\/wp\/v2\/product_cat?post=1288"},{"taxonomy":"product_tag","embeddable":true,"href":"http:\/\/klubmamgdynia.pl\/index.php\/wp-json\/wp\/v2\/product_tag?post=1288"}],"curies":[{"name":"wp","href":"https:\/\/api.w.org\/{rel}","templated":true}]}}