{"id":1290,"date":"2020-01-12T07:06:21","date_gmt":"2020-01-12T06:06:21","guid":{"rendered":"http:\/\/klubmamgdynia.pl\/index.php\/produkt\/among-us-crewmate-edition-gra-xbox-series-x\/"},"modified":"2026-04-29T10:38:45","modified_gmt":"2026-04-29T08:38:45","slug":"among-us-crewmate-edition-gra-xbox-series-x","status":"publish","type":"product","link":"http:\/\/klubmamgdynia.pl\/index.php\/produkt\/among-us-crewmate-edition-gra-xbox-series-x\/","title":{"rendered":"Among Us Crewmate Edition (Gra Xbox Series X)"},"content":{"rendered":"<p>Among Us to zabawna, dwuwymiarowa gra multiplayerowa, kt\u00f3ra wymyka si\u0119 klasyfikacjom gatunkowym. Zajmujemy si\u0119 w niej przygotowywaniem statku kosmicznego do odlotu \u2013 r\u00f3wnocze\u015bnie wsp\u00f3\u0142pracujemy i rywalizujemy z innymi graczami. Tytu\u0142 zosta\u0142 opracowany i wydany przez niezale\u017cne studio Innersloth.<\/p>\n<p>W Among Us akcj\u0119 obserwujemy z g\u00f3ry \u2013 z tzw. perspektywy top-down. Jest to nietypowa produkcja, w kt\u00f3rej naszym zadaniem jest przygotowanie statku kosmicznego do odlotu. Wymaga to wsp\u00f3\u0142pracy z innymi uczestnikami zabawy \u2013 wsp\u00f3lnie wykonujemy r\u00f3\u017cnorakie zadania, dzi\u0119ki czemu nape\u0142niamy specjalny pasek.<\/p>\n<p>Jednak musimy by\u0107 ostro\u017cni \u2013 w grupie kryj\u0105 si\u0119 bowiem sabota\u017cy\u015bci, kt\u00f3rych zadaniem jest pokrzy\u017cowanie nam szyk\u00f3w. Musimy ca\u0142y czas obserwowa\u0107 map\u0119 i obrazy z kamer, by przygl\u0105da\u0107 si\u0119 temu, co robi\u0105 inni gracze. Co ciekawe, alternatywnym sposobem zako\u0144czenia zabawy jest znalezienie i wyrzucenie ze statku wszystkich ukrytych wrog\u00f3w.<\/p>\n<p>Sabota\u017cy\u015bci mog\u0105 psu\u0107 r\u00f3\u017cne elementy statku, a nawet zabija\u0107 cz\u0142onk\u00f3w za\u0142ogi. Grupy maj\u0105 mo\u017cliwo\u015b\u0107 zwo\u0142ywania spotyka\u0144, na kt\u00f3rych dyskutowane s\u0105 wydarzenia i odbywa si\u0119 g\u0142osowanie, kto zostanie wyrzucony ze statku.<\/p>\n<p>Warto odnotowa\u0107, \u017ce gra pozwala na dostosowanie zar\u00f3wno postaci, kt\u00f3r\u0105 gramy (mo\u017cemy zmieni\u0107 kolor i czapk\u0119), jak i rozmaitych mechanik (np. poprzez dodanie wi\u0119kszej liczby sabota\u017cyst\u00f3w lub zada\u0144). Among Us posiada bardzo prost\u0105, dwuwymiarow\u0105 grafik\u0119. Oprawa nie zachwyca, ale jest przejrzysta i dobrze oddaje humorystyczn\u0105 natur\u0119 gry. Gra nie zawiera mikrotransakcji, lecz jako DLC mo\u017cna kupi\u0107 rozmaite dodatki kosmetyczne, takie jak sk\u00f3rki czy pety (np. male\u0144kiego chomika w kulistym terrarium).<\/p>\n<h2>Among Us Crewmate Edition (Gra Xbox Series X) Maximum Games<\/h2>\n<p>maska spiderman, mapa polski do druku, 20 pytania do lektury ma\u0142y ksi\u0105\u017c\u0119, el\u017cbieta imie, kolorowanki \u015bwi\u0119to niepodleg\u0142o\u015bci do druku, wierszyki na lany poniedzia\u0142ek, imiona dla ch\u0142opc\u00f3w, prima aprilis pomys\u0142y, dla dzieci warszawa, renata to nie imi\u0119<\/p>\n<p>yyyyy<\/p>\n<p>&nbsp;<\/p>\n","protected":false},"excerpt":{"rendered":"<p>Among Us to zabawna, dwuwymiarowa gra multiplayerowa, kt\u00f3ra wymyka si\u0119 klasyfikacjom gatunkowym. Zajmujemy si\u0119 w niej przygotowywaniem statku kosmicznego do odlotu \u2013 r\u00f3wnocze\u015bnie wsp\u00f3\u0142pracujemy i rywalizujemy z innymi graczami. Tytu\u0142 zosta\u0142 opracowany i wydany przez niezale\u017cne studio Innersloth. W Among Us akcj\u0119 obserwujemy z g\u00f3ry \u2013 z tzw. perspektywy top-down. Jest to nietypowa produkcja, w [&hellip;]<\/p>\n","protected":false},"featured_media":1291,"comment_status":"closed","ping_status":"open","template":"","meta":[],"product_cat":[377,379],"product_tag":[834,639,704,661,597],"class_list":["post-1290","product","type-product","status-publish","has-post-thumbnail","hentry","product_cat-gry-xbox-series-x","product_cat-maximum-games","product_tag-bajka-do-czytania-na-dobranoc","product_tag-nela-imie","product_tag-prezent-dla-nastolatka","product_tag-swinka-peppa-kolorowanka","product_tag-zagadki-o-zimie"],"_links":{"self":[{"href":"http:\/\/klubmamgdynia.pl\/index.php\/wp-json\/wp\/v2\/product\/1290","targetHints":{"allow":["GET"]}}],"collection":[{"href":"http:\/\/klubmamgdynia.pl\/index.php\/wp-json\/wp\/v2\/product"}],"about":[{"href":"http:\/\/klubmamgdynia.pl\/index.php\/wp-json\/wp\/v2\/types\/product"}],"replies":[{"embeddable":true,"href":"http:\/\/klubmamgdynia.pl\/index.php\/wp-json\/wp\/v2\/comments?post=1290"}],"wp:featuredmedia":[{"embeddable":true,"href":"http:\/\/klubmamgdynia.pl\/index.php\/wp-json\/wp\/v2\/media\/1291"}],"wp:attachment":[{"href":"http:\/\/klubmamgdynia.pl\/index.php\/wp-json\/wp\/v2\/media?parent=1290"}],"wp:term":[{"taxonomy":"product_cat","embeddable":true,"href":"http:\/\/klubmamgdynia.pl\/index.php\/wp-json\/wp\/v2\/product_cat?post=1290"},{"taxonomy":"product_tag","embeddable":true,"href":"http:\/\/klubmamgdynia.pl\/index.php\/wp-json\/wp\/v2\/product_tag?post=1290"}],"curies":[{"name":"wp","href":"https:\/\/api.w.org\/{rel}","templated":true}]}}