{"id":1292,"date":"2019-10-24T01:23:12","date_gmt":"2019-10-23T23:23:12","guid":{"rendered":"http:\/\/klubmamgdynia.pl\/index.php\/produkt\/tm-toys-buncho-balloons-wyrzutnia-balony-bob01241\/"},"modified":"2026-04-25T15:28:01","modified_gmt":"2026-04-25T13:28:01","slug":"tm-toys-buncho-balloons-wyrzutnia-balony-bob01241","status":"publish","type":"product","link":"http:\/\/klubmamgdynia.pl\/index.php\/produkt\/tm-toys-buncho-balloons-wyrzutnia-balony-bob01241\/","title":{"rendered":"Tm Toys Buncho Balloons Wyrzutnia + Balony ( Bob01241)"},"content":{"rendered":"<p>Buncho Balloons Wyrzutnia + Balony 01241<\/p>\n<h2>Tm Toys Buncho Balloons Wyrzutnia + Balony ( Bob01241) TM Toys<\/h2>\n<p>Keyword, kolorowanka dla dziewczynki, zagadki zagadki, gad\u017cety dla nastolatka, pomys\u0142 na prezent dla nastolatki, zdrowe przepisy dla dzieci, cytat z ma\u0142ego ksi\u0119cia o przyja\u017ani<\/p>\n<p>yyyyy<\/p>\n<p>&nbsp;<\/p>\n","protected":false},"excerpt":{"rendered":"<p>Buncho Balloons Wyrzutnia + Balony 01241 Tm Toys Buncho Balloons Wyrzutnia + Balony ( Bob01241) TM Toys Keyword, kolorowanka dla dziewczynki, zagadki zagadki, gad\u017cety dla nastolatka, pomys\u0142 na prezent dla nastolatki, zdrowe przepisy dla dzieci, cytat z ma\u0142ego ksi\u0119cia o przyja\u017ani yyyyy &nbsp;<\/p>\n","protected":false},"featured_media":1293,"comment_status":"closed","ping_status":"open","template":"","meta":[],"product_cat":[80,145],"product_tag":[714,796,635],"class_list":["post-1292","product","type-product","status-publish","has-post-thumbnail","hentry","product_cat-pozostale-zabawki-ogrodowe","product_cat-tm-toys","product_tag-zagadki-logiczne","product_tag-zagatki","product_tag-znaki-drogowe-do-druku"],"_links":{"self":[{"href":"http:\/\/klubmamgdynia.pl\/index.php\/wp-json\/wp\/v2\/product\/1292","targetHints":{"allow":["GET"]}}],"collection":[{"href":"http:\/\/klubmamgdynia.pl\/index.php\/wp-json\/wp\/v2\/product"}],"about":[{"href":"http:\/\/klubmamgdynia.pl\/index.php\/wp-json\/wp\/v2\/types\/product"}],"replies":[{"embeddable":true,"href":"http:\/\/klubmamgdynia.pl\/index.php\/wp-json\/wp\/v2\/comments?post=1292"}],"wp:featuredmedia":[{"embeddable":true,"href":"http:\/\/klubmamgdynia.pl\/index.php\/wp-json\/wp\/v2\/media\/1293"}],"wp:attachment":[{"href":"http:\/\/klubmamgdynia.pl\/index.php\/wp-json\/wp\/v2\/media?parent=1292"}],"wp:term":[{"taxonomy":"product_cat","embeddable":true,"href":"http:\/\/klubmamgdynia.pl\/index.php\/wp-json\/wp\/v2\/product_cat?post=1292"},{"taxonomy":"product_tag","embeddable":true,"href":"http:\/\/klubmamgdynia.pl\/index.php\/wp-json\/wp\/v2\/product_tag?post=1292"}],"curies":[{"name":"wp","href":"https:\/\/api.w.org\/{rel}","templated":true}]}}