{"id":1294,"date":"2024-05-16T01:46:22","date_gmt":"2024-05-15T23:46:22","guid":{"rendered":"http:\/\/klubmamgdynia.pl\/?post_type=product&#038;p=1294"},"modified":"2026-05-17T22:39:27","modified_gmt":"2026-05-17T20:39:27","slug":"small-foot-drewniany-zestaw-wypiekow-bulki-rogale-zabawka","status":"publish","type":"product","link":"http:\/\/klubmamgdynia.pl\/index.php\/produkt\/small-foot-drewniany-zestaw-wypiekow-bulki-rogale-zabawka\/","title":{"rendered":"Small Foot Drewniany Zestaw Wypiek\u00f3w Bu\u0142ki Rogale &#8211; Zabawka"},"content":{"rendered":"<p>Drewniany zestaw wypiek\u00f3w jest idealny do zabawy w \u015bniadanie, czy zakupy. Komplet sk\u0142ada si\u0119 z czterech bu\u0142ek i dw\u00f3ch rogalik\u00f3w. Pieczywo wygl\u0105da realistycznie, ma naturalne, apetyczne kolory. Wymiary pieczywa: Croissant ok. 8,5 x 4 x 1,5 cmokr\u0105g\u0142a bu\u0142ka: wysoko\u015b\u0107 ok. 3 cm, \u015brednica ok. 5 cm<\/p>\n<h2>Small Foot Drewniany Zestaw Wypiek\u00f3w Bu\u0142ki Rogale &#8211; Zabawka Small Foot<\/h2>\n<p>nadia imi\u0119, prezent na dzie\u0144 dziecka dla nastolatk\u00f3w, kolorowe kanapki kanapki dla dzieci, zagadki logiczne i odpowiedzi, wzory dyplom\u00f3w do pobrania, prezent dla rocznego ch\u0142opca, zagadki dla dzieci o zwierz\u0119tach, cytat matka, hymn g\u00f3rniczy, rado\u015b\u0107 dziecka cytaty, rebusy i krzy\u017c\u00f3wki dla dzieci do druku, milan imie<\/p>\n<p>yyyyy<\/p>\n<p>&nbsp;<\/p>\n","protected":false},"excerpt":{"rendered":"<p>Drewniany zestaw wypiek\u00f3w jest idealny do zabawy w \u015bniadanie, czy zakupy. Komplet sk\u0142ada si\u0119 z czterech bu\u0142ek i dw\u00f3ch rogalik\u00f3w. Pieczywo wygl\u0105da realistycznie, ma naturalne, apetyczne kolory. Wymiary pieczywa: Croissant ok. 8,5 x 4 x 1,5 cmokr\u0105g\u0142a bu\u0142ka: wysoko\u015b\u0107 ok. 3 cm, \u015brednica ok. 5 cm Small Foot Drewniany Zestaw Wypiek\u00f3w Bu\u0142ki Rogale &#8211; Zabawka [&hellip;]<\/p>\n","protected":false},"featured_media":1295,"comment_status":"closed","ping_status":"open","template":"","meta":[],"product_cat":[53,372],"product_tag":[742,759,876,653,597],"class_list":["post-1294","product","type-product","status-publish","has-post-thumbnail","hentry","product_cat-kaciki-zabaw","product_cat-small-foot","product_tag-piosenki-dla-dzieci-tekst","product_tag-pomysly-na-prezent-dla-nastolatkow","product_tag-przyjazn","product_tag-warszawa-dla-dzieci","product_tag-zagadki-o-zimie"],"_links":{"self":[{"href":"http:\/\/klubmamgdynia.pl\/index.php\/wp-json\/wp\/v2\/product\/1294","targetHints":{"allow":["GET"]}}],"collection":[{"href":"http:\/\/klubmamgdynia.pl\/index.php\/wp-json\/wp\/v2\/product"}],"about":[{"href":"http:\/\/klubmamgdynia.pl\/index.php\/wp-json\/wp\/v2\/types\/product"}],"replies":[{"embeddable":true,"href":"http:\/\/klubmamgdynia.pl\/index.php\/wp-json\/wp\/v2\/comments?post=1294"}],"wp:featuredmedia":[{"embeddable":true,"href":"http:\/\/klubmamgdynia.pl\/index.php\/wp-json\/wp\/v2\/media\/1295"}],"wp:attachment":[{"href":"http:\/\/klubmamgdynia.pl\/index.php\/wp-json\/wp\/v2\/media?parent=1294"}],"wp:term":[{"taxonomy":"product_cat","embeddable":true,"href":"http:\/\/klubmamgdynia.pl\/index.php\/wp-json\/wp\/v2\/product_cat?post=1294"},{"taxonomy":"product_tag","embeddable":true,"href":"http:\/\/klubmamgdynia.pl\/index.php\/wp-json\/wp\/v2\/product_tag?post=1294"}],"curies":[{"name":"wp","href":"https:\/\/api.w.org\/{rel}","templated":true}]}}