{"id":1296,"date":"2018-02-11T20:47:21","date_gmt":"2018-02-11T19:47:21","guid":{"rendered":"http:\/\/klubmamgdynia.pl\/index.php\/produkt\/little-tikes-samochod-rc-2w1-policja-612157\/"},"modified":"2026-05-17T22:58:58","modified_gmt":"2026-05-17T20:58:58","slug":"little-tikes-samochod-rc-2w1-policja-612157","status":"publish","type":"product","link":"http:\/\/klubmamgdynia.pl\/index.php\/produkt\/little-tikes-samochod-rc-2w1-policja-612157\/","title":{"rendered":"Little Tikes Samoch\u00f3d Rc 2W1 Policja 612157"},"content":{"rendered":"<p>LITTLE TIKES &#8211; TIRE TWISTE ZDALNIE STEROWANY POJAZD POLICJA RC                            <\/p>\n<p>Tire Twister to pojazd, kt\u00f3ry zachwyci ci\u0119 swoimi mo\u017cliwo\u015bciami. Zwariowany pojazd RC jest umieszczony w wewn\u0119trznej kraw\u0119dzi opony. Dzi\u0119ki prostemu w obs\u0142udze pilotowi mo\u017cna w \u0142atwy spos\u00f3b sterowa\u0107 pojazdem i opon\u0105 zarazem. Pojazd mo\u017ce przemieszcza\u0107 si\u0119 w prz\u00f3d i w ty\u0142, a nawet wirowa\u0107 o 360 stopni. Samochodzik wyr\u00f3\u017cnia si\u0119 wspania\u0142ymi kaskaderskimi umiej\u0119tno\u015bciami takimi jak salta wewn\u0105trz opony. Zestaw posiada funkcje \u015bwietlne, kt\u00f3re stworz\u0105 zaskakuj\u0105cy efekt. Roz\u015bwietlaj pojazd nawet w ciemno\u015bci! Kiedy samoch\u00f3d wypadnie z ko\u0142a, mo\u017cesz dalej nim sterowa\u0107. Zabawka z pewno\u015bci\u0105 zachwyci ma\u0142ych kierowc\u00f3w swoimi niesamowitymi funkcjami oraz zapewni im d\u0142ugie godziny zabaw.<\/p>\n<h2>Little Tikes Samoch\u00f3d Rc 2W1 Policja 612157 Little Tikes<\/h2>\n<p>afryka\u0144skie imiona, quiz o usa, cytaty dzie\u0144 nauczyciela, ci\u0119\u017ckie zagadki, jad\u0105 jad\u0105 misie tekst, origami dla dzieci, zagadki dla 7 latka, gad\u017cety dla m\u0142odzie\u017cy 2020, quizy ortograficzne trudne, jak rozmawia\u0107 z dzie\u0107mi o wojnie, lukrecja imi\u0119, zaproszenie na urodziny do druku, nauka literek do druku, babciu droga babciu tekst, test z lektury dzieci z bullerbyn, co oznacza nazwa jordan, karty pracy po ukrai\u0144sku, pokemon kolorowanki do druku, tekst ko\u0142ysanki<\/p>\n<p>yyyyy<\/p>\n<p>&nbsp;<\/p>\n","protected":false},"excerpt":{"rendered":"<p>LITTLE TIKES &#8211; TIRE TWISTE ZDALNIE STEROWANY POJAZD POLICJA RC Tire Twister to pojazd, kt\u00f3ry zachwyci ci\u0119 swoimi mo\u017cliwo\u015bciami. Zwariowany pojazd RC jest umieszczony w wewn\u0119trznej kraw\u0119dzi opony. Dzi\u0119ki prostemu w obs\u0142udze pilotowi mo\u017cna w \u0142atwy spos\u00f3b sterowa\u0107 pojazdem i opon\u0105 zarazem. Pojazd mo\u017ce przemieszcza\u0107 si\u0119 w prz\u00f3d i w ty\u0142, a nawet wirowa\u0107 o [&hellip;]<\/p>\n","protected":false},"featured_media":1297,"comment_status":"closed","ping_status":"open","template":"","meta":[],"product_cat":[317,337],"product_tag":[593,851,652,601],"class_list":["post-1296","product","type-product","status-publish","has-post-thumbnail","hentry","product_cat-little-tikes","product_cat-zabawki-zdalnie-sterowane","product_tag-jak-narysowac-konia","product_tag-jak-narysowac-kota","product_tag-otto","product_tag-zagadki-co-to-jest"],"_links":{"self":[{"href":"http:\/\/klubmamgdynia.pl\/index.php\/wp-json\/wp\/v2\/product\/1296","targetHints":{"allow":["GET"]}}],"collection":[{"href":"http:\/\/klubmamgdynia.pl\/index.php\/wp-json\/wp\/v2\/product"}],"about":[{"href":"http:\/\/klubmamgdynia.pl\/index.php\/wp-json\/wp\/v2\/types\/product"}],"replies":[{"embeddable":true,"href":"http:\/\/klubmamgdynia.pl\/index.php\/wp-json\/wp\/v2\/comments?post=1296"}],"wp:featuredmedia":[{"embeddable":true,"href":"http:\/\/klubmamgdynia.pl\/index.php\/wp-json\/wp\/v2\/media\/1297"}],"wp:attachment":[{"href":"http:\/\/klubmamgdynia.pl\/index.php\/wp-json\/wp\/v2\/media?parent=1296"}],"wp:term":[{"taxonomy":"product_cat","embeddable":true,"href":"http:\/\/klubmamgdynia.pl\/index.php\/wp-json\/wp\/v2\/product_cat?post=1296"},{"taxonomy":"product_tag","embeddable":true,"href":"http:\/\/klubmamgdynia.pl\/index.php\/wp-json\/wp\/v2\/product_tag?post=1296"}],"curies":[{"name":"wp","href":"https:\/\/api.w.org\/{rel}","templated":true}]}}