{"id":1298,"date":"2021-04-21T17:33:40","date_gmt":"2021-04-21T15:33:40","guid":{"rendered":"http:\/\/klubmamgdynia.pl\/index.php\/produkt\/miffy-miffy-corduroy-blue-przytulanka-33cm\/"},"modified":"2026-04-06T01:11:46","modified_gmt":"2026-04-05T23:11:46","slug":"miffy-miffy-corduroy-blue-przytulanka-33cm","status":"publish","type":"product","link":"http:\/\/klubmamgdynia.pl\/index.php\/produkt\/miffy-miffy-corduroy-blue-przytulanka-33cm\/","title":{"rendered":"Miffy Miffy Corduroy Blue Przytulanka 33cm"},"content":{"rendered":"<p>Miffy &#8211; Przyjaciel Malucha od dnia narodzin!Wys\u0142ucha, przytuli, pocieszy to ca\u0142a Miffy.Miffy &#8211; ponadczasowa ikona \u015bwiatowej popkultury ju\u017c jest w Polsce!Prawdziwe dzie\u0142o sztuki w pokoiku Maluszka.Wspania\u0142e kolory i faktury w dost\u0119pnych kolekcjach kr\u00f3liczki Miffy pasuj\u0105 idealnie do ka\u017cdego pokoju dzieci\u0119cego.Idealny prezent dla dziecka i na babyshower!Kr\u00f3liczka MIFFY urodzi\u0142a si\u0119 w 1955 roku a jej tw\u00f3rc\u0105 by\u0142 holenderski autor, grafik i ilustrator Dick Bruna.Autor ponad 200 ksi\u0105\u017cek dla dzieci, w tym serii ksi\u0105\u017ceczek o przygodach kr\u00f3liczki Miffy, kt\u00f3re przet\u0142umaczono na 50 j\u0119zyk\u00f3w, a ich sprzeda\u017c szacuje si\u0119 na ponad 85 mln egzemplarzy. W Polsce nak\u0142adem wydawnictwa Format ukaza\u0142o si\u0119 dziewi\u0119\u0107 tytu\u0142\u00f3w z tej serii.Staranne wykonanie, najwy\u017csza jako\u015b\u0107 u\u017cytych materia\u0142\u00f3w to dla Fan\u00f3w i Mi\u0142o\u015bnik\u00f3w Kr\u00f3liczki MIFFY wspania\u0142y prezent.Produkty z kolekcji Miffy wykonane s\u0105 z najlepszych jako\u015bciowo, certyfikowanych materia\u0142\u00f3w.Produkt odpowiedni od dnia narodzin.U\u017bYTKOWANIEProdukt zalecamy pra\u0107 r\u0119cznie. Kolekcje:Corduroy &#8211; oparta na mi\u0119ciutkim i delikatnym w dotyku sztruksieMousseline &#8211; oparta na certyfikowanej 100% bawe\u0142nie mu\u015blinowejVelvetine &#8211; oparta na mi\u0119ciutkim i po\u0142yskliwym aksamicieTerry &#8211; oparta na wysoko gatunkowej mi\u0119kkiej frocieTeddy &#8211; 100% EKO KOLEKCJA Miffy. W ca\u0142o\u015bci wykonana z materia\u0142\u00f3w uzyskanych z recyklingu PET. Dzi\u0119ki jej ujmuj\u0105cemu i puszystemu wygl\u0105dowi jest absolutnie najlepszym Przyjacielem do przytulania i najbardziej przyjazn\u0105 dla \u015brodowiska Miffy, jaka istnieje. BON TOY INTERNATIONAL to holenderski producent wysokiej jako\u015bci pluszak\u00f3w i zabawek dla dzieci. Jego produkty dystrybuowane s\u0105 po ca\u0142ym \u015bwiecie i znajduj\u0105 wielu swoich zadowolonych odbiorc\u00f3w.<\/p>\n<h2>Miffy Miffy Corduroy Blue Przytulanka 33cm Bard<\/h2>\n<p>zagadki logiczne na inteligencj\u0119 dla doros\u0142ych, imie pola, zagadki \u015bmieszne, wszystkie flagi \u015bwiata quiz, jak dobra\u0107 narty dla dziecka, tymoteusz znaczenie imienia, zagadki logiczne \u015bmieszne, bajka o poci\u0105gu do czytania, andrea, pokoloruj wed\u0142ug wzoru, znaczenie imienia milosz, wzory zaprosze\u0144 zaproszenie na urodziny szablon do druku, miko\u0142ajek test z lektury, kolorowanki do wydruku, co mo\u017cna zrobi\u0107 z rolek po papierze toaletowym, znaczenie imienia milan, zagadki przyrodnicze, bajki dla dzieci na dobranoc do czytania, lucyna, \u017carty prima aprilis<\/p>\n<p>yyyyy<\/p>\n<p>&nbsp;<\/p>\n","protected":false},"excerpt":{"rendered":"<p>Miffy &#8211; Przyjaciel Malucha od dnia narodzin!Wys\u0142ucha, przytuli, pocieszy to ca\u0142a Miffy.Miffy &#8211; ponadczasowa ikona \u015bwiatowej popkultury ju\u017c jest w Polsce!Prawdziwe dzie\u0142o sztuki w pokoiku Maluszka.Wspania\u0142e kolory i faktury w dost\u0119pnych kolekcjach kr\u00f3liczki Miffy pasuj\u0105 idealnie do ka\u017cdego pokoju dzieci\u0119cego.Idealny prezent dla dziecka i na babyshower!Kr\u00f3liczka MIFFY urodzi\u0142a si\u0119 w 1955 roku a jej tw\u00f3rc\u0105 [&hellip;]<\/p>\n","protected":false},"featured_media":1299,"comment_status":"closed","ping_status":"open","template":"","meta":[],"product_cat":[365,42],"product_tag":[781,789,583,846,586,577,615],"class_list":["post-1298","product","type-product","status-publish","has-post-thumbnail","hentry","product_cat-bard","product_cat-maskotki","product_tag-cytaty-o-wychowaniu-dzieci","product_tag-kaczuszka","product_tag-kolysanki-dla-dzieci-tekst","product_tag-rysowanki","product_tag-smieszne-zagadki","product_tag-znaki-drogowe-test","product_tag-znane-misie-z-filmow-animowanych"],"_links":{"self":[{"href":"http:\/\/klubmamgdynia.pl\/index.php\/wp-json\/wp\/v2\/product\/1298","targetHints":{"allow":["GET"]}}],"collection":[{"href":"http:\/\/klubmamgdynia.pl\/index.php\/wp-json\/wp\/v2\/product"}],"about":[{"href":"http:\/\/klubmamgdynia.pl\/index.php\/wp-json\/wp\/v2\/types\/product"}],"replies":[{"embeddable":true,"href":"http:\/\/klubmamgdynia.pl\/index.php\/wp-json\/wp\/v2\/comments?post=1298"}],"wp:featuredmedia":[{"embeddable":true,"href":"http:\/\/klubmamgdynia.pl\/index.php\/wp-json\/wp\/v2\/media\/1299"}],"wp:attachment":[{"href":"http:\/\/klubmamgdynia.pl\/index.php\/wp-json\/wp\/v2\/media?parent=1298"}],"wp:term":[{"taxonomy":"product_cat","embeddable":true,"href":"http:\/\/klubmamgdynia.pl\/index.php\/wp-json\/wp\/v2\/product_cat?post=1298"},{"taxonomy":"product_tag","embeddable":true,"href":"http:\/\/klubmamgdynia.pl\/index.php\/wp-json\/wp\/v2\/product_tag?post=1298"}],"curies":[{"name":"wp","href":"https:\/\/api.w.org\/{rel}","templated":true}]}}