{"id":130,"date":"2019-09-22T21:03:27","date_gmt":"2019-09-22T19:03:27","guid":{"rendered":"http:\/\/klubmamgdynia.pl\/index.php\/produkt\/dromader-masa-plastyczna-zestaw-do-lodow\/"},"modified":"2026-04-22T13:59:52","modified_gmt":"2026-04-22T11:59:52","slug":"dromader-masa-plastyczna-zestaw-do-lodow","status":"publish","type":"product","link":"http:\/\/klubmamgdynia.pl\/index.php\/produkt\/dromader-masa-plastyczna-zestaw-do-lodow\/","title":{"rendered":"Dromader Masa Plastyczna Zestaw Do Lod\u00f3w"},"content":{"rendered":"<p>Zestaw do zabawy mas\u0105 plastyczn\u0105.Stan si\u0119 prawdziwym cukiernikiem i tw\u00f3rz niesamowite desery lodowe.Zawiera kilka puszek z mas\u0105, maszyna do tworzenia lod\u00f3w, kubeczki i \u0142y\u017ceczki.Zabawa rozwija zdolno\u015bci manualne i kreatywno\u015b\u0107 dzieci.Wymiary opakowania: 22 x 31,5 x 7,5 cmWiek: 3+&#8230;<\/p>\n<h2>Dromader Masa Plastyczna Zestaw Do Lod\u00f3w Dromader<\/h2>\n<p>zagadki dla dzieci 10-12 lat, aniela imie, zagadki logiczne dla dzieci, kolorowanka lego ninjago, opis do zdj\u0119cia z dzieckiem, kolorowanka pokemon, na roczek dla ch\u0142opca, zaproszenie na urodziny do druku<\/p>\n<p>yyyyy<\/p>\n<p>&nbsp;<\/p>\n","protected":false},"excerpt":{"rendered":"<p>Zestaw do zabawy mas\u0105 plastyczn\u0105.Stan si\u0119 prawdziwym cukiernikiem i tw\u00f3rz niesamowite desery lodowe.Zawiera kilka puszek z mas\u0105, maszyna do tworzenia lod\u00f3w, kubeczki i \u0142y\u017ceczki.Zabawa rozwija zdolno\u015bci manualne i kreatywno\u015b\u0107 dzieci.Wymiary opakowania: 22 x 31,5 x 7,5 cmWiek: 3+&#8230; Dromader Masa Plastyczna Zestaw Do Lod\u00f3w Dromader zagadki dla dzieci 10-12 lat, aniela imie, zagadki logiczne dla [&hellip;]<\/p>\n","protected":false},"featured_media":131,"comment_status":"closed","ping_status":"open","template":"","meta":[],"product_cat":[60,21],"product_tag":[808,683,734,796],"class_list":["post-130","product","type-product","status-publish","has-post-thumbnail","hentry","product_cat-dromader","product_cat-zabawki-plastyczne","product_tag-imie-mia","product_tag-karaluchy-pod-poduchy","product_tag-milan-imie","product_tag-zagatki"],"_links":{"self":[{"href":"http:\/\/klubmamgdynia.pl\/index.php\/wp-json\/wp\/v2\/product\/130","targetHints":{"allow":["GET"]}}],"collection":[{"href":"http:\/\/klubmamgdynia.pl\/index.php\/wp-json\/wp\/v2\/product"}],"about":[{"href":"http:\/\/klubmamgdynia.pl\/index.php\/wp-json\/wp\/v2\/types\/product"}],"replies":[{"embeddable":true,"href":"http:\/\/klubmamgdynia.pl\/index.php\/wp-json\/wp\/v2\/comments?post=130"}],"wp:featuredmedia":[{"embeddable":true,"href":"http:\/\/klubmamgdynia.pl\/index.php\/wp-json\/wp\/v2\/media\/131"}],"wp:attachment":[{"href":"http:\/\/klubmamgdynia.pl\/index.php\/wp-json\/wp\/v2\/media?parent=130"}],"wp:term":[{"taxonomy":"product_cat","embeddable":true,"href":"http:\/\/klubmamgdynia.pl\/index.php\/wp-json\/wp\/v2\/product_cat?post=130"},{"taxonomy":"product_tag","embeddable":true,"href":"http:\/\/klubmamgdynia.pl\/index.php\/wp-json\/wp\/v2\/product_tag?post=130"}],"curies":[{"name":"wp","href":"https:\/\/api.w.org\/{rel}","templated":true}]}}