{"id":1300,"date":"2019-04-28T09:05:17","date_gmt":"2019-04-28T07:05:17","guid":{"rendered":"http:\/\/klubmamgdynia.pl\/index.php\/produkt\/don-bosco-medien-gmbh-sonne-mond-und-erde-kamishibai-bildkartenset-wersja-niemiecka\/"},"modified":"2026-04-05T15:36:42","modified_gmt":"2026-04-05T13:36:42","slug":"don-bosco-medien-gmbh-sonne-mond-und-erde-kamishibai-bildkartenset-wersja-niemiecka","status":"publish","type":"product","link":"http:\/\/klubmamgdynia.pl\/index.php\/produkt\/don-bosco-medien-gmbh-sonne-mond-und-erde-kamishibai-bildkartenset-wersja-niemiecka\/","title":{"rendered":"Don Bosco Medien Gmbh Sonne, Mond und Erde. Kamishibai Bildkartenset. (wersja niemiecka)"},"content":{"rendered":"<p>Die kleine Sara liegt schon im Bett, denn morgen ist wieder Kindergarten. Hell scheint der Vollmond ins gemeinsame Kinderzimmer, als ihr neunj\u00e4hriger Bruder noch einmal in den Garten gehen will, um denMond genauer anzuschauen. Mama und sie kommen mit und schon tauschen sie sich dar\u00fcber aus, wie gro\u00df der Mond wohl sein mag und welche Gestalt er hat. Hat er nicht sogar ein Gesicht? Mit einem einfachen Experiment und weiteren Beobachtungen entdeckt die Familie, was es mit den Mondphasen auf sich hat, wieso es Tag und Nacht gibt und warum Tage und N\u00e4chte k\u00fcrzer bzw. l\u00e4nger werden. Eingebettet in eine Rahmengeschichte, entfaltet sich Bild f\u00fcr Bild spannendes Sachwissen f\u00fcr Vier- bis Achtj\u00e4hrige. Zw\u00f6lf DIN-A3-Bildkarten mit kindgerechten Sachzeichnungen zum Verstehen und Erleben. Mit Textvorlage f\u00fcr das Erz\u00e4hlen im Kamishibai.<\/p>\n<h2>Don Bosco Medien Gmbh Sonne, Mond und Erde. Kamishibai Bildkartenset. (wersja niemiecka) <\/h2>\n<p>zabawka dla rocznej dziewczynki, wzory zaprosze\u0144 zaproszenie na urodziny szablon do druku, na roczek dla ch\u0142opca, zabawki dla rocznej dziewczynki, prezent na 1 urodziny, po\u0142\u0105cz kropki do druku, ma\u0142o nas do pieczenia chleba, kr\u00f3tkie zagadki dla dzieci, paloma, \u0142amig\u0142\u00f3wki matematyczne, laura, wroc\u0142aw i okolice atrakcje, pokemon do druku, eksperymenty dla dzieci wulkan, dobranoc pch\u0142y na noc, jak narysowa\u0107, \u0142atwe zagadki, gabriel imie<\/p>\n<p>yyyyy<\/p>\n<p>&nbsp;<\/p>\n","protected":false},"excerpt":{"rendered":"<p>Die kleine Sara liegt schon im Bett, denn morgen ist wieder Kindergarten. Hell scheint der Vollmond ins gemeinsame Kinderzimmer, als ihr neunj\u00e4hriger Bruder noch einmal in den Garten gehen will, um denMond genauer anzuschauen. Mama und sie kommen mit und schon tauschen sie sich dar\u00fcber aus, wie gro\u00df der Mond wohl sein mag und welche [&hellip;]<\/p>\n","protected":false},"featured_media":1301,"comment_status":"closed","ping_status":"open","template":"","meta":[],"product_cat":[130],"product_tag":[610,775,807,846],"class_list":["post-1300","product","type-product","status-publish","has-post-thumbnail","hentry","product_cat-gry-dzieciece","product_tag-co-na-prezent-dla-nastolatkow","product_tag-kolorowanki-do-druku-pokemon","product_tag-logiczne-zagadki","product_tag-rysowanki"],"_links":{"self":[{"href":"http:\/\/klubmamgdynia.pl\/index.php\/wp-json\/wp\/v2\/product\/1300","targetHints":{"allow":["GET"]}}],"collection":[{"href":"http:\/\/klubmamgdynia.pl\/index.php\/wp-json\/wp\/v2\/product"}],"about":[{"href":"http:\/\/klubmamgdynia.pl\/index.php\/wp-json\/wp\/v2\/types\/product"}],"replies":[{"embeddable":true,"href":"http:\/\/klubmamgdynia.pl\/index.php\/wp-json\/wp\/v2\/comments?post=1300"}],"wp:featuredmedia":[{"embeddable":true,"href":"http:\/\/klubmamgdynia.pl\/index.php\/wp-json\/wp\/v2\/media\/1301"}],"wp:attachment":[{"href":"http:\/\/klubmamgdynia.pl\/index.php\/wp-json\/wp\/v2\/media?parent=1300"}],"wp:term":[{"taxonomy":"product_cat","embeddable":true,"href":"http:\/\/klubmamgdynia.pl\/index.php\/wp-json\/wp\/v2\/product_cat?post=1300"},{"taxonomy":"product_tag","embeddable":true,"href":"http:\/\/klubmamgdynia.pl\/index.php\/wp-json\/wp\/v2\/product_tag?post=1300"}],"curies":[{"name":"wp","href":"https:\/\/api.w.org\/{rel}","templated":true}]}}