{"id":1302,"date":"2016-04-04T18:04:08","date_gmt":"2016-04-04T16:04:08","guid":{"rendered":"http:\/\/klubmamgdynia.pl\/index.php\/produkt\/captain-morgane-and-the-golden-turtle-gra-pc\/"},"modified":"2026-04-06T22:08:54","modified_gmt":"2026-04-06T20:08:54","slug":"captain-morgane-and-the-golden-turtle-gra-pc","status":"publish","type":"product","link":"http:\/\/klubmamgdynia.pl\/index.php\/produkt\/captain-morgane-and-the-golden-turtle-gra-pc\/","title":{"rendered":"Captain Morgane and the Golden Turtle (Gra PC)"},"content":{"rendered":"<p>PC<\/p>\n<h2>Captain Morgane and the Golden Turtle (Gra PC) <\/h2>\n<p>quizy psi patrol, gry i zabawy ruchowe, logiczne zagadki dla dzieci, samolot z papieru, wroc\u0142aw dla dzieci, podchwytliwe zagadki, plac zamkowy, kolorowanki pokemon, imiona dla ch\u0142opc\u00f3w, miko\u0142ajek quiz, literki do pisania, zagadki dla dzieci 9-10 lat z odpowiedziami, cytat o rodzinie, darmowe kolorowanki do druku<\/p>\n<p>yyyyy<\/p>\n<p>&nbsp;<\/p>\n","protected":false},"excerpt":{"rendered":"<p>PC Captain Morgane and the Golden Turtle (Gra PC) quizy psi patrol, gry i zabawy ruchowe, logiczne zagadki dla dzieci, samolot z papieru, wroc\u0142aw dla dzieci, podchwytliwe zagadki, plac zamkowy, kolorowanki pokemon, imiona dla ch\u0142opc\u00f3w, miko\u0142ajek quiz, literki do pisania, zagadki dla dzieci 9-10 lat z odpowiedziami, cytat o rodzinie, darmowe kolorowanki do druku yyyyy [&hellip;]<\/p>\n","protected":false},"featured_media":1303,"comment_status":"closed","ping_status":"open","template":"","meta":[],"product_cat":[222],"product_tag":[831,670,861,858,794],"class_list":["post-1302","product","type-product","status-publish","has-post-thumbnail","hentry","product_cat-gry-pc","product_tag-bruno","product_tag-irma","product_tag-jak-narysowac-psa","product_tag-podchwytliwe-zagadki","product_tag-test-opowiesci-z-narnii-lew-czarownica-i-stara-szafa-do-druku"],"_links":{"self":[{"href":"http:\/\/klubmamgdynia.pl\/index.php\/wp-json\/wp\/v2\/product\/1302","targetHints":{"allow":["GET"]}}],"collection":[{"href":"http:\/\/klubmamgdynia.pl\/index.php\/wp-json\/wp\/v2\/product"}],"about":[{"href":"http:\/\/klubmamgdynia.pl\/index.php\/wp-json\/wp\/v2\/types\/product"}],"replies":[{"embeddable":true,"href":"http:\/\/klubmamgdynia.pl\/index.php\/wp-json\/wp\/v2\/comments?post=1302"}],"wp:featuredmedia":[{"embeddable":true,"href":"http:\/\/klubmamgdynia.pl\/index.php\/wp-json\/wp\/v2\/media\/1303"}],"wp:attachment":[{"href":"http:\/\/klubmamgdynia.pl\/index.php\/wp-json\/wp\/v2\/media?parent=1302"}],"wp:term":[{"taxonomy":"product_cat","embeddable":true,"href":"http:\/\/klubmamgdynia.pl\/index.php\/wp-json\/wp\/v2\/product_cat?post=1302"},{"taxonomy":"product_tag","embeddable":true,"href":"http:\/\/klubmamgdynia.pl\/index.php\/wp-json\/wp\/v2\/product_tag?post=1302"}],"curies":[{"name":"wp","href":"https:\/\/api.w.org\/{rel}","templated":true}]}}