{"id":1304,"date":"2018-08-31T05:00:22","date_gmt":"2018-08-31T03:00:22","guid":{"rendered":"http:\/\/klubmamgdynia.pl\/index.php\/produkt\/bard-drewniany-ciagnik-do-skladania-ze-srubokretem\/"},"modified":"2026-04-29T09:51:07","modified_gmt":"2026-04-29T07:51:07","slug":"bard-drewniany-ciagnik-do-skladania-ze-srubokretem","status":"publish","type":"product","link":"http:\/\/klubmamgdynia.pl\/index.php\/produkt\/bard-drewniany-ciagnik-do-skladania-ze-srubokretem\/","title":{"rendered":"Bard Drewniany Ci\u0105gnik Do Sk\u0142adania &#8211; Ze \u015arubokr\u0119tem"},"content":{"rendered":"<p>Drewniany ci\u0105gnik traktor do sk\u0142adania ze \u015brubokr\u0119tem EGMONT TOYSDrewniana zabawka, kt\u00f3ra wesprze koordynacj\u0119 r\u0119ka &#8211; oko twojego dziecka. Ten ci\u0105gnik mo\u017cna skr\u0119ca\u0107 i rozkr\u0119ca\u0107 wiele razy.Kod EAN: 5420023038715Materia\u0142: drewnoOpakowanie: tekturowy karton z nadrukami produktuRozmiar: \u00d814,5 x 20 cmWiek dziecka: 18 miesi\u0119cyDrewniana zabawka manipulacyjna pomo\u017ce w \u0107wiczeniach r\u0119ka &#8211; okoEgmont Toys to producent, kt\u00f3ry szuka w prostych rozwi\u0105zaniach jak najwi\u0119cej zabawy i nauki dla naszych najm\u0142odszych. W tej prostej, drewnianej zabawce mo\u017cna na wiele sposob\u00f3w zach\u0119ci\u0107 dziecko do zabawy a jednocze\u015bnie do intensywnych \u0107wicze\u0144 zwi\u0105zanych z koordynacj\u0105 ma\u0142ej motoryki.Do skr\u0119cenia jest \u015bliczny, drewniany ci\u0105gnik &#8211; traktor. W zestawie jest bezpieczny \u015brubokr\u0119t. Ci\u0105gnik po skr\u0119ceniu b\u0119dzie doskonale je\u017adzi\u0142 na swoich gumowych ko\u0142ach.To doskona\u0142a zabawka, trwa\u0142a i bardzo wysokiej jako\u015bci.Zabawka mo\u017ce by\u0107 stosowana podczas zaj\u0119\u0107 w przedszkolach, w plac\u00f3wkach socjalizacyjnych czy terapeutycznych.Egmont Toys &#8211; \u015bwiat twojej wyobra\u017ani!G\u0142\u00f3wn\u0105 trosk\u0105 jako producenta zabawek jest dostarczanie na rynek tylko bezpiecznych zabawek o najlepszej mo\u017cliwej jako\u015bci. Dlatego zabawki marki Egmont Toys zosta\u0142y przetestowane zgodnie z mi\u0119dzynarodowymi przepisami bezpiecze\u0144stwa (g\u0142\u00f3wnie przepisy UE) przez wyspecjalizowane i niezale\u017cne biuro testowe.<\/p>\n<h2>Bard Drewniany Ci\u0105gnik Do Sk\u0142adania &#8211; Ze \u015arubokr\u0119tem Bard<\/h2>\n<p>jeziora blisko warszawy, inteligentne zagadki, gad\u017cety dla nastolatka, kr\u00f3tkie czytanki dla dzieci do wydruku, najrzadsze imiona w polsce, pia, quiz o dinozaurach, lol do druku, ko\u0142ysanka dla dzieci tekst, eksperyment dla dzieci wulkan<\/p>\n<p>yyyyy<\/p>\n<p>&nbsp;<\/p>\n","protected":false},"excerpt":{"rendered":"<p>Drewniany ci\u0105gnik traktor do sk\u0142adania ze \u015brubokr\u0119tem EGMONT TOYSDrewniana zabawka, kt\u00f3ra wesprze koordynacj\u0119 r\u0119ka &#8211; oko twojego dziecka. Ten ci\u0105gnik mo\u017cna skr\u0119ca\u0107 i rozkr\u0119ca\u0107 wiele razy.Kod EAN: 5420023038715Materia\u0142: drewnoOpakowanie: tekturowy karton z nadrukami produktuRozmiar: \u00d814,5 x 20 cmWiek dziecka: 18 miesi\u0119cyDrewniana zabawka manipulacyjna pomo\u017ce w \u0107wiczeniach r\u0119ka &#8211; okoEgmont Toys to producent, kt\u00f3ry szuka w [&hellip;]<\/p>\n","protected":false},"featured_media":1305,"comment_status":"closed","ping_status":"open","template":"","meta":[],"product_cat":[365,90],"product_tag":[833,619,642,732,822,709],"class_list":["post-1304","product","type-product","status-publish","has-post-thumbnail","hentry","product_cat-bard","product_cat-puzzle","product_tag-bajki-dla-dzieci-do-czytania","product_tag-iwo-imie","product_tag-mia-imie","product_tag-prezent-dla-rocznego-chlopca","product_tag-wierszyki-o-wakacjach-krotkie","product_tag-zagadki-dla-dzieci-6-7-lat"],"_links":{"self":[{"href":"http:\/\/klubmamgdynia.pl\/index.php\/wp-json\/wp\/v2\/product\/1304","targetHints":{"allow":["GET"]}}],"collection":[{"href":"http:\/\/klubmamgdynia.pl\/index.php\/wp-json\/wp\/v2\/product"}],"about":[{"href":"http:\/\/klubmamgdynia.pl\/index.php\/wp-json\/wp\/v2\/types\/product"}],"replies":[{"embeddable":true,"href":"http:\/\/klubmamgdynia.pl\/index.php\/wp-json\/wp\/v2\/comments?post=1304"}],"wp:featuredmedia":[{"embeddable":true,"href":"http:\/\/klubmamgdynia.pl\/index.php\/wp-json\/wp\/v2\/media\/1305"}],"wp:attachment":[{"href":"http:\/\/klubmamgdynia.pl\/index.php\/wp-json\/wp\/v2\/media?parent=1304"}],"wp:term":[{"taxonomy":"product_cat","embeddable":true,"href":"http:\/\/klubmamgdynia.pl\/index.php\/wp-json\/wp\/v2\/product_cat?post=1304"},{"taxonomy":"product_tag","embeddable":true,"href":"http:\/\/klubmamgdynia.pl\/index.php\/wp-json\/wp\/v2\/product_tag?post=1304"}],"curies":[{"name":"wp","href":"https:\/\/api.w.org\/{rel}","templated":true}]}}