{"id":1308,"date":"2016-11-30T04:35:46","date_gmt":"2016-11-30T03:35:46","guid":{"rendered":"http:\/\/klubmamgdynia.pl\/index.php\/produkt\/fifa-manager-14-legacy-edition-digital\/"},"modified":"2026-05-02T15:31:24","modified_gmt":"2026-05-02T13:31:24","slug":"fifa-manager-14-legacy-edition-digital","status":"publish","type":"product","link":"http:\/\/klubmamgdynia.pl\/index.php\/produkt\/fifa-manager-14-legacy-edition-digital\/","title":{"rendered":"FIFA Manager 14 Legacy Edition (Digital)"},"content":{"rendered":"<p>FIFA Manager 14 to nowa ods\u0142ona popularnej serii menad\u017cer\u00f3w pi\u0142karskich od Electronic Arts. Gra dost\u0119pna jest w wydaniu Legacy Edition. Oznacza to, \u017ce znajdziemy w niej ca\u0142\u0105 zawarto\u015b\u0107 z FIFA Manager 13, aktualne sk\u0142ady dru\u017cyn, stroje i statystyki pi\u0142karzy bez nowych tryb\u00f3w i zmian w mechanice rozgrywki.Opisywana produkcja stawia przed graczem mn\u00f3stwo obowi\u0105zk\u00f3w. Jako menad\u017cer dru\u017cyny pi\u0142karskiej staramy si\u0119 zrobi\u0107 wszystko, by wygrywa\u0107 kolejne mecze i zdobywa\u0107 upragnione puchary. Do naszych obowi\u0105zk\u00f3w nale\u017cy ustalanie taktyki, wyj\u015bciowej jedenastki, a nawet rozbudowa obiekt\u00f3w znajduj\u0105cych si\u0119 w okolicach stadionu. W grze znajdziemy 1000 licencjonowanych klub\u00f3w, 70 licencjonowanych lig z ca\u0142ego \u015bwiata i ponad 36 tysi\u0119cy pi\u0142karzy.Co ciekawe, rozpoczynaj\u0105c rozgrywk\u0119 w grze FIFA Manager 14 mamy natychmiastowy dost\u0119p do kilkudziesi\u0119ciu rozmaitych funkcji i cel\u00f3w biznesowych, kt\u00f3re w poprzednich ods\u0142onach serii by\u0142y pocz\u0105tkowo zablokowane i musieli\u015bmy uzyska\u0107 do nich dost\u0119p wraz z post\u0119pami w rozgrywce. Producent postanowi\u0142 jednak znie\u015b\u0107 to ograniczenie i mo\u017cemy z nich skorzysta\u0107 od razu.<\/p>\n<h2>FIFA Manager 14 Legacy Edition (Digital) EA Sports<\/h2>\n<p>tekst o rodzinie, imiona dla ch\u0142opc\u00f3w, zagadki dla dzieci 7-8 lat, cytat dla mamy, znaczenie imiona alan, test z lektury ania z zielonego wzg\u00f3rza klasa 6 z odpowiedziami, wpad\u0142a bomba do piwnicy, quizy dla dzieci 10 lat<\/p>\n<p>yyyyy<\/p>\n<p>&nbsp;<\/p>\n","protected":false},"excerpt":{"rendered":"<p>FIFA Manager 14 to nowa ods\u0142ona popularnej serii menad\u017cer\u00f3w pi\u0142karskich od Electronic Arts. Gra dost\u0119pna jest w wydaniu Legacy Edition. Oznacza to, \u017ce znajdziemy w niej ca\u0142\u0105 zawarto\u015b\u0107 z FIFA Manager 13, aktualne sk\u0142ady dru\u017cyn, stroje i statystyki pi\u0142karzy bez nowych tryb\u00f3w i zmian w mechanice rozgrywki.Opisywana produkcja stawia przed graczem mn\u00f3stwo obowi\u0105zk\u00f3w. Jako menad\u017cer [&hellip;]<\/p>\n","protected":false},"featured_media":1309,"comment_status":"closed","ping_status":"open","template":"","meta":[],"product_cat":[342,352],"product_tag":[585,663,689,586],"class_list":["post-1308","product","type-product","status-publish","has-post-thumbnail","hentry","product_cat-ea-sports","product_cat-gry-do-pobrania-na-pc","product_tag-kolorowanki-dla-chlopcow","product_tag-kolorowanki-dla-dzieci-do-druku","product_tag-linda","product_tag-smieszne-zagadki"],"_links":{"self":[{"href":"http:\/\/klubmamgdynia.pl\/index.php\/wp-json\/wp\/v2\/product\/1308","targetHints":{"allow":["GET"]}}],"collection":[{"href":"http:\/\/klubmamgdynia.pl\/index.php\/wp-json\/wp\/v2\/product"}],"about":[{"href":"http:\/\/klubmamgdynia.pl\/index.php\/wp-json\/wp\/v2\/types\/product"}],"replies":[{"embeddable":true,"href":"http:\/\/klubmamgdynia.pl\/index.php\/wp-json\/wp\/v2\/comments?post=1308"}],"wp:featuredmedia":[{"embeddable":true,"href":"http:\/\/klubmamgdynia.pl\/index.php\/wp-json\/wp\/v2\/media\/1309"}],"wp:attachment":[{"href":"http:\/\/klubmamgdynia.pl\/index.php\/wp-json\/wp\/v2\/media?parent=1308"}],"wp:term":[{"taxonomy":"product_cat","embeddable":true,"href":"http:\/\/klubmamgdynia.pl\/index.php\/wp-json\/wp\/v2\/product_cat?post=1308"},{"taxonomy":"product_tag","embeddable":true,"href":"http:\/\/klubmamgdynia.pl\/index.php\/wp-json\/wp\/v2\/product_tag?post=1308"}],"curies":[{"name":"wp","href":"https:\/\/api.w.org\/{rel}","templated":true}]}}