{"id":1310,"date":"2020-07-29T01:08:06","date_gmt":"2020-07-28T23:08:06","guid":{"rendered":"http:\/\/klubmamgdynia.pl\/index.php\/produkt\/milin-abecadlo\/"},"modified":"2026-04-25T02:57:17","modified_gmt":"2026-04-25T00:57:17","slug":"milin-abecadlo","status":"publish","type":"product","link":"http:\/\/klubmamgdynia.pl\/index.php\/produkt\/milin-abecadlo\/","title":{"rendered":"Milin Abecad\u0142o"},"content":{"rendered":"<p>Zalet i funkcji tego produktu jest wiele, ale przede wszystkim to zabawka wspieraj\u0105ca nauk\u0119 liter. Zestaw zawiera 48 kolorowych klock\u00f3w z wygrawerowanymi na awersie literami alfabetu \u0142aci\u0144skiego, oraz polskimi znakami.Najcz\u0119\u015bciej wyst\u0119puj\u0105ce litery takie jak A, O, E s\u0105 powt\u00f3rzone, tak by mo\u017cna by\u0142o swobodnie uk\u0142ada\u0107 wyrazy.Do zestawu do\u0142\u0105czony jest lniany woreczek w kolorze szarym, z nadrukowan\u0105 grafik\u0105. Nadruk wykonali\u015bmy r\u0119cznie za pomoc\u0105 sitodruku.Wymiar jednego klocka to 4\u00d74 cmZosta\u0142y wykonane z najwy\u017cszej jako\u015bci sklejki brzozowej powleczonej melamin\u0105. Kolor uzyskali\u015bmy przy pomocy bezpiecznych farb wodnych, spe\u0142niaj\u0105cych normy EN71.Sklejka posiada certyfikat FSC, zosta\u0142a pozyskana z poszanowaniem \u015brodowiska le\u015bnego, zwierz\u0105t, ro\u015blin i ludzi. Tkanina natomiast posiada certyfikat OEKO Tex standard 100.Zabawka rekomendowana dla dzieci powy\u017cej 3 roku \u017cycia. CE, FSC, EN71, OEKO Tex<\/p>\n<h2>Milin Abecad\u0142o Milin<\/h2>\n<p>place zabaw warszawa, roczek dziewczynki, quizy o flagach, kr\u00f3tkie zagadki, bajka dla dziewczynek, kolorowanki pieski<\/p>\n<p>yyyyy<\/p>\n<p>&nbsp;<\/p>\n","protected":false},"excerpt":{"rendered":"<p>Zalet i funkcji tego produktu jest wiele, ale przede wszystkim to zabawka wspieraj\u0105ca nauk\u0119 liter. Zestaw zawiera 48 kolorowych klock\u00f3w z wygrawerowanymi na awersie literami alfabetu \u0142aci\u0144skiego, oraz polskimi znakami.Najcz\u0119\u015bciej wyst\u0119puj\u0105ce litery takie jak A, O, E s\u0105 powt\u00f3rzone, tak by mo\u017cna by\u0142o swobodnie uk\u0142ada\u0107 wyrazy.Do zestawu do\u0142\u0105czony jest lniany woreczek w kolorze szarym, z [&hellip;]<\/p>\n","protected":false},"featured_media":1311,"comment_status":"closed","ping_status":"open","template":"","meta":[],"product_cat":[82,39],"product_tag":[650,792,852,590,822,741,736],"class_list":["post-1310","product","type-product","status-publish","has-post-thumbnail","hentry","product_cat-milin","product_cat-zabawki-interaktywne","product_tag-choinka-z-bibuly","product_tag-cytaty-o-mamie","product_tag-jak-zrobic-samolot-z-papieru","product_tag-plac-zabaw-warszawa","product_tag-wierszyki-o-wakacjach-krotkie","product_tag-wlochy","product_tag-zabawki-na-roczek"],"_links":{"self":[{"href":"http:\/\/klubmamgdynia.pl\/index.php\/wp-json\/wp\/v2\/product\/1310","targetHints":{"allow":["GET"]}}],"collection":[{"href":"http:\/\/klubmamgdynia.pl\/index.php\/wp-json\/wp\/v2\/product"}],"about":[{"href":"http:\/\/klubmamgdynia.pl\/index.php\/wp-json\/wp\/v2\/types\/product"}],"replies":[{"embeddable":true,"href":"http:\/\/klubmamgdynia.pl\/index.php\/wp-json\/wp\/v2\/comments?post=1310"}],"wp:featuredmedia":[{"embeddable":true,"href":"http:\/\/klubmamgdynia.pl\/index.php\/wp-json\/wp\/v2\/media\/1311"}],"wp:attachment":[{"href":"http:\/\/klubmamgdynia.pl\/index.php\/wp-json\/wp\/v2\/media?parent=1310"}],"wp:term":[{"taxonomy":"product_cat","embeddable":true,"href":"http:\/\/klubmamgdynia.pl\/index.php\/wp-json\/wp\/v2\/product_cat?post=1310"},{"taxonomy":"product_tag","embeddable":true,"href":"http:\/\/klubmamgdynia.pl\/index.php\/wp-json\/wp\/v2\/product_tag?post=1310"}],"curies":[{"name":"wp","href":"https:\/\/api.w.org\/{rel}","templated":true}]}}