{"id":1312,"date":"2023-09-17T06:42:31","date_gmt":"2023-09-17T04:42:31","guid":{"rendered":"http:\/\/klubmamgdynia.pl\/?post_type=product&#038;p=1312"},"modified":"2026-04-06T01:51:51","modified_gmt":"2026-04-05T23:51:51","slug":"dying-light-2-xbox-one-key","status":"publish","type":"product","link":"http:\/\/klubmamgdynia.pl\/index.php\/produkt\/dying-light-2-xbox-one-key\/","title":{"rendered":"Dying Light 2 (Xbox One Key)"},"content":{"rendered":"<p>WITAJ<br \/>\nW \u015aWIECIE DYING LIGHT 2<br \/>\nPonad dwadzie\u015bcia lat temu walczyli\u015bmy z wirusem w Harranie. Przegrali\u015bmy. Teraz, w Mie\u015bcie, przegrywamy ponownie. Konflikt podzieli\u0142 jedn\u0105 z ostatnich wielkich osad, a cywilizacja cofn\u0119\u0142a si\u0119 do wiek\u00f3w ciemnych. Mimo to nadzieja nas nie opuszcza..                            <\/p>\n<p>Jeste\u015b w\u0119drowcem dzier\u017c\u0105cym moc, dzi\u0119ki kt\u00f3rej mo\u017cesz zmieni\u0107 losy Miasta. Jednak twoje nadzwyczajne zdolno\u015bci maj\u0105 swoj\u0105 cen\u0119. Przesz\u0142o\u015b\u0107 pozostawi\u0142a w tobie niejasne wspomnienia, kt\u00f3rych nie jeste\u015b w stanie rozszyfrowa\u0107, a droga ku prawdzie wiedzie ci\u0119 w sam \u015brodek wojny. Doskonal swoje umiej\u0119tno\u015bci, bo, \u017ceby pokona\u0107 wrog\u00f3w oraz zyska\u0107 sojusznik\u00f3w, b\u0119dziesz potrzebowa\u0107 zar\u00f3wno si\u0142y, jak i sprytu. Odkryj mroczne sekrety tych, kt\u00f3rzy s\u0105 u w\u0142adzy, wybierz, po kt\u00f3rej stronie chcesz stan\u0105\u0107 i stw\u00f3rz swoje przeznaczenie. Jednak bez wzgl\u0119du na to, dok\u0105d zaprowadz\u0105 ci\u0119 twoje czyny, musisz pami\u0119ta\u0107 o jednym \u2013 pozosta\u0144 cz\u0142owiekiem.                            <\/p>\n<p>ROZLEG\u0141Y OTWARTY \u015aWIAT<br \/>\nWe\u017a udzia\u0142 w \u017cyciu pogr\u0105\u017conego w nowych wiekach ciemnych miasta. Eksploruj jego pi\u0119tra, poziomy oraz r\u00f3\u017cnorodne lokacje i odkryj nowe \u015bcie\u017cki i ukryte przej\u015bcia.                            <\/p>\n<p>WYBORY I KONSEKWENCJE<br \/>\nKszta\u0142tuj wygl\u0105d oraz przysz\u0142o\u015b\u0107 Miasta za pomoc\u0105 swoich wybor\u00f3w i czyn\u00f3w. Zdecyduj, komu pomo\u017cesz w narastaj\u0105cym konflikcie i sta\u0144 si\u0119 kowalem w\u0142asnych do\u015bwiadcze\u0144.                            <\/p>\n<p>CYKL DNIA I NOCY<br \/>\nPoczekaj na zmrok, aby przeszuka\u0107 kryj\u00f3wki zainfekowanych. \u015awiat\u0142o s\u0142oneczne trzyma je w cieniach budynk\u00f3w, ale noc\u0105 potwory wychodz\u0105 na \u017cer, pozostawiaj\u0105c swoje legowiska puste.                            <\/p>\n<p>KREATYWNA I BRUTALNA WALKA<br \/>\nWykorzystuj parkour, aby zyska\u0107 przewag\u0119 nawet podczas najbrutalniejszych star\u0107. Spryt, pu\u0142apki i pomys\u0142owe bronie pomog\u0105 ci przechyli\u0107 szal\u0119 zwyci\u0119stwa na twoj\u0105 stron\u0119.                            <\/p>\n<p>TRYB KOOPERACJI DLA 2-4 GRACZY<br \/>\nGraj w trybie kooperacji z maksymalnie 3 innymi graczami. Tw\u00f3rz w\u0142asne gry lub do\u0142\u0105czaj do ju\u017c istniej\u0105cych i sprawd\u017a, do czego doprowadzi\u0142y wybory inne ni\u017c twoje.                            <\/p>\n<p>ZOBACZ TRAILER DYING LIGHT 2: STAY HUMANUda\u0142o ci si\u0119 prze\u017cy\u0107 Harran, ale nadchodzi co\u015b wi\u0119cej. \u015awiat si\u0119 zmieni\u0142 i potrzebuje ci\u0119 bardziej ni\u017c kiedykolwiek. Ju\u017c dzi\u015b zag\u0142\u0119b si\u0119 w najnowsz\u0105 rozgrywk\u0119 Dying Light 2.<\/p>\n<h2>Dying Light 2 (Xbox One Key) Techland<\/h2>\n<p>imie iwo, do druku dla dzieci, kolorowanki lego ninjago, zaproszenie na urodziny, zagadki dla starszych dzieci, quizy o skokach narciarskich, bursztynek<\/p>\n<p>yyyyy<\/p>\n<p>&nbsp;<\/p>\n","protected":false},"excerpt":{"rendered":"<p>WITAJ W \u015aWIECIE DYING LIGHT 2 Ponad dwadzie\u015bcia lat temu walczyli\u015bmy z wirusem w Harranie. Przegrali\u015bmy. Teraz, w Mie\u015bcie, przegrywamy ponownie. Konflikt podzieli\u0142 jedn\u0105 z ostatnich wielkich osad, a cywilizacja cofn\u0119\u0142a si\u0119 do wiek\u00f3w ciemnych. Mimo to nadzieja nas nie opuszcza.. Jeste\u015b w\u0119drowcem dzier\u017c\u0105cym moc, dzi\u0119ki kt\u00f3rej mo\u017cesz zmieni\u0107 losy Miasta. Jednak twoje nadzwyczajne zdolno\u015bci [&hellip;]<\/p>\n","protected":false},"featured_media":1313,"comment_status":"closed","ping_status":"open","template":"","meta":[],"product_cat":[381,360],"product_tag":[854,776,697,806,586,675],"class_list":["post-1312","product","type-product","status-publish","has-post-thumbnail","hentry","product_cat-gry-do-pobrania-na-xbox-one","product_cat-techland","product_tag-cytaty-rodzina","product_tag-dobrej-nocy","product_tag-krotkie-bajki-do-czytania","product_tag-prezent-dla-dziecka-na-roczek","product_tag-smieszne-zagadki","product_tag-test-z-lektury-kajko-i-kokosz-szkola-latania"],"_links":{"self":[{"href":"http:\/\/klubmamgdynia.pl\/index.php\/wp-json\/wp\/v2\/product\/1312","targetHints":{"allow":["GET"]}}],"collection":[{"href":"http:\/\/klubmamgdynia.pl\/index.php\/wp-json\/wp\/v2\/product"}],"about":[{"href":"http:\/\/klubmamgdynia.pl\/index.php\/wp-json\/wp\/v2\/types\/product"}],"replies":[{"embeddable":true,"href":"http:\/\/klubmamgdynia.pl\/index.php\/wp-json\/wp\/v2\/comments?post=1312"}],"wp:featuredmedia":[{"embeddable":true,"href":"http:\/\/klubmamgdynia.pl\/index.php\/wp-json\/wp\/v2\/media\/1313"}],"wp:attachment":[{"href":"http:\/\/klubmamgdynia.pl\/index.php\/wp-json\/wp\/v2\/media?parent=1312"}],"wp:term":[{"taxonomy":"product_cat","embeddable":true,"href":"http:\/\/klubmamgdynia.pl\/index.php\/wp-json\/wp\/v2\/product_cat?post=1312"},{"taxonomy":"product_tag","embeddable":true,"href":"http:\/\/klubmamgdynia.pl\/index.php\/wp-json\/wp\/v2\/product_tag?post=1312"}],"curies":[{"name":"wp","href":"https:\/\/api.w.org\/{rel}","templated":true}]}}