{"id":1318,"date":"2017-05-11T04:37:44","date_gmt":"2017-05-11T02:37:44","guid":{"rendered":"http:\/\/klubmamgdynia.pl\/index.php\/produkt\/gra-planszowa-huch-friends-what-do-you-meme-family-edition-de-wersja-niemiecka\/"},"modified":"2026-04-24T05:21:39","modified_gmt":"2026-04-24T03:21:39","slug":"gra-planszowa-huch-friends-what-do-you-meme-family-edition-de-wersja-niemiecka","status":"publish","type":"product","link":"http:\/\/klubmamgdynia.pl\/index.php\/produkt\/gra-planszowa-huch-friends-what-do-you-meme-family-edition-de-wersja-niemiecka\/","title":{"rendered":"Gra planszowa Huch &amp; Friends What Do You Meme &#8211; Family Edition (DE) (wersja niemiecka)"},"content":{"rendered":"<h2>Gra planszowa Huch &amp; Friends What Do You Meme &#8211; Family Edition (DE) (wersja niemiecka) <\/h2>\n<p>narodziny dziecka cytaty, gry dla nastolatk\u00f3w, anastazja imi\u0119, kawaly na prima aprilis, oskar imie, kolorowanki do druku dla dziewczynek, pomys\u0142 na prezent na roczek, kr\u00f3tkie bajki dla dzieci do czytania, proste dekoracje bo\u017conarodzeniowe dla dzieci, cookie dough przepis, maski do wydruku, kolorowanki wakacje, nowe quizy do rozwi\u0105zania, kolorowe kredki tekst, milosz imie<\/p>\n<p>yyyyy<\/p>\n<p>&nbsp;<\/p>\n","protected":false},"excerpt":{"rendered":"<p>Gra planszowa Huch &amp; Friends What Do You Meme &#8211; Family Edition (DE) (wersja niemiecka) narodziny dziecka cytaty, gry dla nastolatk\u00f3w, anastazja imi\u0119, kawaly na prima aprilis, oskar imie, kolorowanki do druku dla dziewczynek, pomys\u0142 na prezent na roczek, kr\u00f3tkie bajki dla dzieci do czytania, proste dekoracje bo\u017conarodzeniowe dla dzieci, cookie dough przepis, maski do [&hellip;]<\/p>\n","protected":false},"featured_media":1319,"comment_status":"closed","ping_status":"open","template":"","meta":[],"product_cat":[235],"product_tag":[871,750,621,846,770,581],"class_list":["post-1318","product","type-product","status-publish","has-post-thumbnail","hentry","product_cat-gry-planszowe","product_tag-bajka-o-smoku-wawelskim","product_tag-imie-kostek","product_tag-prezenty-roczek","product_tag-rysowanki","product_tag-samolot-z-papieru","product_tag-zagadki-dla-8-latka"],"_links":{"self":[{"href":"http:\/\/klubmamgdynia.pl\/index.php\/wp-json\/wp\/v2\/product\/1318","targetHints":{"allow":["GET"]}}],"collection":[{"href":"http:\/\/klubmamgdynia.pl\/index.php\/wp-json\/wp\/v2\/product"}],"about":[{"href":"http:\/\/klubmamgdynia.pl\/index.php\/wp-json\/wp\/v2\/types\/product"}],"replies":[{"embeddable":true,"href":"http:\/\/klubmamgdynia.pl\/index.php\/wp-json\/wp\/v2\/comments?post=1318"}],"wp:featuredmedia":[{"embeddable":true,"href":"http:\/\/klubmamgdynia.pl\/index.php\/wp-json\/wp\/v2\/media\/1319"}],"wp:attachment":[{"href":"http:\/\/klubmamgdynia.pl\/index.php\/wp-json\/wp\/v2\/media?parent=1318"}],"wp:term":[{"taxonomy":"product_cat","embeddable":true,"href":"http:\/\/klubmamgdynia.pl\/index.php\/wp-json\/wp\/v2\/product_cat?post=1318"},{"taxonomy":"product_tag","embeddable":true,"href":"http:\/\/klubmamgdynia.pl\/index.php\/wp-json\/wp\/v2\/product_tag?post=1318"}],"curies":[{"name":"wp","href":"https:\/\/api.w.org\/{rel}","templated":true}]}}