{"id":132,"date":"2022-04-25T18:18:45","date_gmt":"2022-04-25T16:18:45","guid":{"rendered":"http:\/\/klubmamgdynia.pl\/index.php\/produkt\/babyfehn-maskotka-z-pozytywka-kotek\/"},"modified":"2026-04-30T18:56:56","modified_gmt":"2026-04-30T16:56:56","slug":"babyfehn-maskotka-z-pozytywka-kotek","status":"publish","type":"product","link":"http:\/\/klubmamgdynia.pl\/index.php\/produkt\/babyfehn-maskotka-z-pozytywka-kotek\/","title":{"rendered":"Babyfehn Maskotka Z Pozytywk\u0105 Kotek"},"content":{"rendered":"<p>Maskotka z Pozytywk\u0105, Kotek z Kolekcji: Kolorowi PrzyjacieleZabawka, kt\u00f3ra sprawi \u017ce wszystkie sny b\u0119d\u0105 najpi\u0119kniejsze! Uroczy Kotek skradnie serce zar\u00f3wno Tobie, jak i twojemu maluszkowi. Wykonana z wyj\u0105tkowo mi\u0119kkiego oraz delikatnego dla sk\u00f3ry dziecka materia\u0142u. Dodatkowo wyposa\u017cona jest w pozytywk\u0119. Po poci\u0105gni\u0119ciu za r\u00f3\u017cowy pier\u015bcie\u0144, odtwarza melodi\u0119 znanej ko\u0142ysanki, kt\u00f3ra uspokoi, wyciszy oraz u\u015bpi twoje dziecko. Maskotka posiada wst\u0105\u017ceczk\u0119 pozwalaj\u0105c\u0105 powiesi\u0107 j\u0105 np. na barierce \u0142\u00f3\u017ceczka, w\u00f3zka czy noside\u0142ka. Zabawka wykonana zosta\u0142a z materia\u0142\u00f3w wysokiej jako\u015bci, jest przeznaczona dla wszystkich maluszk\u00f3w ju\u017c od urodzenia. Przeniesie odrobin\u0119 spokoju i ukojenia do pokoiku dzieci\u0119cego.Dzia\u0142a koj\u0105co na dziecko, wyciszaj\u0105c i pomagaj\u0105c mu zasn\u0105\u0107.Do zawieszenia na \u0142\u00f3\u017ceczku, w\u00f3zku noside\u0142ku itp.Rozwija zmys\u0142y wzroku i s\u0142uchu.R\u00f3\u017cnorodne faktury materia\u0142u stymuluj\u0105 dotyk.R\u0119cznie uruchamiana pozytywka nie wymaga stosowania baterii.Mo\u017cna pra\u0107 w temp. 30C, po wcze\u015bniejszym usuni\u0119ciu mechanizmu pozytywki.Wymiary produktu: 15 cm x 8 cm x 6 cm.Wszystkie zabawki niemieckiej marki FEHN s\u0105 bezpieczne dla dzieci od 0 lat.Wykonane s\u0105 z najlepszej jako\u015bci materia\u0142\u00f3w.Spe\u0142niaj\u0105 normy EN71, CE, badane w instytutach Stiftung Warentest lub kotest. TYTU\u0141 MASKOTKA Z POZYTYWK\u0104. KOTEK WYDAWCA BABYFEHN ROK WYDANIA 2020 EAN 4001998055023 Znajd\u017a podobne wed\u0142ug klucza: BABYFEHN KOTEK MASKOTKA (393564)<\/p>\n<h2>Babyfehn Maskotka Z Pozytywk\u0105 Kotek Fehn<\/h2>\n<p>kr\u00f3tkie czytanki dla dzieci do wydruku, zagadki dla dzieci 4-5 lat online, hymn g\u00f3rniczy, \u015bmieszne zagadki matematyczne, farma dyni poznan, rzadkie imiona japo\u0144skie, prima aprilis pomys\u0142y, znajd\u017a r\u00f3\u017cnice, bajka krecik, m\u0105dre bajki dla dzieci do czytania, zagadki dla 9 latk\u00f3w, drzewo genealogiczne do druku, zagadki co to jest, zabawy miko\u0142ajkowe dla dzieci, motto dla nauczyciela, kolorowanka prezent, zadania logiczne dla dzieci, prezent dla 7 latka na urodziny, bajka o dinozaurach do czytania, filmy animowane \u015bwi\u0105teczne<\/p>\n<p>yyyyy<\/p>\n<p>&nbsp;<\/p>\n","protected":false},"excerpt":{"rendered":"<p>Maskotka z Pozytywk\u0105, Kotek z Kolekcji: Kolorowi PrzyjacieleZabawka, kt\u00f3ra sprawi \u017ce wszystkie sny b\u0119d\u0105 najpi\u0119kniejsze! Uroczy Kotek skradnie serce zar\u00f3wno Tobie, jak i twojemu maluszkowi. Wykonana z wyj\u0105tkowo mi\u0119kkiego oraz delikatnego dla sk\u00f3ry dziecka materia\u0142u. Dodatkowo wyposa\u017cona jest w pozytywk\u0119. Po poci\u0105gni\u0119ciu za r\u00f3\u017cowy pier\u015bcie\u0144, odtwarza melodi\u0119 znanej ko\u0142ysanki, kt\u00f3ra uspokoi, wyciszy oraz u\u015bpi twoje [&hellip;]<\/p>\n","protected":false},"featured_media":133,"comment_status":"closed","ping_status":"open","template":"","meta":[],"product_cat":[44,26],"product_tag":[844,759,643,703,739],"class_list":["post-132","product","type-product","status-publish","has-post-thumbnail","hentry","product_cat-fehn","product_cat-zabawki-do-wozka-lozeczka-i-fotelika","product_tag-co-kupic-na-roczek","product_tag-pomysly-na-prezent-dla-nastolatkow","product_tag-prezent-dla-17-latki","product_tag-prezent-dla-nastolatki","product_tag-prima-aprilis-w-szkole"],"_links":{"self":[{"href":"http:\/\/klubmamgdynia.pl\/index.php\/wp-json\/wp\/v2\/product\/132","targetHints":{"allow":["GET"]}}],"collection":[{"href":"http:\/\/klubmamgdynia.pl\/index.php\/wp-json\/wp\/v2\/product"}],"about":[{"href":"http:\/\/klubmamgdynia.pl\/index.php\/wp-json\/wp\/v2\/types\/product"}],"replies":[{"embeddable":true,"href":"http:\/\/klubmamgdynia.pl\/index.php\/wp-json\/wp\/v2\/comments?post=132"}],"wp:featuredmedia":[{"embeddable":true,"href":"http:\/\/klubmamgdynia.pl\/index.php\/wp-json\/wp\/v2\/media\/133"}],"wp:attachment":[{"href":"http:\/\/klubmamgdynia.pl\/index.php\/wp-json\/wp\/v2\/media?parent=132"}],"wp:term":[{"taxonomy":"product_cat","embeddable":true,"href":"http:\/\/klubmamgdynia.pl\/index.php\/wp-json\/wp\/v2\/product_cat?post=132"},{"taxonomy":"product_tag","embeddable":true,"href":"http:\/\/klubmamgdynia.pl\/index.php\/wp-json\/wp\/v2\/product_tag?post=132"}],"curies":[{"name":"wp","href":"https:\/\/api.w.org\/{rel}","templated":true}]}}