{"id":1320,"date":"2020-01-11T03:12:44","date_gmt":"2020-01-11T02:12:44","guid":{"rendered":"http:\/\/klubmamgdynia.pl\/index.php\/produkt\/tm-toys-peppa-plusz-25-cm\/"},"modified":"2026-04-06T18:56:57","modified_gmt":"2026-04-06T16:56:57","slug":"tm-toys-peppa-plusz-25-cm","status":"publish","type":"product","link":"http:\/\/klubmamgdynia.pl\/index.php\/produkt\/tm-toys-peppa-plusz-25-cm\/","title":{"rendered":"Tm Toys Peppa Plusz 25 Cm"},"content":{"rendered":"<p>Autor:ISBN: 0m+EAN: 4893825024490Wydawnictwo: TM ToysWydanie: folia,9x25x8 cmStrony:Urocza maskotka Peppa.Wysoko\u015b\u0107 maskotki 25cm.<\/p>\n<h2>Tm Toys Peppa Plusz 25 Cm TM Toys<\/h2>\n<p>karaluchy pod poduchy, quizy flagi, prezent dla 7 latka, krok jak narysowa\u0107 konia, \u017cyczenia na lany poniedzia\u0142ek wielkanocny, na wyspach bergamutach tekst, szablony zimowe do wydruku, lol kolorowanki, zagadki dla dzieci 7-8 lat online, jak narysowa\u0107 psa krok po kroku, bajka o piesku do czytania, kwiecien plecien, kolorowanka lol surprise, prezenty na 1 roczek, policja kolorowanka, quiz z bajek, dymitr, dinozaur bajka, quizy psi patrol, bajka o kreciku<\/p>\n<p>yyyyy<\/p>\n<p>&nbsp;<\/p>\n","protected":false},"excerpt":{"rendered":"<p>Autor:ISBN: 0m+EAN: 4893825024490Wydawnictwo: TM ToysWydanie: folia,9x25x8 cmStrony:Urocza maskotka Peppa.Wysoko\u015b\u0107 maskotki 25cm. Tm Toys Peppa Plusz 25 Cm TM Toys karaluchy pod poduchy, quizy flagi, prezent dla 7 latka, krok jak narysowa\u0107 konia, \u017cyczenia na lany poniedzia\u0142ek wielkanocny, na wyspach bergamutach tekst, szablony zimowe do wydruku, lol kolorowanki, zagadki dla dzieci 7-8 lat online, jak narysowa\u0107 [&hellip;]<\/p>\n","protected":false},"featured_media":1321,"comment_status":"closed","ping_status":"open","template":"","meta":[],"product_cat":[42,145],"product_tag":[845,609,857],"class_list":["post-1320","product","type-product","status-publish","has-post-thumbnail","hentry","product_cat-maskotki","product_cat-tm-toys","product_tag-ach-spij-kochanie-tekst","product_tag-quiz-flagi-europy","product_tag-zagadki-dla-dzieci-7-8-lat"],"_links":{"self":[{"href":"http:\/\/klubmamgdynia.pl\/index.php\/wp-json\/wp\/v2\/product\/1320","targetHints":{"allow":["GET"]}}],"collection":[{"href":"http:\/\/klubmamgdynia.pl\/index.php\/wp-json\/wp\/v2\/product"}],"about":[{"href":"http:\/\/klubmamgdynia.pl\/index.php\/wp-json\/wp\/v2\/types\/product"}],"replies":[{"embeddable":true,"href":"http:\/\/klubmamgdynia.pl\/index.php\/wp-json\/wp\/v2\/comments?post=1320"}],"wp:featuredmedia":[{"embeddable":true,"href":"http:\/\/klubmamgdynia.pl\/index.php\/wp-json\/wp\/v2\/media\/1321"}],"wp:attachment":[{"href":"http:\/\/klubmamgdynia.pl\/index.php\/wp-json\/wp\/v2\/media?parent=1320"}],"wp:term":[{"taxonomy":"product_cat","embeddable":true,"href":"http:\/\/klubmamgdynia.pl\/index.php\/wp-json\/wp\/v2\/product_cat?post=1320"},{"taxonomy":"product_tag","embeddable":true,"href":"http:\/\/klubmamgdynia.pl\/index.php\/wp-json\/wp\/v2\/product_tag?post=1320"}],"curies":[{"name":"wp","href":"https:\/\/api.w.org\/{rel}","templated":true}]}}