{"id":1322,"date":"2018-07-04T00:05:31","date_gmt":"2018-07-03T22:05:31","guid":{"rendered":"http:\/\/klubmamgdynia.pl\/index.php\/produkt\/kayoba-zestaw-koralikow\/"},"modified":"2026-04-23T06:32:23","modified_gmt":"2026-04-23T04:32:23","slug":"kayoba-zestaw-koralikow","status":"publish","type":"product","link":"http:\/\/klubmamgdynia.pl\/index.php\/produkt\/kayoba-zestaw-koralikow\/","title":{"rendered":"KAYOBA ZESTAW KORALIK\u00d3W"},"content":{"rendered":"<p>Zestaw zawiera 12 000 koralik\u00f3w w r\u00f3\u017cnych kolorach.Na wiele kreatywnych chwil! Dzi\u0119ki temu zestawowi koralik\u00f3w na do\u0142\u0105czonych p\u0142ytkach mo\u017cesz stworzy\u0107 pi\u0119kne motywy o r\u00f3\u017cnych wzorach i kolorach. Koraliki, p\u0142ytki i papier do prasowaniaZestaw zawiera wszystko, czego tylko mo\u017cesz potrzebowa\u0107 do uk\u0142adania:Pojemnik z 12 000 koralikami w r\u00f3\u017cnych kolorach3 p\u0142ytkip\u0119setapapier do prasowania.<\/p>\n<h2>KAYOBA ZESTAW KORALIK\u00d3W Kayoba<\/h2>\n<p>imie lilianna, karteczki wydruku wr\u00f3\u017cby andrzejkowe dla dzieci, halloween dla dzieci warszawa 2021, tajemniczy ogr\u00f3d test z lektury, szlaczki do druku, cytaty z ma\u0142ego ksi\u0119cia, paloma, pieski ma\u0142e dwa tekst<\/p>\n<p>yyyyy<\/p>\n<p>&nbsp;<\/p>\n","protected":false},"excerpt":{"rendered":"<p>Zestaw zawiera 12 000 koralik\u00f3w w r\u00f3\u017cnych kolorach.Na wiele kreatywnych chwil! Dzi\u0119ki temu zestawowi koralik\u00f3w na do\u0142\u0105czonych p\u0142ytkach mo\u017cesz stworzy\u0107 pi\u0119kne motywy o r\u00f3\u017cnych wzorach i kolorach. Koraliki, p\u0142ytki i papier do prasowaniaZestaw zawiera wszystko, czego tylko mo\u017cesz potrzebowa\u0107 do uk\u0142adania:Pojemnik z 12 000 koralikami w r\u00f3\u017cnych kolorach3 p\u0142ytkip\u0119setapapier do prasowania. KAYOBA ZESTAW KORALIK\u00d3W Kayoba [&hellip;]<\/p>\n","protected":false},"featured_media":1323,"comment_status":"closed","ping_status":"open","template":"","meta":[],"product_cat":[383,39],"product_tag":[865,624,842,631,632],"class_list":["post-1322","product","type-product","status-publish","has-post-thumbnail","hentry","product_cat-kayoba","product_cat-zabawki-interaktywne","product_tag-cytaty-o-dzieciach","product_tag-krotkie-zagadki","product_tag-plac-zabaw-poznan","product_tag-prezent-na-roczek","product_tag-warszawa-atrakcje-dla-mlodziezy"],"_links":{"self":[{"href":"http:\/\/klubmamgdynia.pl\/index.php\/wp-json\/wp\/v2\/product\/1322","targetHints":{"allow":["GET"]}}],"collection":[{"href":"http:\/\/klubmamgdynia.pl\/index.php\/wp-json\/wp\/v2\/product"}],"about":[{"href":"http:\/\/klubmamgdynia.pl\/index.php\/wp-json\/wp\/v2\/types\/product"}],"replies":[{"embeddable":true,"href":"http:\/\/klubmamgdynia.pl\/index.php\/wp-json\/wp\/v2\/comments?post=1322"}],"wp:featuredmedia":[{"embeddable":true,"href":"http:\/\/klubmamgdynia.pl\/index.php\/wp-json\/wp\/v2\/media\/1323"}],"wp:attachment":[{"href":"http:\/\/klubmamgdynia.pl\/index.php\/wp-json\/wp\/v2\/media?parent=1322"}],"wp:term":[{"taxonomy":"product_cat","embeddable":true,"href":"http:\/\/klubmamgdynia.pl\/index.php\/wp-json\/wp\/v2\/product_cat?post=1322"},{"taxonomy":"product_tag","embeddable":true,"href":"http:\/\/klubmamgdynia.pl\/index.php\/wp-json\/wp\/v2\/product_tag?post=1322"}],"curies":[{"name":"wp","href":"https:\/\/api.w.org\/{rel}","templated":true}]}}