{"id":1324,"date":"2012-12-18T22:52:17","date_gmt":"2012-12-18T21:52:17","guid":{"rendered":"http:\/\/klubmamgdynia.pl\/index.php\/produkt\/hello-neighbor-2-deluxe-edition-gra-ns\/"},"modified":"2026-04-03T19:41:30","modified_gmt":"2026-04-03T17:41:30","slug":"hello-neighbor-2-deluxe-edition-gra-ns","status":"publish","type":"product","link":"http:\/\/klubmamgdynia.pl\/index.php\/produkt\/hello-neighbor-2-deluxe-edition-gra-ns\/","title":{"rendered":"Hello Neighbor 2 Deluxe Edition (Gra NS)"},"content":{"rendered":"<p>Zawarto\u015b\u0107 Edycji DeluxeHello Neighbor 2Deluxe Edition zawiera voucher na Deluxe Edition Content Pack zawieraj\u0105cy 3 dodatki DLC, oraz 5-dniowy wcze\u015bniejszy dost\u0119p.<\/p>\n<p>Nie masz do\u015b\u0107 Hello Neighbor 2 i bardzo podejrzanego miasteczka Raven Brooks? Tw\u00f3rca gry ma dla Ciebie rozwi\u0105zanie. Wzboga\u0107 swoje do\u015bwiadczenie w grze Hello Neighbor 2 dzi\u0119ki pakietowi tre\u015bci Deluxe Edition. Poznaj wi\u0119cej s\u0105siad\u00f3w i poznaj ich unikalne cechy, odkryj nowe lokacje i wypr\u00f3buj zaawansowane narz\u0119dzia \u015bledcze dost\u0119pne na wyci\u0105gni\u0119cie r\u0119ki.<br \/>\n\u00a0Zawarto\u015b\u0107 Edycji Deluxe obejmuje:<br \/>\nHello Neighbor 2 &#8211; Back to School DLC\u00a0Hello Neighbor 2 &#8211; DLC Op\u0142aty za sp\u00f3\u017anienia\u00a0Hello Neighbor 2 &#8211; Hello-copter DLC<\/p>\n<h2>Hello Neighbor 2 Deluxe Edition (Gra NS) Eerie Guest<\/h2>\n<p>najtrudniejsze zagadki, piosenka na dzie\u0144 nauczyciela przedszkole, quiz o \u015bwi\u0119tach bo\u017cego narodzenia, quiz o \u015bwi\u0119tach, trudne zagadki logiczne, zagadki z odpowiedziami, prezent na urodziny dla nastolatk\u00f3w, babcia z dziadkiem to jest to tekst, przyja\u017a\u0144 cytaty, prezent dla nastoletniego ch\u0142opca, test z opowie\u015bci z narnii lew czarownica i stara szafa, test ze znak\u00f3w drogowych, zagadki dla 7 latk\u00f3w, kamila, prezenty dla rocznego dziecka, lody kolorowanka, wr\u00f3\u017cby andrzejkowe kolory, leonardo imie, elzbieta imie, prima aprilis zarty, \u015bmigus dyngus lany poniedzia\u0142ek zyczenia<\/p>\n<p>yyyyy<\/p>\n<p>&nbsp;<\/p>\n","protected":false},"excerpt":{"rendered":"<p>Zawarto\u015b\u0107 Edycji DeluxeHello Neighbor 2Deluxe Edition zawiera voucher na Deluxe Edition Content Pack zawieraj\u0105cy 3 dodatki DLC, oraz 5-dniowy wcze\u015bniejszy dost\u0119p. Nie masz do\u015b\u0107 Hello Neighbor 2 i bardzo podejrzanego miasteczka Raven Brooks? Tw\u00f3rca gry ma dla Ciebie rozwi\u0105zanie. Wzboga\u0107 swoje do\u015bwiadczenie w grze Hello Neighbor 2 dzi\u0119ki pakietowi tre\u015bci Deluxe Edition. Poznaj wi\u0119cej s\u0105siad\u00f3w [&hellip;]<\/p>\n","protected":false},"featured_media":1325,"comment_status":"closed","ping_status":"open","template":"","meta":[],"product_cat":[384,348],"product_tag":[862,620,597],"class_list":["post-1324","product","type-product","status-publish","has-post-thumbnail","hentry","product_cat-eerie-guest","product_cat-gry-nintendo-switch","product_tag-nasza-zima-zla-tekst","product_tag-quiz-opowiesci-z-narnii","product_tag-zagadki-o-zimie"],"_links":{"self":[{"href":"http:\/\/klubmamgdynia.pl\/index.php\/wp-json\/wp\/v2\/product\/1324","targetHints":{"allow":["GET"]}}],"collection":[{"href":"http:\/\/klubmamgdynia.pl\/index.php\/wp-json\/wp\/v2\/product"}],"about":[{"href":"http:\/\/klubmamgdynia.pl\/index.php\/wp-json\/wp\/v2\/types\/product"}],"replies":[{"embeddable":true,"href":"http:\/\/klubmamgdynia.pl\/index.php\/wp-json\/wp\/v2\/comments?post=1324"}],"wp:featuredmedia":[{"embeddable":true,"href":"http:\/\/klubmamgdynia.pl\/index.php\/wp-json\/wp\/v2\/media\/1325"}],"wp:attachment":[{"href":"http:\/\/klubmamgdynia.pl\/index.php\/wp-json\/wp\/v2\/media?parent=1324"}],"wp:term":[{"taxonomy":"product_cat","embeddable":true,"href":"http:\/\/klubmamgdynia.pl\/index.php\/wp-json\/wp\/v2\/product_cat?post=1324"},{"taxonomy":"product_tag","embeddable":true,"href":"http:\/\/klubmamgdynia.pl\/index.php\/wp-json\/wp\/v2\/product_tag?post=1324"}],"curies":[{"name":"wp","href":"https:\/\/api.w.org\/{rel}","templated":true}]}}