{"id":1328,"date":"2012-03-23T05:25:03","date_gmt":"2012-03-23T04:25:03","guid":{"rendered":"http:\/\/klubmamgdynia.pl\/index.php\/produkt\/tami-bawelniane-reczniki-dla-noworodkow-i-niemowlat-rolka-2x50szt\/"},"modified":"2026-04-04T05:08:15","modified_gmt":"2026-04-04T03:08:15","slug":"tami-bawelniane-reczniki-dla-noworodkow-i-niemowlat-rolka-2x50szt","status":"publish","type":"product","link":"http:\/\/klubmamgdynia.pl\/index.php\/produkt\/tami-bawelniane-reczniki-dla-noworodkow-i-niemowlat-rolka-2x50szt\/","title":{"rendered":"Tami Bawe\u0142niane r\u0119czniki dla noworodk\u00f3w i niemowl\u0105t rolka 2X50szt."},"content":{"rendered":"<p>Bawe\u0142niane r\u0119czniki dla noworodk\u00f3w 100% naturalne100% biodegradowalne100% kompostowalnerolka 50 sztuk 100% Bawe\u0142niane r\u0119czniczki s\u0105 idealne do osuszania delikatnej sk\u00f3ry dziecka, a tak\u017ce piel\u0119gnacji przy u\u017cyciu wody, oliwki lub delikatnych kosmetyk\u00f3w. Innowacyjne i wyj\u0105tkowe r\u0119czniczki bawe\u0142niane s\u0105 polecane do wra\u017cliwej sk\u00f3ry niemowl\u0105t, r\u00f3wnie\u017c ze sk\u0142onno\u015bci\u0105 do alergii. Dzi\u0119ki wyj\u0105tkowej budowie w\u0142\u00f3kien bawe\u0142nianych, r\u0119czniczki s\u0105 niezwykle ch\u0142onne i wydajne. W przeciwie\u0144stwie do r\u0119cznik\u00f3w wielokrotnego u\u017cytku, jednorazowe, bawe\u0142niane r\u0119czniczki nie gromadz\u0105 bakterii. Mog\u0105 by\u0107 wyp\u0142ukane i u\u017cyte ponownie. R\u0119czniczki s\u0105 w 100% kompostowalne, wi\u0119c po u\u017cyciu mo\u017cna je wyrzuci\u0107 bez obaw na negatywny wp\u0142yw dla \u015brodowiska naturalnego. Wskazania Codzienna piel\u0119gnacja dzieci ju\u017c od chwili narodzin. Sk\u0142ad 100% Bawe\u0142na<\/p>\n<h2>Tami Bawe\u0142niane r\u0119czniki dla noworodk\u00f3w i niemowl\u0105t rolka 2X50szt. Tami<\/h2>\n<p>kajko i kokosz szko\u0142a latania &#8211; test do wydruku, wzory dyplom\u00f3w do pobrania, jednoro\u017cec kolorowanka do druku, miriam imie, nowe quizy do rozwi\u0105zania, \u0142amig\u0142\u00f3wki dla dzieci do druku, przeczytaj mi wiersz, roczek prezent, \u015bwinka peppa kolorowanka do druku, zagadki dla ma\u0142ych dzieci<\/p>\n<p>yyyyy<\/p>\n<p>&nbsp;<\/p>\n","protected":false},"excerpt":{"rendered":"<p>Bawe\u0142niane r\u0119czniki dla noworodk\u00f3w 100% naturalne100% biodegradowalne100% kompostowalnerolka 50 sztuk 100% Bawe\u0142niane r\u0119czniczki s\u0105 idealne do osuszania delikatnej sk\u00f3ry dziecka, a tak\u017ce piel\u0119gnacji przy u\u017cyciu wody, oliwki lub delikatnych kosmetyk\u00f3w. Innowacyjne i wyj\u0105tkowe r\u0119czniczki bawe\u0142niane s\u0105 polecane do wra\u017cliwej sk\u00f3ry niemowl\u0105t, r\u00f3wnie\u017c ze sk\u0142onno\u015bci\u0105 do alergii. Dzi\u0119ki wyj\u0105tkowej budowie w\u0142\u00f3kien bawe\u0142nianych, r\u0119czniczki s\u0105 niezwykle ch\u0142onne [&hellip;]<\/p>\n","protected":false},"featured_media":1329,"comment_status":"closed","ping_status":"open","template":"","meta":[],"product_cat":[370,386],"product_tag":[753,583,615],"class_list":["post-1328","product","type-product","status-publish","has-post-thumbnail","hentry","product_cat-podklady-higieniczne","product_cat-tami","product_tag-kamila","product_tag-kolysanki-dla-dzieci-tekst","product_tag-znane-misie-z-filmow-animowanych"],"_links":{"self":[{"href":"http:\/\/klubmamgdynia.pl\/index.php\/wp-json\/wp\/v2\/product\/1328","targetHints":{"allow":["GET"]}}],"collection":[{"href":"http:\/\/klubmamgdynia.pl\/index.php\/wp-json\/wp\/v2\/product"}],"about":[{"href":"http:\/\/klubmamgdynia.pl\/index.php\/wp-json\/wp\/v2\/types\/product"}],"replies":[{"embeddable":true,"href":"http:\/\/klubmamgdynia.pl\/index.php\/wp-json\/wp\/v2\/comments?post=1328"}],"wp:featuredmedia":[{"embeddable":true,"href":"http:\/\/klubmamgdynia.pl\/index.php\/wp-json\/wp\/v2\/media\/1329"}],"wp:attachment":[{"href":"http:\/\/klubmamgdynia.pl\/index.php\/wp-json\/wp\/v2\/media?parent=1328"}],"wp:term":[{"taxonomy":"product_cat","embeddable":true,"href":"http:\/\/klubmamgdynia.pl\/index.php\/wp-json\/wp\/v2\/product_cat?post=1328"},{"taxonomy":"product_tag","embeddable":true,"href":"http:\/\/klubmamgdynia.pl\/index.php\/wp-json\/wp\/v2\/product_tag?post=1328"}],"curies":[{"name":"wp","href":"https:\/\/api.w.org\/{rel}","templated":true}]}}