{"id":1330,"date":"2012-12-23T23:50:52","date_gmt":"2012-12-23T22:50:52","guid":{"rendered":"http:\/\/klubmamgdynia.pl\/index.php\/produkt\/elden-ring-gra-xbox-series-x\/"},"modified":"2026-05-17T23:15:46","modified_gmt":"2026-05-17T21:15:46","slug":"elden-ring-gra-xbox-series-x","status":"publish","type":"product","link":"http:\/\/klubmamgdynia.pl\/index.php\/produkt\/elden-ring-gra-xbox-series-x\/","title":{"rendered":"Elden Ring (Gra Xbox Series X)"},"content":{"rendered":"<p>ELDEN RING to gra RPG akcji w konwencji fantasy stworzona przez FromSoftware Inc. i wyprodukowana przez BANDAI NAMCO. Fabu\u0142a tego najwi\u0119kszego jak do tej pory tytu\u0142u FromSoftware zosta\u0142a osadzona w \u015bwiecie pe\u0142nym tajemnic i niebezpiecze\u0144stw.\u00a0                            <\/p>\n<p>\u00a0Z\u0142oty Porz\u0105dek zosta\u0142 rozbity. \u00a0Powsta\u0144, zmatowie\u0144cze, i pozw\u00f3l si\u0119 prowadzi\u0107 \u0142asce, by posi\u0105\u015b\u0107 moc Elde\u0144skiego Kr\u0119gu i zosta\u0107 Elde\u0144skim W\u0142adc\u0105 na Ziemiach Pomi\u0119dzy.\u00a0                            <\/p>\n<p>\u00a0Na Ziemiach Pomi\u0119dzy, rz\u0105dzonych przez kr\u00f3low\u0105 Marik\u0119 Wieczn\u0105, dosz\u0142o do rozbicia Elde\u0144skiego Kr\u0119gu \u2013 \u017ar\u00f3d\u0142a \u017cycia Z\u0142otego Drzewa. B\u0119d\u0105ce w po\u0142owie bogami dzieci Mariki zapragn\u0119\u0142y od\u0142amk\u00f3w zniszczonego Kr\u0119gu, zwanych Wielkimi Runami. Nowo pozyskana moc sprowadzi\u0142a na nich jednak szale\u0144stwo, doprowadzaj\u0105c do wojny \u2013 Roztrzaskania. Wojny oznaczaj\u0105cej porzucenie przez Wy\u017csz\u0105 Wol\u0119. Przewodnictwa \u0142aski do\u015bwiadcz\u0105 teraz zmatowie\u0144cy, kt\u00f3rzy wcze\u015bniej zostali pozbawieni dobrodziejstw z\u0142ota i wygnani z Ziem Pomi\u0119dzy. Ty, co \u017cyjesz mimo \u015bmierci! Cho\u0107 dawno temu opu\u015bci\u0142a ci\u0119 \u0142aska, ruszaj ku Ziemiom Pomi\u0119dzy przez spowite mg\u0142\u0105 morze, aby stan\u0105\u0107 przed Elde\u0144skim Kr\u0119giem. I zosta\u0107 Elde\u0144skim W\u0142adc\u0105.\u00a0                            <\/p>\n<p>\u00a0Nowy \u015bwiat fantasyPoznaj Ziemie Pomi\u0119dzy, czyli nowy \u015bwiat fantasy stworzony przez Hidetak\u0119 Miyazakiego, tw\u00f3rc\u0119 kultowej serii gier DARK SOULS, oraz George\u2019a R. R. Martina \u2013 autora Pie\u015bni Lodu i Ognia, bestsellerowego cyklu fantasy wed\u0142ug \u201eThe New York Times\u201d. Odkryj tajemnic\u0119 pot\u0119gi Elde\u0144skiego Kr\u0119gu. Spotkaj na swojej drodze wrog\u00f3w, kt\u00f3rych g\u0142\u0119bi\u0119 oddano z niezwyk\u0142\u0105 staranno\u015bci\u0105; postacie maj\u0105ce w\u0142asne, wyj\u0105tkowe powody, by pomaga\u0107 lub przeszkadza\u0107 w osi\u0105ganiu twoich cel\u00f3w; i wreszcie przer\u00f3\u017cne straszliwe stworzenia.\u00a0                            <\/p>\n<p>\u00a0Odkrywanie \u015bwiata Ziem Pomi\u0119dzyW grze ELDEN RING znajdziesz rozleg\u0142e krajobrazy rodem z fantasy oraz mroczne, zawi\u0142e lochy, a obie te scenerie zosta\u0142y po\u0142\u0105czone z nadzwyczajn\u0105 p\u0142ynno\u015bci\u0105. Przemierzaj ten zachwycaj\u0105cy \u015bwiat pieszo lub konno, w pojedynk\u0119 lub z innymi graczami w sieci, i uwierz, \u017ce naprawd\u0119 znajdujesz si\u0119 na trawiastych r\u00f3wninach, dusznych bagnach, w strzelistych g\u00f3rach, z\u0142owieszczych zamczyskach oraz innych monumentalnych miejscach, jakich nie by\u0142o jeszcze w \u017cadnej produkcji FromSoftware.\u00a0                            <\/p>\n<p>\u00a0Rozgrywka definiuj\u0105ca gatunekStw\u00f3rz w\u0142asnego bohatera w tym dopracowanym RPG akcji od FromSoftware i znajd\u017a w\u0142asny styl gry, eksperymentuj\u0105c z r\u00f3\u017cnymi rodzajami broni, wieloma magicznymi zdolno\u015bciami i szerok\u0105 gam\u0105 umiej\u0119tno\u015bci. Szar\u017cuj na wrog\u00f3w, likwiduj jednego po drugim z ukrycia lub skorzystaj z pomocy sojusznik\u00f3w. To ty decydujesz, w jaki spos\u00f3b chcesz walczy\u0107 i odkrywa\u0107 \u015bwiat.\u00a0                            <\/p>\n<p>\u00a0                            <\/p>\n<p>\u00a0<\/p>\n<h2>Elden Ring (Gra Xbox Series X) FromSoftware<\/h2>\n<p>prezenty dla 7 latka, kuchcikowo przepisy dla dzieci, \u015bwinka peppa dom, wyci\u0119cia szablon korony do druku, bombki do kolorowania, gwiazda do wydruku, piosenka przyjed\u017a do nas miko\u0142aju, rzadkie imiona \u017ce\u0144skie, czapka g\u00f3rnika kolorowanka, zagadki dla dzieci z odpowiedziami, zagadki dla dzieci, darmowe quizy, zaj\u0119cia dla nastolatk\u00f3w, mia imie, karyna, planety do druku dla dzieci, wiosenne zagadki dla dzieci, god\u0142o polski do druku, mariola, quiz o zwierz\u0119tach domowych, zagadki logiczne trudne<\/p>\n<p>yyyyy<\/p>\n<p>&nbsp;<\/p>\n","protected":false},"excerpt":{"rendered":"<p>ELDEN RING to gra RPG akcji w konwencji fantasy stworzona przez FromSoftware Inc. i wyprodukowana przez BANDAI NAMCO. Fabu\u0142a tego najwi\u0119kszego jak do tej pory tytu\u0142u FromSoftware zosta\u0142a osadzona w \u015bwiecie pe\u0142nym tajemnic i niebezpiecze\u0144stw.\u00a0 \u00a0Z\u0142oty Porz\u0105dek zosta\u0142 rozbity. \u00a0Powsta\u0144, zmatowie\u0144cze, i pozw\u00f3l si\u0119 prowadzi\u0107 \u0142asce, by posi\u0105\u015b\u0107 moc Elde\u0144skiego Kr\u0119gu i zosta\u0107 Elde\u0144skim W\u0142adc\u0105 [&hellip;]<\/p>\n","protected":false},"featured_media":1331,"comment_status":"closed","ping_status":"open","template":"","meta":[],"product_cat":[387,377],"product_tag":[751,799,872,725,577],"class_list":["post-1330","product","type-product","status-publish","has-post-thumbnail","hentry","product_cat-fromsoftware","product_cat-gry-xbox-series-x","product_tag-psi-patrol-kolorowanka","product_tag-zagadka-logiczna","product_tag-zagadki-dla-dzieci-6-lat","product_tag-zgadywanki","product_tag-znaki-drogowe-test"],"_links":{"self":[{"href":"http:\/\/klubmamgdynia.pl\/index.php\/wp-json\/wp\/v2\/product\/1330","targetHints":{"allow":["GET"]}}],"collection":[{"href":"http:\/\/klubmamgdynia.pl\/index.php\/wp-json\/wp\/v2\/product"}],"about":[{"href":"http:\/\/klubmamgdynia.pl\/index.php\/wp-json\/wp\/v2\/types\/product"}],"replies":[{"embeddable":true,"href":"http:\/\/klubmamgdynia.pl\/index.php\/wp-json\/wp\/v2\/comments?post=1330"}],"wp:featuredmedia":[{"embeddable":true,"href":"http:\/\/klubmamgdynia.pl\/index.php\/wp-json\/wp\/v2\/media\/1331"}],"wp:attachment":[{"href":"http:\/\/klubmamgdynia.pl\/index.php\/wp-json\/wp\/v2\/media?parent=1330"}],"wp:term":[{"taxonomy":"product_cat","embeddable":true,"href":"http:\/\/klubmamgdynia.pl\/index.php\/wp-json\/wp\/v2\/product_cat?post=1330"},{"taxonomy":"product_tag","embeddable":true,"href":"http:\/\/klubmamgdynia.pl\/index.php\/wp-json\/wp\/v2\/product_tag?post=1330"}],"curies":[{"name":"wp","href":"https:\/\/api.w.org\/{rel}","templated":true}]}}