{"id":1332,"date":"2020-11-23T02:47:34","date_gmt":"2020-11-23T01:47:34","guid":{"rendered":"http:\/\/klubmamgdynia.pl\/index.php\/produkt\/gra-planszowa-huch-friends-dreamscape-der-rote-rabe-wersja-niemiecka\/"},"modified":"2026-04-03T19:22:02","modified_gmt":"2026-04-03T17:22:02","slug":"gra-planszowa-huch-friends-dreamscape-der-rote-rabe-wersja-niemiecka","status":"publish","type":"product","link":"http:\/\/klubmamgdynia.pl\/index.php\/produkt\/gra-planszowa-huch-friends-dreamscape-der-rote-rabe-wersja-niemiecka\/","title":{"rendered":"Gra planszowa Huch &amp; Friends Dreamscape Der rote Rabe (wersja niemiecka)"},"content":{"rendered":"<p>Erweiterung: Gespielt wird mit den Albtraumreglen (f\u00fcr Fortgeschrittene) &#8211; es kommen Albtraumkarten sowie eine Rabenfigur ins Spiel, wodurch sich neue M\u00f6glichkeiten f\u00fcr die roten Traumsplitter ergeben.<\/p>\n<h2>Gra planszowa Huch &amp; Friends Dreamscape Der rote Rabe (wersja niemiecka) <\/h2>\n<p>kolorowanki kotki, znaczenie imienia julian, hobbit, konstancja imie, u\u015bmiech dziecka wiersz, gabriel imi\u0119, prezent pod choink\u0119 dla 7 letniej dziewczynki, piosenki na dobranoc dla dzieci + tekst, \u017cyczenia wielkanocne dla dzieci kr\u00f3tkie, swinka peppa do czytania, quizy o koniach, prezent dla 16 latki, estera, o\u015brodki wczasowe nad morzem dla rodzin z dzie\u0107mi, kolorowanki minionki<\/p>\n<p>yyyyy<\/p>\n<p>&nbsp;<\/p>\n","protected":false},"excerpt":{"rendered":"<p>Erweiterung: Gespielt wird mit den Albtraumreglen (f\u00fcr Fortgeschrittene) &#8211; es kommen Albtraumkarten sowie eine Rabenfigur ins Spiel, wodurch sich neue M\u00f6glichkeiten f\u00fcr die roten Traumsplitter ergeben. Gra planszowa Huch &amp; Friends Dreamscape Der rote Rabe (wersja niemiecka) kolorowanki kotki, znaczenie imienia julian, hobbit, konstancja imie, u\u015bmiech dziecka wiersz, gabriel imi\u0119, prezent pod choink\u0119 dla 7 [&hellip;]<\/p>\n","protected":false},"featured_media":1333,"comment_status":"closed","ping_status":"open","template":"","meta":[],"product_cat":[235],"product_tag":[853,747,646,606],"class_list":["post-1332","product","type-product","status-publish","has-post-thumbnail","hentry","product_cat-gry-planszowe","product_tag-kolorowanki-do-druku-dla-doroslych","product_tag-malowanki-do-druku","product_tag-prezent-na-pierwsze-urodziny","product_tag-stala-pod-sniegiem"],"_links":{"self":[{"href":"http:\/\/klubmamgdynia.pl\/index.php\/wp-json\/wp\/v2\/product\/1332","targetHints":{"allow":["GET"]}}],"collection":[{"href":"http:\/\/klubmamgdynia.pl\/index.php\/wp-json\/wp\/v2\/product"}],"about":[{"href":"http:\/\/klubmamgdynia.pl\/index.php\/wp-json\/wp\/v2\/types\/product"}],"replies":[{"embeddable":true,"href":"http:\/\/klubmamgdynia.pl\/index.php\/wp-json\/wp\/v2\/comments?post=1332"}],"wp:featuredmedia":[{"embeddable":true,"href":"http:\/\/klubmamgdynia.pl\/index.php\/wp-json\/wp\/v2\/media\/1333"}],"wp:attachment":[{"href":"http:\/\/klubmamgdynia.pl\/index.php\/wp-json\/wp\/v2\/media?parent=1332"}],"wp:term":[{"taxonomy":"product_cat","embeddable":true,"href":"http:\/\/klubmamgdynia.pl\/index.php\/wp-json\/wp\/v2\/product_cat?post=1332"},{"taxonomy":"product_tag","embeddable":true,"href":"http:\/\/klubmamgdynia.pl\/index.php\/wp-json\/wp\/v2\/product_tag?post=1332"}],"curies":[{"name":"wp","href":"https:\/\/api.w.org\/{rel}","templated":true}]}}