{"id":1336,"date":"2017-10-05T22:27:54","date_gmt":"2017-10-05T20:27:54","guid":{"rendered":"http:\/\/klubmamgdynia.pl\/index.php\/produkt\/gra-planszowa-beltz-gmbh-julius-kreative-materialien-und-techniken-in-der-schematherapie-wersja-niemiecka\/"},"modified":"2026-04-20T16:00:12","modified_gmt":"2026-04-20T14:00:12","slug":"gra-planszowa-beltz-gmbh-julius-kreative-materialien-und-techniken-in-der-schematherapie-wersja-niemiecka","status":"publish","type":"product","link":"http:\/\/klubmamgdynia.pl\/index.php\/produkt\/gra-planszowa-beltz-gmbh-julius-kreative-materialien-und-techniken-in-der-schematherapie-wersja-niemiecka\/","title":{"rendered":"Gra planszowa Beltz Gmbh, Julius Kreative Materialien und Techniken in der Schematherapie (wersja niemiecka)"},"content":{"rendered":"<p>Schematherapie kreativ und erlebnisorientiert<\/p>\n<h2>Gra planszowa Beltz Gmbh, Julius Kreative Materialien und Techniken in der Schematherapie (wersja niemiecka) <\/h2>\n<p>kolorowanka super zings, miko\u0142ajek quiz, bajka terapeutyczna o z\u0142o\u015bci pdf, testy na znaki drogowe, quizy dla dzieci 8 lat, znaki drogowe quiz<\/p>\n<p>yyyyy<\/p>\n<p>&nbsp;<\/p>\n","protected":false},"excerpt":{"rendered":"<p>Schematherapie kreativ und erlebnisorientiert Gra planszowa Beltz Gmbh, Julius Kreative Materialien und Techniken in der Schematherapie (wersja niemiecka) kolorowanka super zings, miko\u0142ajek quiz, bajka terapeutyczna o z\u0142o\u015bci pdf, testy na znaki drogowe, quizy dla dzieci 8 lat, znaki drogowe quiz yyyyy &nbsp;<\/p>\n","protected":false},"featured_media":1337,"comment_status":"closed","ping_status":"open","template":"","meta":[],"product_cat":[235],"product_tag":[819,795,608],"class_list":["post-1336","product","type-product","status-publish","has-post-thumbnail","hentry","product_cat-gry-planszowe","product_tag-co-kupic-nastolatce-na-swieta","product_tag-mini-zoo-warszawa","product_tag-zagadki-i-odpowiedzi"],"_links":{"self":[{"href":"http:\/\/klubmamgdynia.pl\/index.php\/wp-json\/wp\/v2\/product\/1336","targetHints":{"allow":["GET"]}}],"collection":[{"href":"http:\/\/klubmamgdynia.pl\/index.php\/wp-json\/wp\/v2\/product"}],"about":[{"href":"http:\/\/klubmamgdynia.pl\/index.php\/wp-json\/wp\/v2\/types\/product"}],"replies":[{"embeddable":true,"href":"http:\/\/klubmamgdynia.pl\/index.php\/wp-json\/wp\/v2\/comments?post=1336"}],"wp:featuredmedia":[{"embeddable":true,"href":"http:\/\/klubmamgdynia.pl\/index.php\/wp-json\/wp\/v2\/media\/1337"}],"wp:attachment":[{"href":"http:\/\/klubmamgdynia.pl\/index.php\/wp-json\/wp\/v2\/media?parent=1336"}],"wp:term":[{"taxonomy":"product_cat","embeddable":true,"href":"http:\/\/klubmamgdynia.pl\/index.php\/wp-json\/wp\/v2\/product_cat?post=1336"},{"taxonomy":"product_tag","embeddable":true,"href":"http:\/\/klubmamgdynia.pl\/index.php\/wp-json\/wp\/v2\/product_tag?post=1336"}],"curies":[{"name":"wp","href":"https:\/\/api.w.org\/{rel}","templated":true}]}}