{"id":1338,"date":"2018-04-13T11:10:32","date_gmt":"2018-04-13T09:10:32","guid":{"rendered":"http:\/\/klubmamgdynia.pl\/index.php\/produkt\/tzmo-podklady-higieniczne-poporodowe-bella-mamma-3x10szt\/"},"modified":"2026-04-24T18:05:35","modified_gmt":"2026-04-24T16:05:35","slug":"tzmo-podklady-higieniczne-poporodowe-bella-mamma-3x10szt","status":"publish","type":"product","link":"http:\/\/klubmamgdynia.pl\/index.php\/produkt\/tzmo-podklady-higieniczne-poporodowe-bella-mamma-3x10szt\/","title":{"rendered":"Tzmo Podk\u0142ady Higieniczne Poporodowe Bella Mamma 3X10szt."},"content":{"rendered":"<p>Idealne dla kobiet w okresie po\u0142ogu, s\u0105 du\u017ce i bardzo ch\u0142onne, posiadaj\u0105 wk\u0142ad celulozowy pokryty delikatn\u0105 w\u0142\u00f3knin\u0105. Nie powoduj\u0105 reakcji alergicznych.Podk\u0142ady maj\u0105 kszta\u0142t prostok\u0105tnej pieluszki, s\u0105 przyjazne dla sk\u00f3ry, dzi\u0119ki czemu mog\u0105 ich te\u017c u\u017cywa\u0107 kobiety po wszelkich zabiegach ginekologicznych.W\u0142a\u015bciwo\u015bci:- du\u017ce i bardzo ch\u0142onne,- wk\u0142ad celulozowy,- przyjazny dla sk\u00f3ry.<\/p>\n<h2>Tzmo Podk\u0142ady Higieniczne Poporodowe Bella Mamma 3X10szt. TZMO<\/h2>\n<p>bajki dla niemowlakow, spiderman kolorowanka, menu na urodziny dziecka, kolorowanka my little pony, izabella imi\u0119, film animowany o \u015bwi\u0119tach, testy z zemsty, gad\u017cety dla nastolatk\u00f3w 2021<\/p>\n<p>yyyyy<\/p>\n<p>&nbsp;<\/p>\n","protected":false},"excerpt":{"rendered":"<p>Idealne dla kobiet w okresie po\u0142ogu, s\u0105 du\u017ce i bardzo ch\u0142onne, posiadaj\u0105 wk\u0142ad celulozowy pokryty delikatn\u0105 w\u0142\u00f3knin\u0105. Nie powoduj\u0105 reakcji alergicznych.Podk\u0142ady maj\u0105 kszta\u0142t prostok\u0105tnej pieluszki, s\u0105 przyjazne dla sk\u00f3ry, dzi\u0119ki czemu mog\u0105 ich te\u017c u\u017cywa\u0107 kobiety po wszelkich zabiegach ginekologicznych.W\u0142a\u015bciwo\u015bci:- du\u017ce i bardzo ch\u0142onne,- wk\u0142ad celulozowy,- przyjazny dla sk\u00f3ry. Tzmo Podk\u0142ady Higieniczne Poporodowe Bella Mamma [&hellip;]<\/p>\n","protected":false},"featured_media":1339,"comment_status":"closed","ping_status":"open","template":"","meta":[],"product_cat":[370,388],"product_tag":[598,855,649,623],"class_list":["post-1338","product","type-product","status-publish","has-post-thumbnail","hentry","product_cat-podklady-higieniczne","product_cat-tzmo","product_tag-co-na-roczek-dla-dziewczynki","product_tag-nietypowe-imiona-zenskie","product_tag-zagadki-dla-nastolatkow","product_tag-zagadki-logiczne-smieszne"],"_links":{"self":[{"href":"http:\/\/klubmamgdynia.pl\/index.php\/wp-json\/wp\/v2\/product\/1338","targetHints":{"allow":["GET"]}}],"collection":[{"href":"http:\/\/klubmamgdynia.pl\/index.php\/wp-json\/wp\/v2\/product"}],"about":[{"href":"http:\/\/klubmamgdynia.pl\/index.php\/wp-json\/wp\/v2\/types\/product"}],"replies":[{"embeddable":true,"href":"http:\/\/klubmamgdynia.pl\/index.php\/wp-json\/wp\/v2\/comments?post=1338"}],"wp:featuredmedia":[{"embeddable":true,"href":"http:\/\/klubmamgdynia.pl\/index.php\/wp-json\/wp\/v2\/media\/1339"}],"wp:attachment":[{"href":"http:\/\/klubmamgdynia.pl\/index.php\/wp-json\/wp\/v2\/media?parent=1338"}],"wp:term":[{"taxonomy":"product_cat","embeddable":true,"href":"http:\/\/klubmamgdynia.pl\/index.php\/wp-json\/wp\/v2\/product_cat?post=1338"},{"taxonomy":"product_tag","embeddable":true,"href":"http:\/\/klubmamgdynia.pl\/index.php\/wp-json\/wp\/v2\/product_tag?post=1338"}],"curies":[{"name":"wp","href":"https:\/\/api.w.org\/{rel}","templated":true}]}}