{"id":1340,"date":"2015-02-17T17:40:42","date_gmt":"2015-02-17T16:40:42","guid":{"rendered":"http:\/\/klubmamgdynia.pl\/index.php\/produkt\/kizz-im-herder-wie-ellabella-elefant-allein-den-weg-zu-oma-fand-bildkarten-furs-erzahltheater-kamishibai-wersja-niemiecka\/"},"modified":"2026-04-16T13:36:09","modified_gmt":"2026-04-16T11:36:09","slug":"kizz-im-herder-wie-ellabella-elefant-allein-den-weg-zu-oma-fand-bildkarten-furs-erzahltheater-kamishibai-wersja-niemiecka","status":"publish","type":"product","link":"http:\/\/klubmamgdynia.pl\/index.php\/produkt\/kizz-im-herder-wie-ellabella-elefant-allein-den-weg-zu-oma-fand-bildkarten-furs-erzahltheater-kamishibai-wersja-niemiecka\/","title":{"rendered":"Kizz Im Herder Wie Ellabella Elefant allein den Weg zu Oma fand. Bildkarten f\u00fcrs Erzahltheater Kamishibai (wersja niemiecka)"},"content":{"rendered":"<p>Ellabella Elefant darf zum ersten Mal allein zu Oma fahren. An der f\u00fcnften Haltestelle muss sie aussteigen. Kein Problem! Oder doch? Ausgerechnet an diesem Tag endet die Busfahrt an der vierten Haltestelle. Ein gro\u00dfer Festumzug mit vielen Tieren blockiert den Bus, und Ellabella muss aussteigen&#8230; Eine Geschichte, in der es darum geht, die eigenen St\u00e4rken zu entdecken und ihnen zu vertrauen. Geeignet f\u00fcr den Einsatz mit und ohne Holztheater.<\/p>\n<h2>Kizz Im Herder Wie Ellabella Elefant allein den Weg zu Oma fand. Bildkarten f\u00fcrs Erzahltheater Kamishibai (wersja niemiecka) <\/h2>\n<p>karaluchy pod poduchy, przedszkole drugi dom, kolorowanka myszka minnie, zagadki z odpowiedziami, kolorowanka ninjago, pikachu kolorowanka, asiunia test z lektury, quiz o \u015bwi\u0119tach bo\u017cego narodzenia, zagadki na my\u015blenie, kolorowanka uk\u0142ad s\u0142oneczny dla dzieci do druku, iwo imie, kolorowanki ninjago, tupu tup po \u015bniegu tekst, rozrywka dla dzieci, domowe syropy na zim\u0119, super zings kolorowanki, bajki do czytania psi patrol, jak rozmawia\u0107 z dzie\u0107mi o wojnie<\/p>\n<p>yyyyy<\/p>\n<p>&nbsp;<\/p>\n","protected":false},"excerpt":{"rendered":"<p>Ellabella Elefant darf zum ersten Mal allein zu Oma fahren. An der f\u00fcnften Haltestelle muss sie aussteigen. Kein Problem! Oder doch? Ausgerechnet an diesem Tag endet die Busfahrt an der vierten Haltestelle. Ein gro\u00dfer Festumzug mit vielen Tieren blockiert den Bus, und Ellabella muss aussteigen&#8230; Eine Geschichte, in der es darum geht, die eigenen St\u00e4rken [&hellip;]<\/p>\n","protected":false},"featured_media":1341,"comment_status":"closed","ping_status":"open","template":"","meta":[],"product_cat":[130],"product_tag":[617,641,791],"class_list":["post-1340","product","type-product","status-publish","has-post-thumbnail","hentry","product_cat-gry-dzieciece","product_tag-keyword","product_tag-trudne-zagadki-logiczne","product_tag-zagadki-na-myslenie"],"_links":{"self":[{"href":"http:\/\/klubmamgdynia.pl\/index.php\/wp-json\/wp\/v2\/product\/1340","targetHints":{"allow":["GET"]}}],"collection":[{"href":"http:\/\/klubmamgdynia.pl\/index.php\/wp-json\/wp\/v2\/product"}],"about":[{"href":"http:\/\/klubmamgdynia.pl\/index.php\/wp-json\/wp\/v2\/types\/product"}],"replies":[{"embeddable":true,"href":"http:\/\/klubmamgdynia.pl\/index.php\/wp-json\/wp\/v2\/comments?post=1340"}],"wp:featuredmedia":[{"embeddable":true,"href":"http:\/\/klubmamgdynia.pl\/index.php\/wp-json\/wp\/v2\/media\/1341"}],"wp:attachment":[{"href":"http:\/\/klubmamgdynia.pl\/index.php\/wp-json\/wp\/v2\/media?parent=1340"}],"wp:term":[{"taxonomy":"product_cat","embeddable":true,"href":"http:\/\/klubmamgdynia.pl\/index.php\/wp-json\/wp\/v2\/product_cat?post=1340"},{"taxonomy":"product_tag","embeddable":true,"href":"http:\/\/klubmamgdynia.pl\/index.php\/wp-json\/wp\/v2\/product_tag?post=1340"}],"curies":[{"name":"wp","href":"https:\/\/api.w.org\/{rel}","templated":true}]}}