{"id":1342,"date":"2020-11-13T23:18:51","date_gmt":"2020-11-13T22:18:51","guid":{"rendered":"http:\/\/klubmamgdynia.pl\/index.php\/produkt\/trefl-memos-maxi-bobaski-i-mis-02332\/"},"modified":"2026-04-13T20:06:56","modified_gmt":"2026-04-13T18:06:56","slug":"trefl-memos-maxi-bobaski-i-mis-02332","status":"publish","type":"product","link":"http:\/\/klubmamgdynia.pl\/index.php\/produkt\/trefl-memos-maxi-bobaski-i-mis-02332\/","title":{"rendered":"Trefl Memos Maxi Bobaski i mi\u015b 02332"},"content":{"rendered":"<p>Trefl Memos Maxi Bobaski i mi\u015b 02332Memos Maxi to doskona\u0142a pierwsza gra pami\u0119ciowa dla Twojego dziecka. Celem gry jest zebranie jak najwi\u0119kszej ilo\u015bci takich samych par kafelk\u00f3w.<\/p>\n<h2>Trefl Memos Maxi Bobaski i mi\u015b 02332 Trefl<\/h2>\n<p>prezent na roczek dla chrze\u015bniaka, koty rysunki, kartki na dobranoc dla przyjaci\u00f3\u0142, pies kolorowanka, bajki na dobranoc psi patrol, agroturystyka dla dzieci ze zwierz\u0119tami<\/p>\n<p>yyyyy<\/p>\n<p>&nbsp;<\/p>\n","protected":false},"excerpt":{"rendered":"<p>Trefl Memos Maxi Bobaski i mi\u015b 02332Memos Maxi to doskona\u0142a pierwsza gra pami\u0119ciowa dla Twojego dziecka. Celem gry jest zebranie jak najwi\u0119kszej ilo\u015bci takich samych par kafelk\u00f3w. Trefl Memos Maxi Bobaski i mi\u015b 02332 Trefl prezent na roczek dla chrze\u015bniaka, koty rysunki, kartki na dobranoc dla przyjaci\u00f3\u0142, pies kolorowanka, bajki na dobranoc psi patrol, agroturystyka [&hellip;]<\/p>\n","protected":false},"featured_media":1343,"comment_status":"closed","ping_status":"open","template":"","meta":[],"product_cat":[130,104],"product_tag":[871,802,598,797],"class_list":["post-1342","product","type-product","status-publish","has-post-thumbnail","hentry","product_cat-gry-dzieciece","product_cat-trefl","product_tag-bajka-o-smoku-wawelskim","product_tag-co-kupic-dziewczynce-na-roczek","product_tag-co-na-roczek-dla-dziewczynki","product_tag-kiekrz"],"_links":{"self":[{"href":"http:\/\/klubmamgdynia.pl\/index.php\/wp-json\/wp\/v2\/product\/1342","targetHints":{"allow":["GET"]}}],"collection":[{"href":"http:\/\/klubmamgdynia.pl\/index.php\/wp-json\/wp\/v2\/product"}],"about":[{"href":"http:\/\/klubmamgdynia.pl\/index.php\/wp-json\/wp\/v2\/types\/product"}],"replies":[{"embeddable":true,"href":"http:\/\/klubmamgdynia.pl\/index.php\/wp-json\/wp\/v2\/comments?post=1342"}],"wp:featuredmedia":[{"embeddable":true,"href":"http:\/\/klubmamgdynia.pl\/index.php\/wp-json\/wp\/v2\/media\/1343"}],"wp:attachment":[{"href":"http:\/\/klubmamgdynia.pl\/index.php\/wp-json\/wp\/v2\/media?parent=1342"}],"wp:term":[{"taxonomy":"product_cat","embeddable":true,"href":"http:\/\/klubmamgdynia.pl\/index.php\/wp-json\/wp\/v2\/product_cat?post=1342"},{"taxonomy":"product_tag","embeddable":true,"href":"http:\/\/klubmamgdynia.pl\/index.php\/wp-json\/wp\/v2\/product_tag?post=1342"}],"curies":[{"name":"wp","href":"https:\/\/api.w.org\/{rel}","templated":true}]}}