{"id":1346,"date":"2023-03-29T22:25:50","date_gmt":"2023-03-29T20:25:50","guid":{"rendered":"http:\/\/klubmamgdynia.pl\/?post_type=product&#038;p=1346"},"modified":"2026-04-12T13:42:45","modified_gmt":"2026-04-12T11:42:45","slug":"gra-planszowa-wortblitz-wersja-niemiecka","status":"publish","type":"product","link":"http:\/\/klubmamgdynia.pl\/index.php\/produkt\/gra-planszowa-wortblitz-wersja-niemiecka\/","title":{"rendered":"Gra planszowa Wortblitz (wersja niemiecka)"},"content":{"rendered":"<p>Warnhinweis:\u00a7ACHTUNG! Nicht geeignet f\u00fcr Kinder unter 3 Jahren. Erstickungsgefahr!\u00a7\u00a7.<\/p>\n<h2>Gra planszowa Wortblitz (wersja niemiecka) <\/h2>\n<p>karty pracy dla dzieci z ukrainy do druku, cytaty o przyja\u017ani kr\u00f3tkie, wiersz na dobranoc dla dzieci, prezent na dzien dziecka 7 lat, zadania dla dzieci z ukrainy, ma\u0142y ksi\u0105\u017c\u0119 cytaty o przyja\u017ani, farma dyni poznan, zosia samosia wiersz, cytat na dzie\u0144 matki, marcel imie, wyprawka warszawiaka 2021, sporty po francusku, zagadki kr\u00f3tkie, julian znaczenie imienia, m\u0105dre bajki dla dzieci do czytania, nauka zegara do druku pdf, cookie dough przepis<\/p>\n<p>yyyyy<\/p>\n<p>&nbsp;<\/p>\n","protected":false},"excerpt":{"rendered":"<p>Warnhinweis:\u00a7ACHTUNG! Nicht geeignet f\u00fcr Kinder unter 3 Jahren. Erstickungsgefahr!\u00a7\u00a7. Gra planszowa Wortblitz (wersja niemiecka) karty pracy dla dzieci z ukrainy do druku, cytaty o przyja\u017ani kr\u00f3tkie, wiersz na dobranoc dla dzieci, prezent na dzien dziecka 7 lat, zadania dla dzieci z ukrainy, ma\u0142y ksi\u0105\u017c\u0119 cytaty o przyja\u017ani, farma dyni poznan, zosia samosia wiersz, cytat na [&hellip;]<\/p>\n","protected":false},"featured_media":1347,"comment_status":"closed","ping_status":"open","template":"","meta":[],"product_cat":[235],"product_tag":[639,692,602,595],"class_list":["post-1346","product","type-product","status-publish","has-post-thumbnail","hentry","product_cat-gry-planszowe","product_tag-nela-imie","product_tag-prezenty-na-roczek","product_tag-quiz-o-zwierzetach-domowych","product_tag-zagadki-dla-6-latka"],"_links":{"self":[{"href":"http:\/\/klubmamgdynia.pl\/index.php\/wp-json\/wp\/v2\/product\/1346","targetHints":{"allow":["GET"]}}],"collection":[{"href":"http:\/\/klubmamgdynia.pl\/index.php\/wp-json\/wp\/v2\/product"}],"about":[{"href":"http:\/\/klubmamgdynia.pl\/index.php\/wp-json\/wp\/v2\/types\/product"}],"replies":[{"embeddable":true,"href":"http:\/\/klubmamgdynia.pl\/index.php\/wp-json\/wp\/v2\/comments?post=1346"}],"wp:featuredmedia":[{"embeddable":true,"href":"http:\/\/klubmamgdynia.pl\/index.php\/wp-json\/wp\/v2\/media\/1347"}],"wp:attachment":[{"href":"http:\/\/klubmamgdynia.pl\/index.php\/wp-json\/wp\/v2\/media?parent=1346"}],"wp:term":[{"taxonomy":"product_cat","embeddable":true,"href":"http:\/\/klubmamgdynia.pl\/index.php\/wp-json\/wp\/v2\/product_cat?post=1346"},{"taxonomy":"product_tag","embeddable":true,"href":"http:\/\/klubmamgdynia.pl\/index.php\/wp-json\/wp\/v2\/product_tag?post=1346"}],"curies":[{"name":"wp","href":"https:\/\/api.w.org\/{rel}","templated":true}]}}