{"id":1350,"date":"2021-12-25T10:22:33","date_gmt":"2021-12-25T09:22:33","guid":{"rendered":"http:\/\/klubmamgdynia.pl\/index.php\/produkt\/meteor-ks06-little-owl\/"},"modified":"2026-04-30T05:31:40","modified_gmt":"2026-04-30T03:31:40","slug":"meteor-ks06-little-owl","status":"publish","type":"product","link":"http:\/\/klubmamgdynia.pl\/index.php\/produkt\/meteor-ks06-little-owl\/","title":{"rendered":"Meteor Ks06 Little Owl"},"content":{"rendered":"<p>KASK ROWEROWY DZIECI\u0118CY METEOR KS06 LITTLE OWLKask zaprojektowany z my\u015bl\u0105 o najm\u0142odszych u\u017cytkownikach. Jego wielofunkcyjno\u015b\u0107 sprawia, \u017ce idealnie nadaje si\u0119 na rower, \u0142y\u017cworolki, wrotki, czy deskorolk\u0119. Zapewnia dziecku komfort tak\u017ce wtedy, gdy podr\u00f3\u017cuje ono w foteliku dzieci\u0119cym na Twoim rowerze.Wykonanie z wysokiej jako\u015bci materia\u0142\u00f3w gwarantuje wygod\u0119 i bezpiecze\u0144stwo. Prz\u00f3d kasku posiada lekko wyprofilowany daszek, kt\u00f3ry chroni buzi\u0119 przed urazami mog\u0105cymi powsta\u0107 w czasie upadku, wiatrem i s\u0142o\u0144cem, a co najwa\u017cniejsze nie ogranicza pola widzenia. Zaokr\u0105glona i mocno zabudowana tylna \u015bciana kasku zabezpiecza szczeg\u00f3lnie wra\u017cliw\u0105 potyliczn\u0105 cz\u0119\u015b\u0107 g\u0142owy dziecka.Kolejn\u0105 zalet\u0105 naszego produktu jest lekko\u015b\u0107, dzi\u0119ki czemu kask nie obci\u0105\u017ca delikatnych kr\u0119g\u00f3w szyjnych dziecka.Maj\u0105c na uwadze fakt, \u017ce g\u0142owa dziecka szybko ro\u015bnie, kask posiada regulacj\u0119 obwodu, kt\u00f3rej dokonuje si\u0119 za pomoc\u0105 p\u0142ynnie regulowanego, wielostopniowego pier\u015bcienia (system FIT SIZE- headlock). Dzi\u0119ki temu kask z \u0142atwo\u015bci\u0105 mo\u017cna dopasowa\u0107 do ka\u017cdego kszta\u0142tu i wielko\u015bci g\u0142owy. Dodatkowo, wewn\u0105trz kasku znajduj\u0105 si\u0119 zdejmowane elementy wy\u015bci\u00f3\u0142ki, kt\u00f3re mo\u017cna wielokrotnie pra\u0107 i suszy\u0107.Model ten wyposa\u017cony jest w sze\u015b\u0107 otwor\u00f3w zapewniaj\u0105cych sta\u0142y dop\u0142yw powietrza do wn\u0119trza kasku \u2013 system AIR FLOW. Wentylacja zabezpiecza sk\u00f3r\u0119 g\u0142owy przed nadmiernym poceniem, zwi\u0119kszaj\u0105c komfort jazdy ma\u0142ego podr\u00f3\u017cnika.Pastelowe kolory i bajkowe wzory sprawi\u0105, \u017ce dziecko z ch\u0119ci\u0105 na\u0142o\u017cy nasz produkt na g\u0142ow\u0119.Twoja pociecha b\u0119dzie zachwycona!Dane techniczne:Model: LITTLE OWLAerodynamiczny kszta\u0142tMateria\u0142 skorupy zewn\u0119trznej: PCVWewn\u0105trz materia\u0142 absorbuj\u0105cy: EPSCerty\ufb01kat &#8211; produkt zgodny z wymaganiami dyrektywy 89\/686\/EEC i normy EN 1078Wymiary kasku: XS (obw\u00f3d: 44 &#8211; 48cm)W\u0142a\u015bciwo\u015bci:System AIR FLOW &#8211; system wentylacji prowadzi strumie\u0144 powietrza przez otwory w skorupie kasku bez negatywnego wp\u0142ywu na jej stabilno\u015b\u0107System QUICK-RELEASE &#8211; sprz\u0105czki szybkiego zapi\u0119ciaSystem FIT SIZE &#8211; headlock wielostopniowy pier\u015bcie\u0144 p\u0142ynnej regulacji obwoduWewn\u0119trzne podk\u0142adki zapewniaj\u0105 komfort u\u017cytkowania w czasie jazdy oraz w\u0142a\u015bciwe dopasowanie kasku do kszta\u0142tu g\u0142owy.<\/p>\n<h2>Meteor Ks06 Little Owl Meteor<\/h2>\n<p>dyplomy do druku pdf, zagadki dla dzieci do druku, szablon serce kolorowanka, ma\u0142o nas do pieczenia chleba, ma\u0142y ksi\u0105\u017c\u0119 &#8211; test z odpowiedziami, test z dzieci z bullerbyn, test miko\u0142ajek 25 pyta\u0144, piosenka kiedy babcia by\u0142a ma\u0142a tekst, jak narysowa\u0107 psa, zagatki matematyczne<\/p>\n<p>yyyyy<\/p>\n<p>&nbsp;<\/p>\n","protected":false},"excerpt":{"rendered":"<p>KASK ROWEROWY DZIECI\u0118CY METEOR KS06 LITTLE OWLKask zaprojektowany z my\u015bl\u0105 o najm\u0142odszych u\u017cytkownikach. Jego wielofunkcyjno\u015b\u0107 sprawia, \u017ce idealnie nadaje si\u0119 na rower, \u0142y\u017cworolki, wrotki, czy deskorolk\u0119. Zapewnia dziecku komfort tak\u017ce wtedy, gdy podr\u00f3\u017cuje ono w foteliku dzieci\u0119cym na Twoim rowerze.Wykonanie z wysokiej jako\u015bci materia\u0142\u00f3w gwarantuje wygod\u0119 i bezpiecze\u0144stwo. Prz\u00f3d kasku posiada lekko wyprofilowany daszek, kt\u00f3ry [&hellip;]<\/p>\n","protected":false},"featured_media":1351,"comment_status":"closed","ping_status":"open","template":"","meta":[],"product_cat":[390,320],"product_tag":[666,726,675,869],"class_list":["post-1350","product","type-product","status-publish","has-post-thumbnail","hentry","product_cat-kaski-rowerowe","product_cat-meteor","product_tag-afrykanskie-imiona","product_tag-quiz-zemsta","product_tag-test-z-lektury-kajko-i-kokosz-szkola-latania","product_tag-zagadki-na-logike"],"_links":{"self":[{"href":"http:\/\/klubmamgdynia.pl\/index.php\/wp-json\/wp\/v2\/product\/1350","targetHints":{"allow":["GET"]}}],"collection":[{"href":"http:\/\/klubmamgdynia.pl\/index.php\/wp-json\/wp\/v2\/product"}],"about":[{"href":"http:\/\/klubmamgdynia.pl\/index.php\/wp-json\/wp\/v2\/types\/product"}],"replies":[{"embeddable":true,"href":"http:\/\/klubmamgdynia.pl\/index.php\/wp-json\/wp\/v2\/comments?post=1350"}],"wp:featuredmedia":[{"embeddable":true,"href":"http:\/\/klubmamgdynia.pl\/index.php\/wp-json\/wp\/v2\/media\/1351"}],"wp:attachment":[{"href":"http:\/\/klubmamgdynia.pl\/index.php\/wp-json\/wp\/v2\/media?parent=1350"}],"wp:term":[{"taxonomy":"product_cat","embeddable":true,"href":"http:\/\/klubmamgdynia.pl\/index.php\/wp-json\/wp\/v2\/product_cat?post=1350"},{"taxonomy":"product_tag","embeddable":true,"href":"http:\/\/klubmamgdynia.pl\/index.php\/wp-json\/wp\/v2\/product_tag?post=1350"}],"curies":[{"name":"wp","href":"https:\/\/api.w.org\/{rel}","templated":true}]}}