{"id":1354,"date":"2017-02-07T07:16:25","date_gmt":"2017-02-07T06:16:25","guid":{"rendered":"http:\/\/klubmamgdynia.pl\/index.php\/produkt\/egmont-kosmiczni-piraci\/"},"modified":"2026-04-06T14:49:32","modified_gmt":"2026-04-06T12:49:32","slug":"egmont-kosmiczni-piraci","status":"publish","type":"product","link":"http:\/\/klubmamgdynia.pl\/index.php\/produkt\/egmont-kosmiczni-piraci\/","title":{"rendered":"Egmont Kosmiczni Piraci"},"content":{"rendered":"<p>Zdob\u0105d\u017a skarby galaktyki! Celem gry jest zdobycie cennych pozaziemskich skarb\u00f3w. Gracze zarz\u0105dzaj\u0105 swoimi zespo\u0142ami poszukiwawczymi &#8211; przedstawionymi na kartach o r\u00f3\u017cnej sile.Wysy\u0142aj\u0105 swoich badaczy na planety, staraj\u0105c si\u0119 zdoby\u0107 przewag\u0119 nad rywalami. Musz\u0105 jednocze\u015bnie uwa\u017ca\u0107 na kosmiczne teleporty oraz pot\u0119\u017cny statek kosmit\u00f3w, kt\u00f3rego piracka za\u0142oga chce zagarn\u0105\u0107 najcenniejsze skarby. Gra ma bardzo proste regu\u0142y, mi\u0119dzy graczami ca\u0142y czas nast\u0119puje interakcja, a o zwyci\u0119stwie decyduje taktyka i umiej\u0119tno\u015b\u0107 przewidywania zagra\u0144 rywali.Karty zosta\u0142y ozdobione pi\u0119knymi grafikamiWiek graczy: 8+Liczba graczy: 3-5Czas rozgrywki: 30 min.                            <\/p>\n<p>            Obejrzyj wideo-recenzj\u0119:<\/p>\n<h2>Egmont Kosmiczni Piraci EGMONT<\/h2>\n<p>imiona z bajek, prezent dla nastolatek, r\u00f3\u017ca imie, zagadki o zwierz\u0119tach wiejskich<\/p>\n<p>yyyyy<\/p>\n<p>&nbsp;<\/p>\n","protected":false},"excerpt":{"rendered":"<p>Zdob\u0105d\u017a skarby galaktyki! Celem gry jest zdobycie cennych pozaziemskich skarb\u00f3w. Gracze zarz\u0105dzaj\u0105 swoimi zespo\u0142ami poszukiwawczymi &#8211; przedstawionymi na kartach o r\u00f3\u017cnej sile.Wysy\u0142aj\u0105 swoich badaczy na planety, staraj\u0105c si\u0119 zdoby\u0107 przewag\u0119 nad rywalami. Musz\u0105 jednocze\u015bnie uwa\u017ca\u0107 na kosmiczne teleporty oraz pot\u0119\u017cny statek kosmit\u00f3w, kt\u00f3rego piracka za\u0142oga chce zagarn\u0105\u0107 najcenniejsze skarby. Gra ma bardzo proste regu\u0142y, mi\u0119dzy [&hellip;]<\/p>\n","protected":false},"featured_media":1355,"comment_status":"closed","ping_status":"open","template":"","meta":[],"product_cat":[229,130],"product_tag":[626,807,821,606],"class_list":["post-1354","product","type-product","status-publish","has-post-thumbnail","hentry","product_cat-egmont","product_cat-gry-dzieciece","product_tag-jacek","product_tag-logiczne-zagadki","product_tag-marianna","product_tag-stala-pod-sniegiem"],"_links":{"self":[{"href":"http:\/\/klubmamgdynia.pl\/index.php\/wp-json\/wp\/v2\/product\/1354","targetHints":{"allow":["GET"]}}],"collection":[{"href":"http:\/\/klubmamgdynia.pl\/index.php\/wp-json\/wp\/v2\/product"}],"about":[{"href":"http:\/\/klubmamgdynia.pl\/index.php\/wp-json\/wp\/v2\/types\/product"}],"replies":[{"embeddable":true,"href":"http:\/\/klubmamgdynia.pl\/index.php\/wp-json\/wp\/v2\/comments?post=1354"}],"wp:featuredmedia":[{"embeddable":true,"href":"http:\/\/klubmamgdynia.pl\/index.php\/wp-json\/wp\/v2\/media\/1355"}],"wp:attachment":[{"href":"http:\/\/klubmamgdynia.pl\/index.php\/wp-json\/wp\/v2\/media?parent=1354"}],"wp:term":[{"taxonomy":"product_cat","embeddable":true,"href":"http:\/\/klubmamgdynia.pl\/index.php\/wp-json\/wp\/v2\/product_cat?post=1354"},{"taxonomy":"product_tag","embeddable":true,"href":"http:\/\/klubmamgdynia.pl\/index.php\/wp-json\/wp\/v2\/product_tag?post=1354"}],"curies":[{"name":"wp","href":"https:\/\/api.w.org\/{rel}","templated":true}]}}