{"id":1356,"date":"2016-12-03T00:10:20","date_gmt":"2016-12-02T23:10:20","guid":{"rendered":"http:\/\/klubmamgdynia.pl\/index.php\/produkt\/little-tikes-wielka-zjezdzalnia-czerwono-zielona-172816\/"},"modified":"2026-04-19T23:04:31","modified_gmt":"2026-04-19T21:04:31","slug":"little-tikes-wielka-zjezdzalnia-czerwono-zielona-172816","status":"publish","type":"product","link":"http:\/\/klubmamgdynia.pl\/index.php\/produkt\/little-tikes-wielka-zjezdzalnia-czerwono-zielona-172816\/","title":{"rendered":"Little Tikes &#8211; Wielka Zje\u017cd\u017calnia Czerwono-Zielona 172816"},"content":{"rendered":"<p>Little Tikes &#8211; Wielka zje\u017cd\u017calnia Czerwono-zielona                            <\/p>\n<p>Ta udoskonalona zje\u017cd\u017calnia wyposa\u017cona jest w \u015blizg o d\u0142ugo\u015bci 180 cm, wysokie \u015bcianki boczne i zaokr\u0105glone kraw\u0119dzie, umo\u017cliwiaj\u0105ce wygodn\u0105 i bezpieczn\u0105 zabaw\u0119. Zje\u017cd\u017calnia posiada wyj\u0105tkowy, nowoczesny kszta\u0142t stopni, wbudowane uchwyty, specjalnie wyprofilowane oparcie oraz szerok\u0105, stabiln\u0105 podstaw\u0119. Zje\u017cd\u017calni\u0119 mo\u017cna odblokowa\u0107 i z\u0142o\u017cy\u0107 w celu wygodnego przechowywania.<\/p>\n<h2>Little Tikes &#8211; Wielka Zje\u017cd\u017calnia Czerwono-Zielona 172816 Little Tikes<\/h2>\n<p>wr\u00f3\u017cby andrzejkowe dla dzieci online, cicha noc po angielsku, hejka tu lenka quizy, flagi pa\u0144stw quiz, dinozaury kolorowanki, znaczenie imienia gabriel<\/p>\n<p>yyyyy<\/p>\n<p>&nbsp;<\/p>\n","protected":false},"excerpt":{"rendered":"<p>Little Tikes &#8211; Wielka zje\u017cd\u017calnia Czerwono-zielona Ta udoskonalona zje\u017cd\u017calnia wyposa\u017cona jest w \u015blizg o d\u0142ugo\u015bci 180 cm, wysokie \u015bcianki boczne i zaokr\u0105glone kraw\u0119dzie, umo\u017cliwiaj\u0105ce wygodn\u0105 i bezpieczn\u0105 zabaw\u0119. Zje\u017cd\u017calnia posiada wyj\u0105tkowy, nowoczesny kszta\u0142t stopni, wbudowane uchwyty, specjalnie wyprofilowane oparcie oraz szerok\u0105, stabiln\u0105 podstaw\u0119. Zje\u017cd\u017calni\u0119 mo\u017cna odblokowa\u0107 i z\u0142o\u017cy\u0107 w celu wygodnego przechowywania. Little Tikes &#8211; [&hellip;]<\/p>\n","protected":false},"featured_media":1357,"comment_status":"closed","ping_status":"open","template":"","meta":[],"product_cat":[317,392],"product_tag":[844,720,646,661,799],"class_list":["post-1356","product","type-product","status-publish","has-post-thumbnail","hentry","product_cat-little-tikes","product_cat-zjezdzalnie","product_tag-co-kupic-na-roczek","product_tag-malowanki","product_tag-prezent-na-pierwsze-urodziny","product_tag-swinka-peppa-kolorowanka","product_tag-zagadka-logiczna"],"_links":{"self":[{"href":"http:\/\/klubmamgdynia.pl\/index.php\/wp-json\/wp\/v2\/product\/1356","targetHints":{"allow":["GET"]}}],"collection":[{"href":"http:\/\/klubmamgdynia.pl\/index.php\/wp-json\/wp\/v2\/product"}],"about":[{"href":"http:\/\/klubmamgdynia.pl\/index.php\/wp-json\/wp\/v2\/types\/product"}],"replies":[{"embeddable":true,"href":"http:\/\/klubmamgdynia.pl\/index.php\/wp-json\/wp\/v2\/comments?post=1356"}],"wp:featuredmedia":[{"embeddable":true,"href":"http:\/\/klubmamgdynia.pl\/index.php\/wp-json\/wp\/v2\/media\/1357"}],"wp:attachment":[{"href":"http:\/\/klubmamgdynia.pl\/index.php\/wp-json\/wp\/v2\/media?parent=1356"}],"wp:term":[{"taxonomy":"product_cat","embeddable":true,"href":"http:\/\/klubmamgdynia.pl\/index.php\/wp-json\/wp\/v2\/product_cat?post=1356"},{"taxonomy":"product_tag","embeddable":true,"href":"http:\/\/klubmamgdynia.pl\/index.php\/wp-json\/wp\/v2\/product_tag?post=1356"}],"curies":[{"name":"wp","href":"https:\/\/api.w.org\/{rel}","templated":true}]}}