{"id":1360,"date":"2011-10-29T08:10:54","date_gmt":"2011-10-29T06:10:54","guid":{"rendered":"http:\/\/klubmamgdynia.pl\/index.php\/produkt\/fifa-21-edycja-mistrzowska-xbox-one-key\/"},"modified":"2026-04-26T12:28:02","modified_gmt":"2026-04-26T10:28:02","slug":"fifa-21-edycja-mistrzowska-xbox-one-key","status":"publish","type":"product","link":"http:\/\/klubmamgdynia.pl\/index.php\/produkt\/fifa-21-edycja-mistrzowska-xbox-one-key\/","title":{"rendered":"FIFA 21 Edycja Mistrzowska (Xbox One Key)"},"content":{"rendered":"<p>Wygraj jako zesp\u00f3\u0142 w EA SPORTS\u2122 FIFA 21 dzi\u0119ki nowym sposobom wsp\u00f3lnej zabawy i wyka\u017c si\u0119 na ulicach i stadionach.FIFA 21 jest oparta na silniku graficznym Frostbite\u2122, kt\u00f3ry podnosi poprzeczk\u0119 dzi\u0119ki nowym funkcjom zapewniaj\u0105cym jeszcze wi\u0119ksze zwyci\u0119stwa w trybach VOLTA FOOTBALL i FIFA Ultimate Team\u2122, nowy poziom realizmu gry, kt\u00f3ry wynagradza za kreatywno\u015b\u0107 i kontrolowanie sytuacji, a do tego pozwala wykorzysta\u0107 ka\u017cd\u0105 chwil\u0119 w Trybie kariery i do\u015bwiadcza\u0107 niezr\u00f3wnanej autentyczno\u015bci gry pi\u0142karskiej.                            <\/p>\n<p>Wykorzystuj\u0105ca silnik Frostbite\u2122 gra FIFA 21 podnosi poprzeczk\u0119 atrakcyjnymi nowo\u015bciami:Ciesz si\u0119 jeszcze wi\u0119kszymi zwyci\u0119stwami wsp\u00f3lnie w SK\u0141ADACH VOLTA FOOTBALL i trybie wsp\u00f3\u0142pracy FIFA Ultimate Team.Poczuj now\u0105 jako\u015b\u0107 realistycznej rozgrywki nagradzaj\u0105cej kreatywno\u015b\u0107 i kontrol\u0119.Zarz\u0105dzaj ka\u017cd\u0105 chwil\u0105 w trybie kariery FIFA 21 dzi\u0119ki rozbudowanym meczom, transferom i treningowi.Ciesz si\u0119 niezr\u00f3wnanym realizmem \u015bwiata pi\u0142ki, w\u0142\u0105cznie z UEFA Champions League i CONMEBOL Libertadores.                            <\/p>\n<p>ROZGRYWKAPoczuj satysfakcj\u0119 z w\u0142asnej kreatywno\u015bci, z pi\u0142k\u0105 przy nodze i bez niej, w najbardziej inteligentnej rozgrywce FIFA w historii.                            <\/p>\n<p>Zwinny dryblingPrze\u015blizguj si\u0119 pomi\u0119dzy obro\u0144cami, dzi\u0119ki nowemu systemowi zwinnego dryblingu. Szybsza praca st\u00f3p daje Ci wi\u0119ksz\u0105 kontrol\u0119 i responsywno\u015b\u0107 w sytuacjach jeden na jeden. Nowe sztuczki sprawi\u0105, \u017ce zostawisz obro\u0144c\u00f3w z ty\u0142u.                            <\/p>\n<p>Charakterystyczne ustawianie si\u0119System charakterystycznego ustawiania si\u0119 zwi\u0119ksza znaczenie orientacji w otoczeniu. Napastnicy klasy \u015bwiatowej pozostaj\u0105 w linii ostatniego obro\u0144cy, aby nie zaliczy\u0107 ofsajdu. Rozgrywaj\u0105cy szukaj\u0105 miejsca pomi\u0119dzy liniami ataku i obrony, a najlepsi defensorzy efektywnie przecinaj\u0105 linie poda\u0144.                            <\/p>\n<p>Kreatywne rajdyKreatywne rajdy daj\u0105 Ci nowe opcje wp\u0142ywania na ruch dru\u017cyny bez pi\u0142ki, rewolucjonizuj\u0105c atak pozycyjny i daj\u0105c Ci wi\u0119cej mo\u017cliwo\u015bci pokonania obrony.                            <\/p>\n<p>Podstawy pi\u0142ki no\u017cnejW zwi\u0105zku z uwagami spo\u0142eczno\u015bci, dokonano zmian w podstawach pi\u0142ki no\u017cnej, dzi\u0119ki czemu rozgrywka w FIFA jest lepsza w ka\u017cdym miejscu boiska. System r\u0119cznego sterowania g\u0142\u00f3wkami, bardziej wywa\u017cone bloki, bardziej inteligentne podania i zwi\u0119kszona responsywno\u015b\u0107 daj\u0105 Ci wi\u0119cej kontroli z pi\u0142k\u0105 przy nodze i bez niej.                            <\/p>\n<p>TRYB KARIERYDecyduj o ka\u017cdym momencie drogi swojej dru\u017cyny na szczyt \u2013 sprawd\u017a now\u0105 g\u0142\u0119bi\u0119 mecz\u00f3w, transfer\u00f3w i trening\u00f3w.                            <\/p>\n<p>Interaktywna symulacja mecz\u00f3wOdkryj nowe sposoby na rozegranie sezonu z interaktywn\u0105 symulacj\u0105 mecz\u00f3w. Do\u0142\u0105czaj i opuszczaj mecze, aby wp\u0142yn\u0105\u0107 na przebieg akcji. Mo\u017cesz te\u017c przej\u0105\u0107 sterowanie w kluczowych momentach, takich jak rzuty karne czy wolne, aby zmieni\u0107 przebieg meczu.                            <\/p>\n<p>Rozw\u00f3j zawodnik\u00f3wLepiej zarz\u0105dzaj rozwojem graczy, poprzez zmieniony system rozwoju. Zmieniaj prawych obro\u0144c\u00f3w w prawych skrzyd\u0142owych, \u015brodkowych pomocnik\u00f3w w \u015brodkowych obro\u0144c\u00f3w i nie tylko. Monitoruj zmiany atrybut\u00f3w zawodnik\u00f3w podczas trening\u00f3w, aby sprawdzi\u0107, jak rozwija si\u0119 Tw\u00f3j zesp\u00f3\u0142.                            <\/p>\n<p>Gotowo\u015b\u0107 do meczuLepiej poznaj wyniki swojej dru\u017cyny, z nowym atrybutem gotowo\u015bci do meczu, kt\u00f3ry wskazuje, jak Twoi gracze zachowaj\u0105 si\u0119 w kluczowych momentach. Zwi\u0119ksz gotowo\u015b\u0107 graczy, u\u017cywaj\u0105c aktywnego systemu trening\u00f3w, kt\u00f3ry pozwala Ci zorganizowa\u0107 sesje treningowe i ulepszy\u0107 swoj\u0105 dru\u017cyn\u0119.                            <\/p>\n<p>Zarz\u0105dzanie aktywno\u015bciamiZaplanuj harmonogram trening\u00f3w dru\u017cyny, korzystaj\u0105c z nowego systemu zarz\u0105dzania aktywno\u015bciami. Decyduj, w kt\u00f3rych dniach tygodnia trenujecie, a kiedy odpoczywacie \u2013 wywa\u017c gotowo\u015b\u0107 do meczu, morale i kondycj\u0119.                            <\/p>\n<p>Rozszerzona SI przeciwnik\u00f3wRozszerzona SI przeciwnik\u00f3w oznacza, \u017ce rywale bardziej inteligentnie podchodz\u0105 do mecz\u00f3w. Nowe systemy pozwalaj\u0105 SI podejmowa\u0107 lepsze decyzje, je\u015bli chodzi o krycie, w\u015blizgi, podania i dryblingi. Podczas ka\u017cdego meczu czeka na Ciebie wi\u0119cej wyzwa\u0144.                            <\/p>\n<p>Nowe sposoby na zatrudnienie zawodnik\u00f3wTryb kariery w FIFA 21 zwi\u0119ksza realizm transfer\u00f3w, daj\u0105c zespo\u0142om sterowanym przez gracza i SI nowe sposoby na sprowadzanie graczy. Sk\u0142adaj oferty z wykupem po wypo\u017cyczeniu z opcjonalnymi lub obowi\u0105zkowymi przysz\u0142ymi op\u0142atami transferowymi, aby sprowadzi\u0107 jak najlepsze talenty do swojej dru\u017cyny. Odpowiadaj na proponowane wymiany, inicjowane przez mened\u017cer\u00f3w SI, i b\u0105d\u017a prawdziwym mistrzem rynku transferowego.                            <\/p>\n<p>FIFA 21 Edycja Mistrzowska\u00a0<\/p>\n<h2>FIFA 21 Edycja Mistrzowska (Xbox One Key) EA Sports<\/h2>\n<p>agroturystyka dla dzieci ze zwierz\u0119tami, \u017cyczenia wielkanocne dla dzieci kr\u00f3tkie, felix net i nika oraz gang niewidzialnych ludzi pytania i odpowiedzi, szablon zaproszenia na urodziny do wydruku czarno bia\u0142e, po \u0142\u0105ce biega lato tekst, quiz kajko i kokosz szko\u0142a latania, prezent dla dziewczynki na roczek, zagadki rymowanki dla dzieci, quizy flagi, sta\u0142a pod \u015bniegiem<\/p>\n<p>yyyyy<\/p>\n<p>&nbsp;<\/p>\n","protected":false},"excerpt":{"rendered":"<p>Wygraj jako zesp\u00f3\u0142 w EA SPORTS\u2122 FIFA 21 dzi\u0119ki nowym sposobom wsp\u00f3lnej zabawy i wyka\u017c si\u0119 na ulicach i stadionach.FIFA 21 jest oparta na silniku graficznym Frostbite\u2122, kt\u00f3ry podnosi poprzeczk\u0119 dzi\u0119ki nowym funkcjom zapewniaj\u0105cym jeszcze wi\u0119ksze zwyci\u0119stwa w trybach VOLTA FOOTBALL i FIFA Ultimate Team\u2122, nowy poziom realizmu gry, kt\u00f3ry wynagradza za kreatywno\u015b\u0107 i kontrolowanie [&hellip;]<\/p>\n","protected":false},"featured_media":1361,"comment_status":"closed","ping_status":"open","template":"","meta":[],"product_cat":[342,381],"product_tag":[854,677,749,602],"class_list":["post-1360","product","type-product","status-publish","has-post-thumbnail","hentry","product_cat-ea-sports","product_cat-gry-do-pobrania-na-xbox-one","product_tag-cytaty-rodzina","product_tag-milosz-imie","product_tag-najlepsze-zarty-na-prima-aprilis","product_tag-quiz-o-zwierzetach-domowych"],"_links":{"self":[{"href":"http:\/\/klubmamgdynia.pl\/index.php\/wp-json\/wp\/v2\/product\/1360","targetHints":{"allow":["GET"]}}],"collection":[{"href":"http:\/\/klubmamgdynia.pl\/index.php\/wp-json\/wp\/v2\/product"}],"about":[{"href":"http:\/\/klubmamgdynia.pl\/index.php\/wp-json\/wp\/v2\/types\/product"}],"replies":[{"embeddable":true,"href":"http:\/\/klubmamgdynia.pl\/index.php\/wp-json\/wp\/v2\/comments?post=1360"}],"wp:featuredmedia":[{"embeddable":true,"href":"http:\/\/klubmamgdynia.pl\/index.php\/wp-json\/wp\/v2\/media\/1361"}],"wp:attachment":[{"href":"http:\/\/klubmamgdynia.pl\/index.php\/wp-json\/wp\/v2\/media?parent=1360"}],"wp:term":[{"taxonomy":"product_cat","embeddable":true,"href":"http:\/\/klubmamgdynia.pl\/index.php\/wp-json\/wp\/v2\/product_cat?post=1360"},{"taxonomy":"product_tag","embeddable":true,"href":"http:\/\/klubmamgdynia.pl\/index.php\/wp-json\/wp\/v2\/product_tag?post=1360"}],"curies":[{"name":"wp","href":"https:\/\/api.w.org\/{rel}","templated":true}]}}