{"id":1362,"date":"2018-05-25T11:52:29","date_gmt":"2018-05-25T09:52:29","guid":{"rendered":"http:\/\/klubmamgdynia.pl\/index.php\/produkt\/portal-games-god-of-war\/"},"modified":"2026-04-06T04:50:49","modified_gmt":"2026-04-06T02:50:49","slug":"portal-games-god-of-war","status":"publish","type":"product","link":"http:\/\/klubmamgdynia.pl\/index.php\/produkt\/portal-games-god-of-war\/","title":{"rendered":"Portal Games God of War"},"content":{"rendered":"<p>God of War: Gra karciana to kooperacyjna gra karciana oparta na serii kultowych gier wideo.                            <\/p>\n<p>\u00a0                            <\/p>\n<p>God of War Nadchodzi Ragnar\u00f6k, spe\u0142nia si\u0119 przepowiadany zmierzch bog\u00f3w. Czy nic nie da si\u0119 ju\u017c zrobi\u0107? Norny, trzy boginie losu, w wiruj\u0105cych wodach Ur\u00f0r dostrzeg\u0142y promie\u0144 nadziei. Grupa bohater\u00f3w musi po\u0142\u0105czy\u0107 swe si\u0142y w walce ze \u015bmiertelnym wrogiem.                            <\/p>\n<p>\u00a0God of War: Gra karciana to kooperacyjna gra karciana oparta na serii kultowych gier wideo. By powstrzyma\u0107 koniec \u015bwiata, b\u0119dziecie musieli zaprzeczy\u0107 w\u0142asnemu przeznaczeniu. Czeka na Was sze\u015bciu bohater\u00f3w znanych z kultowej serii. Wcielicie si\u0119 w pot\u0119\u017cnego Kratosa, zr\u0119cznego Arteusa albo Frey\u0119, w\u0142adczyni\u0119 pradawnej magii. Ka\u017cdy z Was b\u0119dzie dysponowa\u0142 w\u0142asn\u0105, niepowtarzalna tali\u0105. Rozgrywka to nie jeden scenariusz, lecz kilka po\u0142\u0105czonych ze sob\u0105 historii, kt\u00f3re sami wybierzecie. Pami\u0119tajcie, koniec jest bliski, a Wy nie macie wyboru. Je\u017celi nie znajdziecie swoich wrog\u00f3w, oni znajd\u0105 Was.<br \/>\n\u00a0Atuty:Kooperacyjna gra karciana oparta na kultowej serii God of War.Sze\u015bciu bohater\u00f3w do wybory z indywidualnymi kartami startowymi i mechanik\u0105 budowania talii.Niepowtarzalna rozgrywka, w kt\u00f3rej gracze sami wybieraj\u0105 kolejne rozdzia\u0142y historii.\u00a0                            <\/p>\n<p>\u00a0                            <\/p>\n<p>\u00a0                            <\/p>\n<p>Zawarto\u015b\u0107:instrukcja6 portret\u00f3w bohater\u00f3w i 6 podstawek92 karty sceny6 kart zada\u01444 karty fina\u0142owych boss\u00f3w5 plansz bohater\u00f3w158 kart akcji10 kart og\u0142uszenia10 kart trucizny10 kart kryszta\u0142\u00f3w1 ko\u015b\u0107 przeciwnika100 kartonowych znacznik\u00f3w                            <\/p>\n<p>\u00a0                            <\/p>\n<p>\u00a0<\/p>\n<h2>Portal Games God of War Portal Games<\/h2>\n<p>z\u0142ote my\u015bli pedagogiczne, dyplomy szablony pdf, pomys\u0142y na dzie\u0144 dziecka dla nastolatk\u00f3w, flagi europy quiz, prezent dla nastolatka, zagadki dla dzieci 7-8 lat online, lato lato lato czeka tekst, bajki dla dzieci do czytania na dobranoc, wierszyki na \u015bmigus dyngus<\/p>\n<p>yyyyy<\/p>\n<p>&nbsp;<\/p>\n","protected":false},"excerpt":{"rendered":"<p>God of War: Gra karciana to kooperacyjna gra karciana oparta na serii kultowych gier wideo. \u00a0 God of War Nadchodzi Ragnar\u00f6k, spe\u0142nia si\u0119 przepowiadany zmierzch bog\u00f3w. Czy nic nie da si\u0119 ju\u017c zrobi\u0107? Norny, trzy boginie losu, w wiruj\u0105cych wodach Ur\u00f0r dostrzeg\u0142y promie\u0144 nadziei. Grupa bohater\u00f3w musi po\u0142\u0105czy\u0107 swe si\u0142y w walce ze \u015bmiertelnym wrogiem. [&hellip;]<\/p>\n","protected":false},"featured_media":1363,"comment_status":"closed","ping_status":"open","template":"","meta":[],"product_cat":[220,391],"product_tag":[676,754,830,653,595],"class_list":["post-1362","product","type-product","status-publish","has-post-thumbnail","hentry","product_cat-gry-karciane","product_cat-portal-games","product_tag-bursztynek","product_tag-dyplomy-do-wydrukowania-a4","product_tag-rodzina-cytaty","product_tag-warszawa-dla-dzieci","product_tag-zagadki-dla-6-latka"],"_links":{"self":[{"href":"http:\/\/klubmamgdynia.pl\/index.php\/wp-json\/wp\/v2\/product\/1362","targetHints":{"allow":["GET"]}}],"collection":[{"href":"http:\/\/klubmamgdynia.pl\/index.php\/wp-json\/wp\/v2\/product"}],"about":[{"href":"http:\/\/klubmamgdynia.pl\/index.php\/wp-json\/wp\/v2\/types\/product"}],"replies":[{"embeddable":true,"href":"http:\/\/klubmamgdynia.pl\/index.php\/wp-json\/wp\/v2\/comments?post=1362"}],"wp:featuredmedia":[{"embeddable":true,"href":"http:\/\/klubmamgdynia.pl\/index.php\/wp-json\/wp\/v2\/media\/1363"}],"wp:attachment":[{"href":"http:\/\/klubmamgdynia.pl\/index.php\/wp-json\/wp\/v2\/media?parent=1362"}],"wp:term":[{"taxonomy":"product_cat","embeddable":true,"href":"http:\/\/klubmamgdynia.pl\/index.php\/wp-json\/wp\/v2\/product_cat?post=1362"},{"taxonomy":"product_tag","embeddable":true,"href":"http:\/\/klubmamgdynia.pl\/index.php\/wp-json\/wp\/v2\/product_tag?post=1362"}],"curies":[{"name":"wp","href":"https:\/\/api.w.org\/{rel}","templated":true}]}}