{"id":1364,"date":"2022-06-08T08:02:03","date_gmt":"2022-06-08T06:02:03","guid":{"rendered":"http:\/\/klubmamgdynia.pl\/index.php\/produkt\/ses-zestaw-kuchenny-3-zabawka\/"},"modified":"2026-04-06T04:03:42","modified_gmt":"2026-04-06T02:03:42","slug":"ses-zestaw-kuchenny-3-zabawka","status":"publish","type":"product","link":"http:\/\/klubmamgdynia.pl\/index.php\/produkt\/ses-zestaw-kuchenny-3-zabawka\/","title":{"rendered":"Ses Zestaw Kuchenny 3 &#8211; Zabawka"},"content":{"rendered":"<p>Zamie\u0144 sw\u00f3j k\u0105cik zabaw w prawdziwy supermarket dzi\u0119ki tej drewnianej kasie i artyku\u0142om skle&#8230;<\/p>\n<h2>Ses Zestaw Kuchenny 3 &#8211; Zabawka Ses<\/h2>\n<p>test z tajemniczego ogrodu, quiz o samochodach, zagadki dla dzieci, zagadki dla dzieci 5 lat, traktor do druku, znaczenie imiona marcel, zagadki dla sze\u015bciolatk\u00f3w, prezent na roczek<\/p>\n<p>yyyyy<\/p>\n<p>&nbsp;<\/p>\n","protected":false},"excerpt":{"rendered":"<p>Zamie\u0144 sw\u00f3j k\u0105cik zabaw w prawdziwy supermarket dzi\u0119ki tej drewnianej kasie i artyku\u0142om skle&#8230; Ses Zestaw Kuchenny 3 &#8211; Zabawka Ses test z tajemniczego ogrodu, quiz o samochodach, zagadki dla dzieci, zagadki dla dzieci 5 lat, traktor do druku, znaczenie imiona marcel, zagadki dla sze\u015bciolatk\u00f3w, prezent na roczek yyyyy &nbsp;<\/p>\n","protected":false},"featured_media":1365,"comment_status":"closed","ping_status":"open","template":"","meta":[],"product_cat":[53,357],"product_tag":[654,732,692,576,592],"class_list":["post-1364","product","type-product","status-publish","has-post-thumbnail","hentry","product_cat-kaciki-zabaw","product_cat-ses","product_tag-krotkie-bajki-dla-dzieci-do-czytania","product_tag-prezent-dla-rocznego-chlopca","product_tag-prezenty-na-roczek","product_tag-trudne-zagadki","product_tag-zagadki-dla-dzieci"],"_links":{"self":[{"href":"http:\/\/klubmamgdynia.pl\/index.php\/wp-json\/wp\/v2\/product\/1364","targetHints":{"allow":["GET"]}}],"collection":[{"href":"http:\/\/klubmamgdynia.pl\/index.php\/wp-json\/wp\/v2\/product"}],"about":[{"href":"http:\/\/klubmamgdynia.pl\/index.php\/wp-json\/wp\/v2\/types\/product"}],"replies":[{"embeddable":true,"href":"http:\/\/klubmamgdynia.pl\/index.php\/wp-json\/wp\/v2\/comments?post=1364"}],"wp:featuredmedia":[{"embeddable":true,"href":"http:\/\/klubmamgdynia.pl\/index.php\/wp-json\/wp\/v2\/media\/1365"}],"wp:attachment":[{"href":"http:\/\/klubmamgdynia.pl\/index.php\/wp-json\/wp\/v2\/media?parent=1364"}],"wp:term":[{"taxonomy":"product_cat","embeddable":true,"href":"http:\/\/klubmamgdynia.pl\/index.php\/wp-json\/wp\/v2\/product_cat?post=1364"},{"taxonomy":"product_tag","embeddable":true,"href":"http:\/\/klubmamgdynia.pl\/index.php\/wp-json\/wp\/v2\/product_tag?post=1364"}],"curies":[{"name":"wp","href":"https:\/\/api.w.org\/{rel}","templated":true}]}}