{"id":1366,"date":"2016-06-05T03:53:13","date_gmt":"2016-06-05T01:53:13","guid":{"rendered":"http:\/\/klubmamgdynia.pl\/index.php\/produkt\/f1-2018-edycja-mistrzowska-gra-pc\/"},"modified":"2026-05-17T22:23:57","modified_gmt":"2026-05-17T20:23:57","slug":"f1-2018-edycja-mistrzowska-gra-pc","status":"publish","type":"product","link":"http:\/\/klubmamgdynia.pl\/index.php\/produkt\/f1-2018-edycja-mistrzowska-gra-pc\/","title":{"rendered":"F1 2018 Edycja Mistrzowska (gra PC)"},"content":{"rendered":"<p>ZOSTA\u0143 MISTRZEM W F1\u00ae 2018F1\u00ae 2018 to oficjalna gra FIA FORMULA ONE WORLD CHAMPIONSHIP\u2122 2018. Wkrocz do \u015bwiata Formu\u0142y 1\u00ae w dniu \u015bwiatowej premiery F1 2018 na PlayStation\u00ae4, Xbox One X oraz Windows PC.W grze znajd\u0105 si\u0119 wszystkie oficjalne zespo\u0142y, kierowcy oraz 21 tor\u00f3w sezonu 2018. F1\u00ae 2018 to te\u017c wielkie powroty. Po 10 latach przerwy, zn\u00f3w b\u0119dzie okazja \u015bciga\u0107 si\u0119 podczas Grand Prix Francji. Tym razem rywalizacja przeniesie si\u0119 na tor Paul Ricard \u2013 ostatnia impreza tej rangi odby\u0142a si\u0119 tutaj w 1990 roku. Do kalendarza imprez, po nieobecno\u015bci w poprzednim sezonie, wraca te\u017c Grand Prix Niemiec, kt\u00f3re odb\u0119dzie si\u0119 ju\u017c w lipcu na torze Hockenheimring.Zadbaj o swoj\u0105 reputacj\u0119 na torze i poza nim. Sta\u0144 w ogniu pyta\u0144 reporter\u00f3w i udzielaj wywiad\u00f3w, kt\u00f3re mog\u0105 odmieni\u0107 twoj\u0105 karier\u0119 w F1. Masz dusz\u0119 sportowca czy gwiazdora? B\u0119dziesz pracowa\u0142 wsp\u00f3lnie z zespo\u0142em nad sukcesem, czy wyr\u0119czysz si\u0119 agentem? W F1 2018 to ty decydujesz.JESZCZE WI\u0118CEJ KLASYCZNYCH BOLID\u00d3W F1NAJWIERNIEJSZA SYMULACJA MODELU JAZDY BOLIDU F1OL\u015aNIEWAJ\u0104CA GRAFIKA I NOWE TORY SEZONU 2018: PAUL RICARD I HOCKENHEIMZam\u00f3w EDYCJ\u0118 MISTRZOWSK\u0104 F1\u00ae 2018 przed premier\u0105, by otrzyma\u0107 gr\u0119 F1\u00ae 2018 oraz F1\u00ae 2018 \u2018PAKIET DODATK\u00d3W EDYCJI MISTRZOWSKIEJ\u2019Dzi\u0119ki F1\u00ae 2018 \u2018PAKIET DODATK\u00d3W EDYCJI MISTRZOWSKIEJ\u2019 uzupe\u0142nisz swoj\u0105 kolekcj\u0119 legendarnych bolid\u00f3w F1\u00ae o BRAWN BGP-001 z 2009 roku oraz WILLIAMS FW25 z 2003 roku.<\/p>\n<h2>F1 2018 Edycja Mistrzowska (gra PC) Techland<\/h2>\n<p>cytaty na dzien dziecka, ozdoby \u015bwi\u0105teczne z rolek po papierze toaletowym, bajki do czytania dla niemowl\u0105t, prezent dla nastolatk\u00f3w, w uk\u0142adzie s\u0142onecznym, kanapki dla dzieci, zagadki zimowe dla dzieci, zagadki dla nastolatk\u00f3w, test ch\u0142opcy z placu broni klasa 5, prezent dla dwunastolatka<\/p>\n<p>yyyyy<\/p>\n<p>&nbsp;<\/p>\n","protected":false},"excerpt":{"rendered":"<p>ZOSTA\u0143 MISTRZEM W F1\u00ae 2018F1\u00ae 2018 to oficjalna gra FIA FORMULA ONE WORLD CHAMPIONSHIP\u2122 2018. Wkrocz do \u015bwiata Formu\u0142y 1\u00ae w dniu \u015bwiatowej premiery F1 2018 na PlayStation\u00ae4, Xbox One X oraz Windows PC.W grze znajd\u0105 si\u0119 wszystkie oficjalne zespo\u0142y, kierowcy oraz 21 tor\u00f3w sezonu 2018. F1\u00ae 2018 to te\u017c wielkie powroty. Po 10 latach [&hellip;]<\/p>\n","protected":false},"featured_media":1367,"comment_status":"closed","ping_status":"open","template":"","meta":[],"product_cat":[222,360],"product_tag":[706,656,780,735,600],"class_list":["post-1366","product","type-product","status-publish","has-post-thumbnail","hentry","product_cat-gry-pc","product_cat-techland","product_tag-imie-kuba","product_tag-kolorowanki-lol","product_tag-krecik-bajka","product_tag-prezent-na-roczek-dziewczynka","product_tag-zaproszenia-na-urodziny-do-druku"],"_links":{"self":[{"href":"http:\/\/klubmamgdynia.pl\/index.php\/wp-json\/wp\/v2\/product\/1366","targetHints":{"allow":["GET"]}}],"collection":[{"href":"http:\/\/klubmamgdynia.pl\/index.php\/wp-json\/wp\/v2\/product"}],"about":[{"href":"http:\/\/klubmamgdynia.pl\/index.php\/wp-json\/wp\/v2\/types\/product"}],"replies":[{"embeddable":true,"href":"http:\/\/klubmamgdynia.pl\/index.php\/wp-json\/wp\/v2\/comments?post=1366"}],"wp:featuredmedia":[{"embeddable":true,"href":"http:\/\/klubmamgdynia.pl\/index.php\/wp-json\/wp\/v2\/media\/1367"}],"wp:attachment":[{"href":"http:\/\/klubmamgdynia.pl\/index.php\/wp-json\/wp\/v2\/media?parent=1366"}],"wp:term":[{"taxonomy":"product_cat","embeddable":true,"href":"http:\/\/klubmamgdynia.pl\/index.php\/wp-json\/wp\/v2\/product_cat?post=1366"},{"taxonomy":"product_tag","embeddable":true,"href":"http:\/\/klubmamgdynia.pl\/index.php\/wp-json\/wp\/v2\/product_tag?post=1366"}],"curies":[{"name":"wp","href":"https:\/\/api.w.org\/{rel}","templated":true}]}}