{"id":137,"date":"2013-09-29T04:59:32","date_gmt":"2013-09-29T02:59:32","guid":{"rendered":"http:\/\/klubmamgdynia.pl\/index.php\/produkt\/super-toys-maserati-grancabrio-my18-z-amortyzatorami-pilot-panel-radio-fm-bluetooth-s302\/"},"modified":"2026-04-04T05:57:50","modified_gmt":"2026-04-04T03:57:50","slug":"super-toys-maserati-grancabrio-my18-z-amortyzatorami-pilot-panel-radio-fm-bluetooth-s302","status":"publish","type":"product","link":"http:\/\/klubmamgdynia.pl\/index.php\/produkt\/super-toys-maserati-grancabrio-my18-z-amortyzatorami-pilot-panel-radio-fm-bluetooth-s302\/","title":{"rendered":"Super-Toys Maserati Grancabrio My18 Z Amortyzatorami Pilot Panel Radio Fm Bluetooth\/S302"},"content":{"rendered":"<p>Absolutna nowo\u015b\u0107:MASERATI GRANCABRIO MY18 Z AMORTYZATORAMI, PILOT, PANEL, RADIO FM, BLUETOOTH\/S302Model w kolorze czarnym:\u200bOpis na podstawie wybranego koloru:\u200bR\u0105czka do holowania z przodu:\u200bK\u00f3\u0142ka z ty\u0142u.\u200b\u200bMi\u0119kkie ko\u0142a EVA z logiem.\u200bMi\u0119kkie siedzenie z logiem i pasami.\u200bKierownica z klaksonem i klawiszem obs\u0142uguj\u0105cym panel.\u200bOd lewej, d\u017awignia &#8211; lewarek zmainy kierunku jazy.Panel.Wej\u015bcie na USB, bluetooth, radio FM.Przyciski do regulacji g\u0142o\u015bno\u015bci oraz obs\u0142ugi urz\u0105dze\u0144 zewn\u0119trznych.Mo\u017cliwo\u015b\u0107 zmiany pr\u0119dko\u015bci jazdy, w\u0142aczenia innego trybu \u015bwiate\u0142 lub ich wy\u0142aczenia.Wska\u017anika na\u0142adowania akumulatora.Przycisk START do uruchamiania pojazdu.Wej\u015bcie do \u0142adowania akumulatora w panelu.\u200bO\u015bwietlenie pojazdu.\u015awiat\u0142a pracuj\u0105 w dw\u00f3ch trybach &#8211; zapalone lub pulsuj\u0105ce.Mo\u017cliwo\u015b\u0107 ca\u0142kowitego ich wy\u0142\u0105czenia.\u200b\u200b\u200bOpis przedmiotu:Auto MASERATI GRANCABRIO w wersji z radiem FM zachwyci ca\u0142\u0105 pewno\u015bci zainteresuje m\u0142odego wielbiciela tej marki nap\u0119dzane jest 2 mocnymi silnikami STRONG2.Pi\u0119kne wykonanie pojazdu, mi\u0119kkie ko\u0142a EVA, mi\u0119kkie siedzenie z i pasami bezpiecze\u0144stwa oraz otwierane drzwnadaj\u0105 wygl\u0105d prawdziwego pojazdu.Pojazd posiada dwie pr\u0119dko\u015bci jazdy manualnej oraz 3 pr\u0119dko\u015bci z pilota.Komforty zapewnia system ESW &#8211; system zapewniaj\u0105cy delikatne ruszanie oraz zatrzymywanie pojazdu.Pojazd uruchamiany jest za pomoc\u0105 w\u0142\u0105cznika , pojazd posiada ciekawe o\u015bwietlenie. Panel wysposa\u017cony jest w wej\u015bcie USB, AUX. Auto posiada amortyzatory , kt\u00f3re zapewniaj\u0105 m\u0142odemu kierowcy pe\u0142en komfort jazdy podczas jazdy w terenie. Du\u017ce mi\u0119kkie ko\u0142a EVAPod\u015bwietlana deska rozdzielcza pojazdu wraz z panelem , pod\u0142\u0105czenie USB, funkcja BLUETOOTH i RADIEM FM &#8211; daje mo\u017cliwo\u015b\u0107 po\u0142\u0105czenia np. telefonuPilot zdalnego sterowania w technologii 2.4 GhzRodzice maj\u0105 pe\u0142n\u0105 kontrol\u0119 nad jazd\u0105 Pociechy &#8211; w ka\u017cdej chwili mog\u0105 zareagowa\u0107 pilotem na jazd\u0119 swojego Dziecka ( w innych modelach jest mo\u017cliwa jazda na zdalnym sterowaniu tylko po prze\u0142\u0105czeniu w\u0142\u0105cznika R\/C, tutaj takiego prze\u0142\u0105cznika nie ma). Dzi\u0119ki w\u0142a\u015bnie takiemu rozwi\u0105zaniu kiedy Rodzice widz\u0105 \u017ce dziecko jedzie w z\u0142ym kierunku mog\u0105 natychmiast zareagowa\u0107 pilotem &#8211; zmieni\u0107 kierunek jazdy lub w tej wersji natychmiast zatrzyma\u0107 pojazd &#8211; funkcja STOP w pilocie. Dodatkowo z pilota jest mo\u017cliwe ustawienie 1 z 3 pr\u0119dko\u015bci jazdy. Zdecydowanie jest to jedno z najbezpieczniejszych i najlepszych rozwi\u0105za\u0144 w pojazdach na akumulator.Symbol katalogowy modelu:S-302Marka:MASERATI GRANCABRIOTyp:AUTOIlo\u015b\u0107 miejsc:Pojazd dla 1 dzieckaParametry techniczne:Karoseria:PlastikowaSilniki nap\u0119dowe:2 x 45 WZasilanie:Akumulator 1 x 12V 7 Ah, AGM\u0141adowarka:230V 50 Hz 12VDC 1000 MAWej\u015bcie do \u0142adowania w paneluPilot zdalnego strerowaniaTakIlo\u015b\u0107 bieg\u00f3w:Jazda manualna jazda w prz\u00f3d i w ty\u0142 Dwie pr\u0119dko\u015bci jazdy &#8211; do przodu i do ty\u0142u Trzy pr\u0119dko\u015bci jazdy za pomoc\u0105 pilota Wyposa\u017cenie pojazdu:Siedzenie:Mi\u0119kkie z pasami Ko\u0142a: Mi\u0119kkie EVA Otwierane drzwi:Tak,O\u015bwietlenie:Prz\u00f3d i ty\u0142 &#8211; ledy mo\u017cliwo\u015b\u0107 wy\u0142\u0105czenie o\u015bwietlenia w panelu pod\u015bwietlana deska Efekty d\u017awi\u0119kowe:D\u017awi\u0119ki w panelu, piosenki, opowie\u015bci D\u017awi\u0119ki w kierownicy klakson D\u017awi\u0119ki pracy silnika i odpalania Kluczyki:NieAmortyzatory:Tak, prz\u00f3d, ty\u0142 Panel:Tak, W panelu wska\u017anik na\u0142adowania akumulatora, wej\u015bcie na USB, AUX, Bluetooth, Radio FM, regulacja pr\u0119dko\u015bci, w\u0142\u0105czanie\/wy\u0142. \u015bwiate\u0142 regulacja g\u0142osno\u015bci piosenki Wymiary pojazdu, jazda, obci\u0105\u017cenie i funkcje dodatkowe:Wymiary pojazdu:d\u0142ugo\u015b\u0107 ok. 120 cm szeroko\u015b\u0107 ok.: 71 cm wysoko\u015b\u0107 przy siedzeniu ok.: 51 cm wysoko\u015b\u0107 do kierownicy ok: 51 cm wysoko\u015b\u0107 drzwi ok. 33 cm wymiar siedziska &#8211; szeroko\u015b\u0107 ok.: 38 cm odleg\u0142o\u015b\u0107 oparcia od peda\u0142u gazu: ok 64 cm ko\u0142o ok.: 24&#215;9 cm prze\u015bwit od pod\u0142o\u017ca ok.: 8 cm Max.obci\u0105\u017cenie pojazu:35 kgWaga pojazdu:ok. 16 kgWymiar opakowania:123 cm x 62 cm x 33 cmWaga z opakowaniem ok.:20 kgPr\u0119dko\u015b\u0107 i jazda:dwie pr\u0119dko\u015bci jazdy &#8211; szybko\/wolno &#8211; manulanie trzy pr\u0119dko\u015bci jazdy z pilota Hamowanie:Pojazd hamuje po zdj\u0119ciu nogi z gazu lub po naci\u015bni\u0119ciu przycisku STOP na pilocieCzas \u0142adowania:8 do 12 godzin,zasilacza nie nale\u017cy pozostawia\u0107 w \u017ar\u00f3dle zasilania, gdy pojazd nie jest \u0142adowanyCzas jazdy:do 1,5 godziny jazdy, w zale\u017cno\u015bci od warunk\u00f3w zewn\u0119trzych i obci\u0105\u017ceniaDodatkowe funkcje:panel o\u015bwietlenie mi\u0119kkie ko\u0142a mi\u0119kkie siedzenie otwierane drzwi r\u0105czka+ k\u00f3\u0142ka do holowania sk\u0142adane lusterka Gwarancja:Pisemna 12 miesi\u0119cyWysy\u0142ka i monta\u017c:Pojazd do samodzielnego monta\u017cu, wysy\u0142any w oryginalnym kartonie &#8211; czas monta\u017cu ok. 20 do 30 minut *Czas monta\u017cu zale\u017cy od umiej\u0119tno\u015bci osoby montuj\u0105cej.Tablica rejestracyjna:Prz\u00f3d: 15,5 cm x 2,5 cmTy\u0142: 15,5 cm x 2,5 cmGwarancja :12 miesi\u0119cyZnak zgodno\u015bci i certyfikaty:W zestawie:zasilacz akumulator instrukcja w j\u0119zyku polskim pisemna gwarancja Dbamy o bezpiecze\u0144stwo dzieci. Wszystkie nasze pojazdy posiadaj\u0105 wszystkie wymagane atesty i certyfikaty.Ostrze\u017cenia:1. Monta\u017c musi by\u0107 wykonany przez osob\u0119 doros\u0142\u0105.2. Jazda zawsze musi odbywa\u0107 si\u0119 pod nadzorem osoby doros\u0142ej nie nale\u017cy je\u017adzi\u0107 po drogach publicznych ( w ruchu publicznym) w pobli\u017cu miejsc niebezpiecznych, mo\u017ce to skutkowa\u0107 wypadkiem.3. Nale\u017cy stosowa\u0107 wyposa\u017cenie ochronne typu kask, ochraniacze na kolana, ochraniacze na \u0142okcie.4. Przeznaczenie od: 3 do 6 lat.<\/p>\n<h2>Super-Toys Maserati Grancabrio My18 Z Amortyzatorami Pilot Panel Radio Fm Bluetooth\/S302 Super-Toys<\/h2>\n<p>\u0142amig\u0142\u00f3wki dla dzieci, labirynty dla dzieci, ksi\u0105\u017cka dla dzieci online, atrakcje dla dzieci tr\u00f3jmiasto, quiz o tajemniczym ogrodzie, bajki dla dzieci czytane, przysz\u0142a zima bia\u0142a, ciekawe zagadki i odpowiedzi, kanapki na urodziny dziecka, cytaty na dzie\u0144 nauczyciela<\/p>\n<p>yyyyy<\/p>\n<p>&nbsp;<\/p>\n","protected":false},"excerpt":{"rendered":"<p>Absolutna nowo\u015b\u0107:MASERATI GRANCABRIO MY18 Z AMORTYZATORAMI, PILOT, PANEL, RADIO FM, BLUETOOTH\/S302Model w kolorze czarnym:\u200bOpis na podstawie wybranego koloru:\u200bR\u0105czka do holowania z przodu:\u200bK\u00f3\u0142ka z ty\u0142u.\u200b\u200bMi\u0119kkie ko\u0142a EVA z logiem.\u200bMi\u0119kkie siedzenie z logiem i pasami.\u200bKierownica z klaksonem i klawiszem obs\u0142uguj\u0105cym panel.\u200bOd lewej, d\u017awignia &#8211; lewarek zmainy kierunku jazy.Panel.Wej\u015bcie na USB, bluetooth, radio FM.Przyciski do regulacji g\u0142o\u015bno\u015bci oraz [&hellip;]<\/p>\n","protected":false},"featured_media":138,"comment_status":"closed","ping_status":"open","template":"","meta":[],"product_cat":[24,51],"product_tag":[610,716,723,788],"class_list":["post-137","product","type-product","status-publish","has-post-thumbnail","hentry","product_cat-samochody-dla-dzieci","product_cat-super-toys","product_tag-co-na-prezent-dla-nastolatkow","product_tag-filmy-animowane-o-swietach","product_tag-krotkie-bajki-do-czytania-na-dobranoc","product_tag-zagadki-krotkie"],"_links":{"self":[{"href":"http:\/\/klubmamgdynia.pl\/index.php\/wp-json\/wp\/v2\/product\/137","targetHints":{"allow":["GET"]}}],"collection":[{"href":"http:\/\/klubmamgdynia.pl\/index.php\/wp-json\/wp\/v2\/product"}],"about":[{"href":"http:\/\/klubmamgdynia.pl\/index.php\/wp-json\/wp\/v2\/types\/product"}],"replies":[{"embeddable":true,"href":"http:\/\/klubmamgdynia.pl\/index.php\/wp-json\/wp\/v2\/comments?post=137"}],"wp:featuredmedia":[{"embeddable":true,"href":"http:\/\/klubmamgdynia.pl\/index.php\/wp-json\/wp\/v2\/media\/138"}],"wp:attachment":[{"href":"http:\/\/klubmamgdynia.pl\/index.php\/wp-json\/wp\/v2\/media?parent=137"}],"wp:term":[{"taxonomy":"product_cat","embeddable":true,"href":"http:\/\/klubmamgdynia.pl\/index.php\/wp-json\/wp\/v2\/product_cat?post=137"},{"taxonomy":"product_tag","embeddable":true,"href":"http:\/\/klubmamgdynia.pl\/index.php\/wp-json\/wp\/v2\/product_tag?post=137"}],"curies":[{"name":"wp","href":"https:\/\/api.w.org\/{rel}","templated":true}]}}